{"id":88436,"date":"2024-09-06T10:38:42","date_gmt":"2024-09-06T08:38:42","guid":{"rendered":"https:\/\/it3d.com\/?post_type=product&#038;p=88436"},"modified":"2025-11-18T22:51:11","modified_gmt":"2025-11-18T21:51:11","slug":"tumaker-alimentador-automatico-de-pellets","status":"publish","type":"product","link":"https:\/\/it3d.com\/en\/tienda\/tumaker-alimentador-automatico-de-pellets\/","title":{"rendered":"TUMAKER Alimentador autom\u00e1tico de pellets"},"content":{"rendered":"","protected":false},"excerpt":{"rendered":"<div class=\"elementor-element elementor-element-815f9c5 elementor-widget elementor-widget-heading\" data-id=\"815f9c5\" data-element_type=\"widget\" data-widget_type=\"heading.default\">\n<div class=\"elementor-widget-container\">\n<h6 class=\"elementor-heading-title elementor-size-default\">El complemento perfecto de tu impresora 3D con Pellets<\/h6>\n<\/div>\n<\/div>\n<div class=\"elementor-element elementor-element-6424dcd elementor-widget elementor-widget-text-editor\" data-id=\"6424dcd\" data-element_type=\"widget\" data-widget_type=\"text-editor.default\">\n<div class=\"elementor-widget-container\">\n<p>El Alimentador Autom\u00e1tico de Pellets nutre de manera independiente y directa la tolva del cabezal. Este mecanismo libera al usuario y le permite desentenderse de la rutina que supone alimentar de manera manual el extrusor.<\/p>\n<p>Unificar en una misma impresora 3D las ventajas de la fabricaci\u00f3n aditiva con Pellets y la automatizaci\u00f3n que posibilita el Alimentador Autom\u00e1tico, conforma una m\u00e1quina \u00fanica en el sector.<\/p>\n<p>El alimentador cuenta con un dep\u00f3sito inicial de 40 cm de altura para albergar 7,06 dm\u00b3 de pellet. Adem\u00e1s, incorpora un sensor de fin de material en la punta para gestionar el suministro autom\u00e1tico de Pellets. En la base del alimentador, un sensor de temperatura y humedad gestionan estos datos para mantenerlo en las condiciones \u00f3ptimas.<\/p>\n<\/div>\n<\/div>\n","protected":false},"featured_media":88449,"comment_status":"closed","ping_status":"closed","template":"","meta":{"content-type":"","generate_page_header":"","iawp_total_views":2},"product_brand":[379],"product_cat":[401,400],"product_tag":[],"class_list":{"0":"post-88436","1":"product","2":"type-product","3":"status-publish","4":"has-post-thumbnail","6":"product_brand-tumaker","7":"product_cat-impresion-pellets","8":"product_cat-outlet","9":"no-featured-image-padding","10":"resize-featured-image","11":"sales-flash-overlay","12":"woocommerce-text-align-center","13":"woocommerce-image-align-center","14":"do-quantity-buttons","16":"first","17":"outofstock","18":"sale","19":"taxable","20":"shipping-taxable","21":"purchasable","22":"product-type-simple"},"exclude_global_add_ons":[],"addons":[],"yoast_head":"<!-- This site is optimized with the Yoast SEO plugin v27.4 - https:\/\/yoast.com\/product\/yoast-seo-wordpress\/ -->\n<title>TUMAKER Alimentador autom\u00e1tico de pellets - IT3D<\/title>\n<meta name=\"description\" content=\"Escanea f\u00e1cilmente objetos para su posterior impresi\u00f3n en 3D o utilizaci\u00f3n en Realidad Aumentada y Realidad Virtual.\" \/>\n<meta name=\"robots\" content=\"index, follow, max-snippet:-1, max-image-preview:large, max-video-preview:-1\" \/>\n<link rel=\"canonical\" href=\"https:\/\/it3d.com\/en\/tienda\/tumaker-alimentador-automatico-de-pellets\/\" \/>\n<meta property=\"og:locale\" content=\"en_US\" \/>\n<meta property=\"og:type\" content=\"article\" \/>\n<meta property=\"og:title\" content=\"TUMAKER Alimentador autom\u00e1tico de pellets - IT3D\" \/>\n<meta property=\"og:description\" content=\"Escanea f\u00e1cilmente objetos para su posterior impresi\u00f3n en 3D o utilizaci\u00f3n en Realidad Aumentada y Realidad Virtual.\" \/>\n<meta property=\"og:url\" content=\"https:\/\/it3d.com\/en\/tienda\/tumaker-alimentador-automatico-de-pellets\/\" \/>\n<meta property=\"og:site_name\" content=\"IT3D\" \/>\n<meta property=\"article:modified_time\" content=\"2025-11-18T21:51:11+00:00\" \/>\n<meta property=\"og:image\" content=\"https:\/\/it3d.com\/wp-content\/uploads\/2024\/09\/Pellet15-1.png\" \/>\n\t<meta property=\"og:image:width\" content=\"1200\" \/>\n\t<meta property=\"og:image:height\" content=\"1800\" \/>\n\t<meta property=\"og:image:type\" content=\"image\/png\" \/>\n<meta name=\"twitter:card\" content=\"summary_large_image\" \/>\n<meta name=\"twitter:label1\" content=\"Est. reading time\" \/>\n\t<meta name=\"twitter:data1\" content=\"1 minute\" \/>\n<script type=\"application\/ld+json\" class=\"yoast-schema-graph\">{\"@context\":\"https:\\\/\\\/schema.org\",\"@graph\":[{\"@type\":\"WebPage\",\"@id\":\"https:\\\/\\\/it3d.com\\\/en\\\/tienda\\\/tumaker-alimentador-automatico-de-pellets\\\/\",\"url\":\"https:\\\/\\\/it3d.com\\\/en\\\/tienda\\\/tumaker-alimentador-automatico-de-pellets\\\/\",\"name\":\"TUMAKER Alimentador autom\u00e1tico de pellets - IT3D\",\"isPartOf\":{\"@id\":\"https:\\\/\\\/it3d.com\\\/en\\\/#website\"},\"primaryImageOfPage\":{\"@id\":\"https:\\\/\\\/it3d.com\\\/en\\\/tienda\\\/tumaker-alimentador-automatico-de-pellets\\\/#primaryimage\"},\"image\":{\"@id\":\"https:\\\/\\\/it3d.com\\\/en\\\/tienda\\\/tumaker-alimentador-automatico-de-pellets\\\/#primaryimage\"},\"thumbnailUrl\":\"https:\\\/\\\/it3d.com\\\/wp-content\\\/uploads\\\/2024\\\/09\\\/Pellet15-1.png\",\"datePublished\":\"2024-09-06T08:38:42+00:00\",\"dateModified\":\"2025-11-18T21:51:11+00:00\",\"description\":\"Escanea f\u00e1cilmente objetos para su posterior impresi\u00f3n en 3D o utilizaci\u00f3n en Realidad Aumentada y Realidad Virtual.\",\"breadcrumb\":{\"@id\":\"https:\\\/\\\/it3d.com\\\/en\\\/tienda\\\/tumaker-alimentador-automatico-de-pellets\\\/#breadcrumb\"},\"inLanguage\":\"en-US\",\"potentialAction\":[{\"@type\":\"ReadAction\",\"target\":[\"https:\\\/\\\/it3d.com\\\/en\\\/tienda\\\/tumaker-alimentador-automatico-de-pellets\\\/\"]}]},{\"@type\":\"ImageObject\",\"inLanguage\":\"en-US\",\"@id\":\"https:\\\/\\\/it3d.com\\\/en\\\/tienda\\\/tumaker-alimentador-automatico-de-pellets\\\/#primaryimage\",\"url\":\"https:\\\/\\\/it3d.com\\\/wp-content\\\/uploads\\\/2024\\\/09\\\/Pellet15-1.png\",\"contentUrl\":\"https:\\\/\\\/it3d.com\\\/wp-content\\\/uploads\\\/2024\\\/09\\\/Pellet15-1.png\",\"width\":1200,\"height\":1800,\"caption\":\"Tumaker alimentador autom\u00e1tico de pellets\"},{\"@type\":\"BreadcrumbList\",\"@id\":\"https:\\\/\\\/it3d.com\\\/en\\\/tienda\\\/tumaker-alimentador-automatico-de-pellets\\\/#breadcrumb\",\"itemListElement\":[{\"@type\":\"ListItem\",\"position\":1,\"name\":\"Portada\",\"item\":\"https:\\\/\\\/it3d.com\\\/en\\\/front-page-2\\\/\"},{\"@type\":\"ListItem\",\"position\":2,\"name\":\"Tienda\",\"item\":\"https:\\\/\\\/it3d.com\\\/tienda\\\/\"},{\"@type\":\"ListItem\",\"position\":3,\"name\":\"TUMAKER Alimentador autom\u00e1tico de pellets\"}]},{\"@type\":\"WebSite\",\"@id\":\"https:\\\/\\\/it3d.com\\\/en\\\/#website\",\"url\":\"https:\\\/\\\/it3d.com\\\/en\\\/\",\"name\":\"IT3D\",\"description\":\"Aplicaciones integrales de impresi\u00f3n 3D\",\"publisher\":{\"@id\":\"https:\\\/\\\/it3d.com\\\/en\\\/#organization\"},\"alternateName\":\"IT3D\",\"potentialAction\":[{\"@type\":\"SearchAction\",\"target\":{\"@type\":\"EntryPoint\",\"urlTemplate\":\"https:\\\/\\\/it3d.com\\\/en\\\/?s={search_term_string}\"},\"query-input\":{\"@type\":\"PropertyValueSpecification\",\"valueRequired\":true,\"valueName\":\"search_term_string\"}}],\"inLanguage\":\"en-US\"},{\"@type\":\"Organization\",\"@id\":\"https:\\\/\\\/it3d.com\\\/en\\\/#organization\",\"name\":\"IT3D Group\",\"alternateName\":\"IT3D\",\"url\":\"https:\\\/\\\/it3d.com\\\/en\\\/\",\"logo\":{\"@type\":\"ImageObject\",\"inLanguage\":\"en-US\",\"@id\":\"https:\\\/\\\/it3d.com\\\/en\\\/#\\\/schema\\\/logo\\\/image\\\/\",\"url\":\"https:\\\/\\\/it3d.com\\\/wp-content\\\/uploads\\\/2019\\\/10\\\/Logo-it3d-2019.png\",\"contentUrl\":\"https:\\\/\\\/it3d.com\\\/wp-content\\\/uploads\\\/2019\\\/10\\\/Logo-it3d-2019.png\",\"width\":1920,\"height\":1160,\"caption\":\"IT3D Group\"},\"image\":{\"@id\":\"https:\\\/\\\/it3d.com\\\/en\\\/#\\\/schema\\\/logo\\\/image\\\/\"}}]}<\/script>\n<!-- \/ Yoast SEO plugin. -->","yoast_head_json":{"title":"TUMAKER Alimentador autom\u00e1tico de pellets - IT3D","description":"Escanea f\u00e1cilmente objetos para su posterior impresi\u00f3n en 3D o utilizaci\u00f3n en Realidad Aumentada y Realidad Virtual.","robots":{"index":"index","follow":"follow","max-snippet":"max-snippet:-1","max-image-preview":"max-image-preview:large","max-video-preview":"max-video-preview:-1"},"canonical":"https:\/\/it3d.com\/en\/tienda\/tumaker-alimentador-automatico-de-pellets\/","og_locale":"en_US","og_type":"article","og_title":"TUMAKER Alimentador autom\u00e1tico de pellets - IT3D","og_description":"Escanea f\u00e1cilmente objetos para su posterior impresi\u00f3n en 3D o utilizaci\u00f3n en Realidad Aumentada y Realidad Virtual.","og_url":"https:\/\/it3d.com\/en\/tienda\/tumaker-alimentador-automatico-de-pellets\/","og_site_name":"IT3D","article_modified_time":"2025-11-18T21:51:11+00:00","og_image":[{"width":1200,"height":1800,"url":"https:\/\/it3d.com\/wp-content\/uploads\/2024\/09\/Pellet15-1.png","type":"image\/png"}],"twitter_card":"summary_large_image","twitter_misc":{"Est. reading time":"1 minute"},"schema":{"@context":"https:\/\/schema.org","@graph":[{"@type":"WebPage","@id":"https:\/\/it3d.com\/en\/tienda\/tumaker-alimentador-automatico-de-pellets\/","url":"https:\/\/it3d.com\/en\/tienda\/tumaker-alimentador-automatico-de-pellets\/","name":"TUMAKER Alimentador autom\u00e1tico de pellets - IT3D","isPartOf":{"@id":"https:\/\/it3d.com\/en\/#website"},"primaryImageOfPage":{"@id":"https:\/\/it3d.com\/en\/tienda\/tumaker-alimentador-automatico-de-pellets\/#primaryimage"},"image":{"@id":"https:\/\/it3d.com\/en\/tienda\/tumaker-alimentador-automatico-de-pellets\/#primaryimage"},"thumbnailUrl":"https:\/\/it3d.com\/wp-content\/uploads\/2024\/09\/Pellet15-1.png","datePublished":"2024-09-06T08:38:42+00:00","dateModified":"2025-11-18T21:51:11+00:00","description":"Escanea f\u00e1cilmente objetos para su posterior impresi\u00f3n en 3D o utilizaci\u00f3n en Realidad Aumentada y Realidad Virtual.","breadcrumb":{"@id":"https:\/\/it3d.com\/en\/tienda\/tumaker-alimentador-automatico-de-pellets\/#breadcrumb"},"inLanguage":"en-US","potentialAction":[{"@type":"ReadAction","target":["https:\/\/it3d.com\/en\/tienda\/tumaker-alimentador-automatico-de-pellets\/"]}]},{"@type":"ImageObject","inLanguage":"en-US","@id":"https:\/\/it3d.com\/en\/tienda\/tumaker-alimentador-automatico-de-pellets\/#primaryimage","url":"https:\/\/it3d.com\/wp-content\/uploads\/2024\/09\/Pellet15-1.png","contentUrl":"https:\/\/it3d.com\/wp-content\/uploads\/2024\/09\/Pellet15-1.png","width":1200,"height":1800,"caption":"Tumaker alimentador autom\u00e1tico de pellets"},{"@type":"BreadcrumbList","@id":"https:\/\/it3d.com\/en\/tienda\/tumaker-alimentador-automatico-de-pellets\/#breadcrumb","itemListElement":[{"@type":"ListItem","position":1,"name":"Portada","item":"https:\/\/it3d.com\/en\/front-page-2\/"},{"@type":"ListItem","position":2,"name":"Tienda","item":"https:\/\/it3d.com\/tienda\/"},{"@type":"ListItem","position":3,"name":"TUMAKER Alimentador autom\u00e1tico de pellets"}]},{"@type":"WebSite","@id":"https:\/\/it3d.com\/en\/#website","url":"https:\/\/it3d.com\/en\/","name":"IT3D","description":"Aplicaciones integrales de impresi\u00f3n 3D","publisher":{"@id":"https:\/\/it3d.com\/en\/#organization"},"alternateName":"IT3D","potentialAction":[{"@type":"SearchAction","target":{"@type":"EntryPoint","urlTemplate":"https:\/\/it3d.com\/en\/?s={search_term_string}"},"query-input":{"@type":"PropertyValueSpecification","valueRequired":true,"valueName":"search_term_string"}}],"inLanguage":"en-US"},{"@type":"Organization","@id":"https:\/\/it3d.com\/en\/#organization","name":"IT3D Group","alternateName":"IT3D","url":"https:\/\/it3d.com\/en\/","logo":{"@type":"ImageObject","inLanguage":"en-US","@id":"https:\/\/it3d.com\/en\/#\/schema\/logo\/image\/","url":"https:\/\/it3d.com\/wp-content\/uploads\/2019\/10\/Logo-it3d-2019.png","contentUrl":"https:\/\/it3d.com\/wp-content\/uploads\/2019\/10\/Logo-it3d-2019.png","width":1920,"height":1160,"caption":"IT3D Group"},"image":{"@id":"https:\/\/it3d.com\/en\/#\/schema\/logo\/image\/"}}]}},"_links":{"self":[{"href":"https:\/\/it3d.com\/en\/wp-json\/wp\/v2\/product\/88436","targetHints":{"allow":["GET"]}}],"collection":[{"href":"https:\/\/it3d.com\/en\/wp-json\/wp\/v2\/product"}],"about":[{"href":"https:\/\/it3d.com\/en\/wp-json\/wp\/v2\/types\/product"}],"replies":[{"embeddable":true,"href":"https:\/\/it3d.com\/en\/wp-json\/wp\/v2\/comments?post=88436"}],"wp:featuredmedia":[{"embeddable":true,"href":"https:\/\/it3d.com\/en\/wp-json\/wp\/v2\/media\/88449"}],"wp:attachment":[{"href":"https:\/\/it3d.com\/en\/wp-json\/wp\/v2\/media?parent=88436"}],"wp:term":[{"taxonomy":"product_brand","embeddable":true,"href":"https:\/\/it3d.com\/en\/wp-json\/wp\/v2\/product_brand?post=88436"},{"taxonomy":"product_cat","embeddable":true,"href":"https:\/\/it3d.com\/en\/wp-json\/wp\/v2\/product_cat?post=88436"},{"taxonomy":"product_tag","embeddable":true,"href":"https:\/\/it3d.com\/en\/wp-json\/wp\/v2\/product_tag?post=88436"}],"curies":[{"name":"wp","href":"https:\/\/api.w.org\/{rel}","templated":true}]}}