{"id":86712,"date":"2024-05-09T12:37:19","date_gmt":"2024-05-09T10:37:19","guid":{"rendered":"https:\/\/it3d.com\/?post_type=product&#038;p=86712"},"modified":"2025-11-19T23:58:07","modified_gmt":"2025-11-19T22:58:07","slug":"mesa-negra-80x150x90-con-estantes-rincon-3d","status":"publish","type":"product","link":"https:\/\/it3d.com\/en\/tienda\/mesa-negra-80x150x90-con-estantes-rincon-3d\/","title":{"rendered":"Mesa Negra 80X150X90 con estantes RINCON 3D"},"content":{"rendered":"","protected":false},"excerpt":{"rendered":"<p>Mesa Negra 80X150X90 con estantes RINCON 3D<\/p>\n","protected":false},"featured_media":86713,"comment_status":"closed","ping_status":"closed","template":"","meta":{"content-type":"","generate_page_header":"","iawp_total_views":1},"product_brand":[],"product_cat":[400],"product_tag":[],"class_list":{"0":"post-86712","1":"product","2":"type-product","3":"status-publish","4":"has-post-thumbnail","6":"product_cat-outlet","7":"no-featured-image-padding","8":"resize-featured-image","9":"sales-flash-overlay","10":"woocommerce-text-align-center","11":"woocommerce-image-align-center","12":"do-quantity-buttons","14":"first","15":"instock","16":"sale","17":"taxable","18":"shipping-taxable","19":"purchasable","20":"product-type-simple"},"exclude_global_add_ons":[],"addons":[],"yoast_head":"<!-- This site is optimized with the Yoast SEO plugin v27.4 - https:\/\/yoast.com\/product\/yoast-seo-wordpress\/ -->\n<title>Mesa Negra 80X150X90 con estantes RINCON 3D - IT3D<\/title>\n<meta name=\"description\" content=\"Escanea f\u00e1cilmente objetos para su posterior impresi\u00f3n en 3D o utilizaci\u00f3n en Realidad Aumentada y Realidad Virtual.\" \/>\n<meta name=\"robots\" content=\"index, follow, max-snippet:-1, max-image-preview:large, max-video-preview:-1\" \/>\n<link rel=\"canonical\" href=\"https:\/\/it3d.com\/en\/tienda\/mesa-negra-80x150x90-con-estantes-rincon-3d\/\" \/>\n<meta property=\"og:locale\" content=\"en_US\" \/>\n<meta property=\"og:type\" content=\"article\" \/>\n<meta property=\"og:title\" content=\"Mesa Negra 80X150X90 con estantes RINCON 3D - IT3D\" \/>\n<meta property=\"og:description\" content=\"Escanea f\u00e1cilmente objetos para su posterior impresi\u00f3n en 3D o utilizaci\u00f3n en Realidad Aumentada y Realidad Virtual.\" \/>\n<meta property=\"og:url\" content=\"https:\/\/it3d.com\/en\/tienda\/mesa-negra-80x150x90-con-estantes-rincon-3d\/\" \/>\n<meta property=\"og:site_name\" content=\"IT3D\" \/>\n<meta property=\"article:modified_time\" content=\"2025-11-19T22:58:07+00:00\" \/>\n<meta property=\"og:image\" content=\"https:\/\/it3d.com\/wp-content\/uploads\/2024\/05\/11111004.png\" \/>\n\t<meta property=\"og:image:width\" content=\"1400\" \/>\n\t<meta property=\"og:image:height\" content=\"1073\" \/>\n\t<meta property=\"og:image:type\" content=\"image\/png\" \/>\n<meta name=\"twitter:card\" content=\"summary_large_image\" \/>\n<meta name=\"twitter:label1\" content=\"Est. reading time\" \/>\n\t<meta name=\"twitter:data1\" content=\"1 minute\" \/>\n<script type=\"application\/ld+json\" class=\"yoast-schema-graph\">{\"@context\":\"https:\\\/\\\/schema.org\",\"@graph\":[{\"@type\":\"WebPage\",\"@id\":\"https:\\\/\\\/it3d.com\\\/en\\\/tienda\\\/mesa-negra-80x150x90-con-estantes-rincon-3d\\\/\",\"url\":\"https:\\\/\\\/it3d.com\\\/en\\\/tienda\\\/mesa-negra-80x150x90-con-estantes-rincon-3d\\\/\",\"name\":\"Mesa Negra 80X150X90 con estantes RINCON 3D - IT3D\",\"isPartOf\":{\"@id\":\"https:\\\/\\\/it3d.com\\\/en\\\/#website\"},\"primaryImageOfPage\":{\"@id\":\"https:\\\/\\\/it3d.com\\\/en\\\/tienda\\\/mesa-negra-80x150x90-con-estantes-rincon-3d\\\/#primaryimage\"},\"image\":{\"@id\":\"https:\\\/\\\/it3d.com\\\/en\\\/tienda\\\/mesa-negra-80x150x90-con-estantes-rincon-3d\\\/#primaryimage\"},\"thumbnailUrl\":\"https:\\\/\\\/it3d.com\\\/wp-content\\\/uploads\\\/2024\\\/05\\\/11111004.png\",\"datePublished\":\"2024-05-09T10:37:19+00:00\",\"dateModified\":\"2025-11-19T22:58:07+00:00\",\"description\":\"Escanea f\u00e1cilmente objetos para su posterior impresi\u00f3n en 3D o utilizaci\u00f3n en Realidad Aumentada y Realidad Virtual.\",\"breadcrumb\":{\"@id\":\"https:\\\/\\\/it3d.com\\\/en\\\/tienda\\\/mesa-negra-80x150x90-con-estantes-rincon-3d\\\/#breadcrumb\"},\"inLanguage\":\"en-US\",\"potentialAction\":[{\"@type\":\"ReadAction\",\"target\":[\"https:\\\/\\\/it3d.com\\\/en\\\/tienda\\\/mesa-negra-80x150x90-con-estantes-rincon-3d\\\/\"]}]},{\"@type\":\"ImageObject\",\"inLanguage\":\"en-US\",\"@id\":\"https:\\\/\\\/it3d.com\\\/en\\\/tienda\\\/mesa-negra-80x150x90-con-estantes-rincon-3d\\\/#primaryimage\",\"url\":\"https:\\\/\\\/it3d.com\\\/wp-content\\\/uploads\\\/2024\\\/05\\\/11111004.png\",\"contentUrl\":\"https:\\\/\\\/it3d.com\\\/wp-content\\\/uploads\\\/2024\\\/05\\\/11111004.png\",\"width\":1400,\"height\":1073,\"caption\":\"Mesa negra 80x150x90 con estantes rincon 3d\"},{\"@type\":\"BreadcrumbList\",\"@id\":\"https:\\\/\\\/it3d.com\\\/en\\\/tienda\\\/mesa-negra-80x150x90-con-estantes-rincon-3d\\\/#breadcrumb\",\"itemListElement\":[{\"@type\":\"ListItem\",\"position\":1,\"name\":\"Portada\",\"item\":\"https:\\\/\\\/it3d.com\\\/en\\\/front-page-2\\\/\"},{\"@type\":\"ListItem\",\"position\":2,\"name\":\"Tienda\",\"item\":\"https:\\\/\\\/it3d.com\\\/tienda\\\/\"},{\"@type\":\"ListItem\",\"position\":3,\"name\":\"Mesa Negra 80X150X90 con estantes RINCON 3D\"}]},{\"@type\":\"WebSite\",\"@id\":\"https:\\\/\\\/it3d.com\\\/en\\\/#website\",\"url\":\"https:\\\/\\\/it3d.com\\\/en\\\/\",\"name\":\"IT3D\",\"description\":\"Aplicaciones integrales de impresi\u00f3n 3D\",\"publisher\":{\"@id\":\"https:\\\/\\\/it3d.com\\\/en\\\/#organization\"},\"alternateName\":\"IT3D\",\"potentialAction\":[{\"@type\":\"SearchAction\",\"target\":{\"@type\":\"EntryPoint\",\"urlTemplate\":\"https:\\\/\\\/it3d.com\\\/en\\\/?s={search_term_string}\"},\"query-input\":{\"@type\":\"PropertyValueSpecification\",\"valueRequired\":true,\"valueName\":\"search_term_string\"}}],\"inLanguage\":\"en-US\"},{\"@type\":\"Organization\",\"@id\":\"https:\\\/\\\/it3d.com\\\/en\\\/#organization\",\"name\":\"IT3D Group\",\"alternateName\":\"IT3D\",\"url\":\"https:\\\/\\\/it3d.com\\\/en\\\/\",\"logo\":{\"@type\":\"ImageObject\",\"inLanguage\":\"en-US\",\"@id\":\"https:\\\/\\\/it3d.com\\\/en\\\/#\\\/schema\\\/logo\\\/image\\\/\",\"url\":\"https:\\\/\\\/it3d.com\\\/wp-content\\\/uploads\\\/2019\\\/10\\\/Logo-it3d-2019.png\",\"contentUrl\":\"https:\\\/\\\/it3d.com\\\/wp-content\\\/uploads\\\/2019\\\/10\\\/Logo-it3d-2019.png\",\"width\":1920,\"height\":1160,\"caption\":\"IT3D Group\"},\"image\":{\"@id\":\"https:\\\/\\\/it3d.com\\\/en\\\/#\\\/schema\\\/logo\\\/image\\\/\"}}]}<\/script>\n<!-- \/ Yoast SEO plugin. -->","yoast_head_json":{"title":"Mesa Negra 80X150X90 con estantes RINCON 3D - IT3D","description":"Escanea f\u00e1cilmente objetos para su posterior impresi\u00f3n en 3D o utilizaci\u00f3n en Realidad Aumentada y Realidad Virtual.","robots":{"index":"index","follow":"follow","max-snippet":"max-snippet:-1","max-image-preview":"max-image-preview:large","max-video-preview":"max-video-preview:-1"},"canonical":"https:\/\/it3d.com\/en\/tienda\/mesa-negra-80x150x90-con-estantes-rincon-3d\/","og_locale":"en_US","og_type":"article","og_title":"Mesa Negra 80X150X90 con estantes RINCON 3D - IT3D","og_description":"Escanea f\u00e1cilmente objetos para su posterior impresi\u00f3n en 3D o utilizaci\u00f3n en Realidad Aumentada y Realidad Virtual.","og_url":"https:\/\/it3d.com\/en\/tienda\/mesa-negra-80x150x90-con-estantes-rincon-3d\/","og_site_name":"IT3D","article_modified_time":"2025-11-19T22:58:07+00:00","og_image":[{"width":1400,"height":1073,"url":"https:\/\/it3d.com\/wp-content\/uploads\/2024\/05\/11111004.png","type":"image\/png"}],"twitter_card":"summary_large_image","twitter_misc":{"Est. reading time":"1 minute"},"schema":{"@context":"https:\/\/schema.org","@graph":[{"@type":"WebPage","@id":"https:\/\/it3d.com\/en\/tienda\/mesa-negra-80x150x90-con-estantes-rincon-3d\/","url":"https:\/\/it3d.com\/en\/tienda\/mesa-negra-80x150x90-con-estantes-rincon-3d\/","name":"Mesa Negra 80X150X90 con estantes RINCON 3D - IT3D","isPartOf":{"@id":"https:\/\/it3d.com\/en\/#website"},"primaryImageOfPage":{"@id":"https:\/\/it3d.com\/en\/tienda\/mesa-negra-80x150x90-con-estantes-rincon-3d\/#primaryimage"},"image":{"@id":"https:\/\/it3d.com\/en\/tienda\/mesa-negra-80x150x90-con-estantes-rincon-3d\/#primaryimage"},"thumbnailUrl":"https:\/\/it3d.com\/wp-content\/uploads\/2024\/05\/11111004.png","datePublished":"2024-05-09T10:37:19+00:00","dateModified":"2025-11-19T22:58:07+00:00","description":"Escanea f\u00e1cilmente objetos para su posterior impresi\u00f3n en 3D o utilizaci\u00f3n en Realidad Aumentada y Realidad Virtual.","breadcrumb":{"@id":"https:\/\/it3d.com\/en\/tienda\/mesa-negra-80x150x90-con-estantes-rincon-3d\/#breadcrumb"},"inLanguage":"en-US","potentialAction":[{"@type":"ReadAction","target":["https:\/\/it3d.com\/en\/tienda\/mesa-negra-80x150x90-con-estantes-rincon-3d\/"]}]},{"@type":"ImageObject","inLanguage":"en-US","@id":"https:\/\/it3d.com\/en\/tienda\/mesa-negra-80x150x90-con-estantes-rincon-3d\/#primaryimage","url":"https:\/\/it3d.com\/wp-content\/uploads\/2024\/05\/11111004.png","contentUrl":"https:\/\/it3d.com\/wp-content\/uploads\/2024\/05\/11111004.png","width":1400,"height":1073,"caption":"Mesa negra 80x150x90 con estantes rincon 3d"},{"@type":"BreadcrumbList","@id":"https:\/\/it3d.com\/en\/tienda\/mesa-negra-80x150x90-con-estantes-rincon-3d\/#breadcrumb","itemListElement":[{"@type":"ListItem","position":1,"name":"Portada","item":"https:\/\/it3d.com\/en\/front-page-2\/"},{"@type":"ListItem","position":2,"name":"Tienda","item":"https:\/\/it3d.com\/tienda\/"},{"@type":"ListItem","position":3,"name":"Mesa Negra 80X150X90 con estantes RINCON 3D"}]},{"@type":"WebSite","@id":"https:\/\/it3d.com\/en\/#website","url":"https:\/\/it3d.com\/en\/","name":"IT3D","description":"Aplicaciones integrales de impresi\u00f3n 3D","publisher":{"@id":"https:\/\/it3d.com\/en\/#organization"},"alternateName":"IT3D","potentialAction":[{"@type":"SearchAction","target":{"@type":"EntryPoint","urlTemplate":"https:\/\/it3d.com\/en\/?s={search_term_string}"},"query-input":{"@type":"PropertyValueSpecification","valueRequired":true,"valueName":"search_term_string"}}],"inLanguage":"en-US"},{"@type":"Organization","@id":"https:\/\/it3d.com\/en\/#organization","name":"IT3D Group","alternateName":"IT3D","url":"https:\/\/it3d.com\/en\/","logo":{"@type":"ImageObject","inLanguage":"en-US","@id":"https:\/\/it3d.com\/en\/#\/schema\/logo\/image\/","url":"https:\/\/it3d.com\/wp-content\/uploads\/2019\/10\/Logo-it3d-2019.png","contentUrl":"https:\/\/it3d.com\/wp-content\/uploads\/2019\/10\/Logo-it3d-2019.png","width":1920,"height":1160,"caption":"IT3D Group"},"image":{"@id":"https:\/\/it3d.com\/en\/#\/schema\/logo\/image\/"}}]}},"_links":{"self":[{"href":"https:\/\/it3d.com\/en\/wp-json\/wp\/v2\/product\/86712","targetHints":{"allow":["GET"]}}],"collection":[{"href":"https:\/\/it3d.com\/en\/wp-json\/wp\/v2\/product"}],"about":[{"href":"https:\/\/it3d.com\/en\/wp-json\/wp\/v2\/types\/product"}],"replies":[{"embeddable":true,"href":"https:\/\/it3d.com\/en\/wp-json\/wp\/v2\/comments?post=86712"}],"wp:featuredmedia":[{"embeddable":true,"href":"https:\/\/it3d.com\/en\/wp-json\/wp\/v2\/media\/86713"}],"wp:attachment":[{"href":"https:\/\/it3d.com\/en\/wp-json\/wp\/v2\/media?parent=86712"}],"wp:term":[{"taxonomy":"product_brand","embeddable":true,"href":"https:\/\/it3d.com\/en\/wp-json\/wp\/v2\/product_brand?post=86712"},{"taxonomy":"product_cat","embeddable":true,"href":"https:\/\/it3d.com\/en\/wp-json\/wp\/v2\/product_cat?post=86712"},{"taxonomy":"product_tag","embeddable":true,"href":"https:\/\/it3d.com\/en\/wp-json\/wp\/v2\/product_tag?post=86712"}],"curies":[{"name":"wp","href":"https:\/\/api.w.org\/{rel}","templated":true}]}}