{"id":63196,"date":"2022-07-11T11:48:46","date_gmt":"2022-07-11T09:48:46","guid":{"rendered":"https:\/\/it3d.com\/producto\/aesub-orange-espray-aerosol-de-escaneo-3d\/"},"modified":"2025-11-19T23:45:32","modified_gmt":"2025-11-19T22:45:32","slug":"spray-de-escaneo-3d-aesub-400ml-orange","status":"publish","type":"product","link":"https:\/\/it3d.com\/en\/tienda\/spray-de-escaneo-3d-aesub-400ml-orange\/","title":{"rendered":"Spray de escaneo 3D AESUB 400ml Orange"},"content":{"rendered":"","protected":false},"excerpt":{"rendered":"<ul>\n<li>Spray de escaneo de \u00faltima generaci\u00f3n<\/li>\n<li>No requiere limpieza<\/li>\n<li>Recubrimiento fino y homog\u00e9neo<\/li>\n<li>Libre de pigmentos<\/li>\n<li>Desarrollado y aprobado por expertos en escaneo<\/li>\n<\/ul>\n","protected":false},"featured_media":63202,"comment_status":"closed","ping_status":"closed","template":"","meta":{"content-type":"","generate_page_header":"","iawp_total_views":6},"product_brand":[375],"product_cat":[289,267],"product_tag":[],"class_list":{"0":"post-63196","1":"product","2":"type-product","3":"status-publish","4":"has-post-thumbnail","6":"product_brand-aesub","7":"product_cat-accesorios","8":"product_cat-escaner-3d","9":"no-featured-image-padding","10":"resize-featured-image","11":"sales-flash-overlay","12":"woocommerce-text-align-center","13":"woocommerce-image-align-center","14":"do-quantity-buttons","16":"first","17":"instock","18":"taxable","19":"shipping-taxable","20":"purchasable","21":"product-type-simple"},"exclude_global_add_ons":[],"addons":[],"yoast_head":"<!-- This site is optimized with the Yoast SEO plugin v27.4 - https:\/\/yoast.com\/product\/yoast-seo-wordpress\/ -->\n<title>Spray de escaneo 3D AESUB 400ml Orange - IT3D<\/title>\n<meta name=\"robots\" content=\"index, follow, max-snippet:-1, max-image-preview:large, max-video-preview:-1\" \/>\n<link rel=\"canonical\" href=\"https:\/\/it3d.com\/en\/tienda\/spray-de-escaneo-3d-aesub-400ml-orange\/\" \/>\n<meta property=\"og:locale\" content=\"en_US\" \/>\n<meta property=\"og:type\" content=\"article\" \/>\n<meta property=\"og:title\" content=\"Spray de escaneo 3D AESUB 400ml Orange - IT3D\" \/>\n<meta property=\"og:description\" content=\"Spray de escaneo de \u00faltima generaci\u00f3n  No requiere limpieza  Recubrimiento fino y homog\u00e9neo  Libre de pigmentos  Desarrollado y aprobado por expertos en escaneo\" \/>\n<meta property=\"og:url\" content=\"https:\/\/it3d.com\/en\/tienda\/spray-de-escaneo-3d-aesub-400ml-orange\/\" \/>\n<meta property=\"og:site_name\" content=\"IT3D\" \/>\n<meta property=\"article:modified_time\" content=\"2025-11-19T22:45:32+00:00\" \/>\n<meta property=\"og:image\" content=\"https:\/\/it3d.com\/wp-content\/uploads\/2022\/07\/aesub-orange-espray-aerosol-de-escaneo-3d.jpg\" \/>\n\t<meta property=\"og:image:width\" content=\"458\" \/>\n\t<meta property=\"og:image:height\" content=\"458\" \/>\n\t<meta property=\"og:image:type\" content=\"image\/jpeg\" \/>\n<meta name=\"twitter:card\" content=\"summary_large_image\" \/>\n<script type=\"application\/ld+json\" class=\"yoast-schema-graph\">{\"@context\":\"https:\\\/\\\/schema.org\",\"@graph\":[{\"@type\":\"WebPage\",\"@id\":\"https:\\\/\\\/it3d.com\\\/en\\\/tienda\\\/spray-de-escaneo-3d-aesub-400ml-orange\\\/\",\"url\":\"https:\\\/\\\/it3d.com\\\/en\\\/tienda\\\/spray-de-escaneo-3d-aesub-400ml-orange\\\/\",\"name\":\"Spray de escaneo 3D AESUB 400ml Orange - IT3D\",\"isPartOf\":{\"@id\":\"https:\\\/\\\/it3d.com\\\/en\\\/#website\"},\"primaryImageOfPage\":{\"@id\":\"https:\\\/\\\/it3d.com\\\/en\\\/tienda\\\/spray-de-escaneo-3d-aesub-400ml-orange\\\/#primaryimage\"},\"image\":{\"@id\":\"https:\\\/\\\/it3d.com\\\/en\\\/tienda\\\/spray-de-escaneo-3d-aesub-400ml-orange\\\/#primaryimage\"},\"thumbnailUrl\":\"https:\\\/\\\/it3d.com\\\/wp-content\\\/uploads\\\/2022\\\/07\\\/aesub-orange-espray-aerosol-de-escaneo-3d.jpg\",\"datePublished\":\"2022-07-11T09:48:46+00:00\",\"dateModified\":\"2025-11-19T22:45:32+00:00\",\"breadcrumb\":{\"@id\":\"https:\\\/\\\/it3d.com\\\/en\\\/tienda\\\/spray-de-escaneo-3d-aesub-400ml-orange\\\/#breadcrumb\"},\"inLanguage\":\"en-US\",\"potentialAction\":[{\"@type\":\"ReadAction\",\"target\":[\"https:\\\/\\\/it3d.com\\\/en\\\/tienda\\\/spray-de-escaneo-3d-aesub-400ml-orange\\\/\"]}]},{\"@type\":\"ImageObject\",\"inLanguage\":\"en-US\",\"@id\":\"https:\\\/\\\/it3d.com\\\/en\\\/tienda\\\/spray-de-escaneo-3d-aesub-400ml-orange\\\/#primaryimage\",\"url\":\"https:\\\/\\\/it3d.com\\\/wp-content\\\/uploads\\\/2022\\\/07\\\/aesub-orange-espray-aerosol-de-escaneo-3d.jpg\",\"contentUrl\":\"https:\\\/\\\/it3d.com\\\/wp-content\\\/uploads\\\/2022\\\/07\\\/aesub-orange-espray-aerosol-de-escaneo-3d.jpg\",\"width\":458,\"height\":458,\"caption\":\"Spray de escaneo 3d aesub 400ml orange\"},{\"@type\":\"BreadcrumbList\",\"@id\":\"https:\\\/\\\/it3d.com\\\/en\\\/tienda\\\/spray-de-escaneo-3d-aesub-400ml-orange\\\/#breadcrumb\",\"itemListElement\":[{\"@type\":\"ListItem\",\"position\":1,\"name\":\"Portada\",\"item\":\"https:\\\/\\\/it3d.com\\\/en\\\/front-page-2\\\/\"},{\"@type\":\"ListItem\",\"position\":2,\"name\":\"Tienda\",\"item\":\"https:\\\/\\\/it3d.com\\\/tienda\\\/\"},{\"@type\":\"ListItem\",\"position\":3,\"name\":\"Spray de escaneo 3D AESUB 400ml Orange\"}]},{\"@type\":\"WebSite\",\"@id\":\"https:\\\/\\\/it3d.com\\\/en\\\/#website\",\"url\":\"https:\\\/\\\/it3d.com\\\/en\\\/\",\"name\":\"IT3D\",\"description\":\"Aplicaciones integrales de impresi\u00f3n 3D\",\"publisher\":{\"@id\":\"https:\\\/\\\/it3d.com\\\/en\\\/#organization\"},\"alternateName\":\"IT3D\",\"potentialAction\":[{\"@type\":\"SearchAction\",\"target\":{\"@type\":\"EntryPoint\",\"urlTemplate\":\"https:\\\/\\\/it3d.com\\\/en\\\/?s={search_term_string}\"},\"query-input\":{\"@type\":\"PropertyValueSpecification\",\"valueRequired\":true,\"valueName\":\"search_term_string\"}}],\"inLanguage\":\"en-US\"},{\"@type\":\"Organization\",\"@id\":\"https:\\\/\\\/it3d.com\\\/en\\\/#organization\",\"name\":\"IT3D Group\",\"alternateName\":\"IT3D\",\"url\":\"https:\\\/\\\/it3d.com\\\/en\\\/\",\"logo\":{\"@type\":\"ImageObject\",\"inLanguage\":\"en-US\",\"@id\":\"https:\\\/\\\/it3d.com\\\/en\\\/#\\\/schema\\\/logo\\\/image\\\/\",\"url\":\"https:\\\/\\\/it3d.com\\\/wp-content\\\/uploads\\\/2019\\\/10\\\/Logo-it3d-2019.png\",\"contentUrl\":\"https:\\\/\\\/it3d.com\\\/wp-content\\\/uploads\\\/2019\\\/10\\\/Logo-it3d-2019.png\",\"width\":1920,\"height\":1160,\"caption\":\"IT3D Group\"},\"image\":{\"@id\":\"https:\\\/\\\/it3d.com\\\/en\\\/#\\\/schema\\\/logo\\\/image\\\/\"}}]}<\/script>\n<!-- \/ Yoast SEO plugin. -->","yoast_head_json":{"title":"Spray de escaneo 3D AESUB 400ml Orange - IT3D","robots":{"index":"index","follow":"follow","max-snippet":"max-snippet:-1","max-image-preview":"max-image-preview:large","max-video-preview":"max-video-preview:-1"},"canonical":"https:\/\/it3d.com\/en\/tienda\/spray-de-escaneo-3d-aesub-400ml-orange\/","og_locale":"en_US","og_type":"article","og_title":"Spray de escaneo 3D AESUB 400ml Orange - IT3D","og_description":"Spray de escaneo de \u00faltima generaci\u00f3n  No requiere limpieza  Recubrimiento fino y homog\u00e9neo  Libre de pigmentos  Desarrollado y aprobado por expertos en escaneo","og_url":"https:\/\/it3d.com\/en\/tienda\/spray-de-escaneo-3d-aesub-400ml-orange\/","og_site_name":"IT3D","article_modified_time":"2025-11-19T22:45:32+00:00","og_image":[{"width":458,"height":458,"url":"https:\/\/it3d.com\/wp-content\/uploads\/2022\/07\/aesub-orange-espray-aerosol-de-escaneo-3d.jpg","type":"image\/jpeg"}],"twitter_card":"summary_large_image","schema":{"@context":"https:\/\/schema.org","@graph":[{"@type":"WebPage","@id":"https:\/\/it3d.com\/en\/tienda\/spray-de-escaneo-3d-aesub-400ml-orange\/","url":"https:\/\/it3d.com\/en\/tienda\/spray-de-escaneo-3d-aesub-400ml-orange\/","name":"Spray de escaneo 3D AESUB 400ml Orange - IT3D","isPartOf":{"@id":"https:\/\/it3d.com\/en\/#website"},"primaryImageOfPage":{"@id":"https:\/\/it3d.com\/en\/tienda\/spray-de-escaneo-3d-aesub-400ml-orange\/#primaryimage"},"image":{"@id":"https:\/\/it3d.com\/en\/tienda\/spray-de-escaneo-3d-aesub-400ml-orange\/#primaryimage"},"thumbnailUrl":"https:\/\/it3d.com\/wp-content\/uploads\/2022\/07\/aesub-orange-espray-aerosol-de-escaneo-3d.jpg","datePublished":"2022-07-11T09:48:46+00:00","dateModified":"2025-11-19T22:45:32+00:00","breadcrumb":{"@id":"https:\/\/it3d.com\/en\/tienda\/spray-de-escaneo-3d-aesub-400ml-orange\/#breadcrumb"},"inLanguage":"en-US","potentialAction":[{"@type":"ReadAction","target":["https:\/\/it3d.com\/en\/tienda\/spray-de-escaneo-3d-aesub-400ml-orange\/"]}]},{"@type":"ImageObject","inLanguage":"en-US","@id":"https:\/\/it3d.com\/en\/tienda\/spray-de-escaneo-3d-aesub-400ml-orange\/#primaryimage","url":"https:\/\/it3d.com\/wp-content\/uploads\/2022\/07\/aesub-orange-espray-aerosol-de-escaneo-3d.jpg","contentUrl":"https:\/\/it3d.com\/wp-content\/uploads\/2022\/07\/aesub-orange-espray-aerosol-de-escaneo-3d.jpg","width":458,"height":458,"caption":"Spray de escaneo 3d aesub 400ml orange"},{"@type":"BreadcrumbList","@id":"https:\/\/it3d.com\/en\/tienda\/spray-de-escaneo-3d-aesub-400ml-orange\/#breadcrumb","itemListElement":[{"@type":"ListItem","position":1,"name":"Portada","item":"https:\/\/it3d.com\/en\/front-page-2\/"},{"@type":"ListItem","position":2,"name":"Tienda","item":"https:\/\/it3d.com\/tienda\/"},{"@type":"ListItem","position":3,"name":"Spray de escaneo 3D AESUB 400ml Orange"}]},{"@type":"WebSite","@id":"https:\/\/it3d.com\/en\/#website","url":"https:\/\/it3d.com\/en\/","name":"IT3D","description":"Aplicaciones integrales de impresi\u00f3n 3D","publisher":{"@id":"https:\/\/it3d.com\/en\/#organization"},"alternateName":"IT3D","potentialAction":[{"@type":"SearchAction","target":{"@type":"EntryPoint","urlTemplate":"https:\/\/it3d.com\/en\/?s={search_term_string}"},"query-input":{"@type":"PropertyValueSpecification","valueRequired":true,"valueName":"search_term_string"}}],"inLanguage":"en-US"},{"@type":"Organization","@id":"https:\/\/it3d.com\/en\/#organization","name":"IT3D Group","alternateName":"IT3D","url":"https:\/\/it3d.com\/en\/","logo":{"@type":"ImageObject","inLanguage":"en-US","@id":"https:\/\/it3d.com\/en\/#\/schema\/logo\/image\/","url":"https:\/\/it3d.com\/wp-content\/uploads\/2019\/10\/Logo-it3d-2019.png","contentUrl":"https:\/\/it3d.com\/wp-content\/uploads\/2019\/10\/Logo-it3d-2019.png","width":1920,"height":1160,"caption":"IT3D Group"},"image":{"@id":"https:\/\/it3d.com\/en\/#\/schema\/logo\/image\/"}}]}},"_links":{"self":[{"href":"https:\/\/it3d.com\/en\/wp-json\/wp\/v2\/product\/63196","targetHints":{"allow":["GET"]}}],"collection":[{"href":"https:\/\/it3d.com\/en\/wp-json\/wp\/v2\/product"}],"about":[{"href":"https:\/\/it3d.com\/en\/wp-json\/wp\/v2\/types\/product"}],"replies":[{"embeddable":true,"href":"https:\/\/it3d.com\/en\/wp-json\/wp\/v2\/comments?post=63196"}],"wp:featuredmedia":[{"embeddable":true,"href":"https:\/\/it3d.com\/en\/wp-json\/wp\/v2\/media\/63202"}],"wp:attachment":[{"href":"https:\/\/it3d.com\/en\/wp-json\/wp\/v2\/media?parent=63196"}],"wp:term":[{"taxonomy":"product_brand","embeddable":true,"href":"https:\/\/it3d.com\/en\/wp-json\/wp\/v2\/product_brand?post=63196"},{"taxonomy":"product_cat","embeddable":true,"href":"https:\/\/it3d.com\/en\/wp-json\/wp\/v2\/product_cat?post=63196"},{"taxonomy":"product_tag","embeddable":true,"href":"https:\/\/it3d.com\/en\/wp-json\/wp\/v2\/product_tag?post=63196"}],"curies":[{"name":"wp","href":"https:\/\/api.w.org\/{rel}","templated":true}]}}