{"id":63140,"date":"2020-04-29T09:50:22","date_gmt":"2020-04-29T07:50:22","guid":{"rendered":"https:\/\/it3d.com\/producto\/3d-gold-filamento-pla-luminoso-175mm-1kg-verde\/"},"modified":"2025-12-19T10:33:28","modified_gmt":"2025-12-19T09:33:28","slug":"pla-luminoso-colido-1-75mm-1kg-verde","status":"publish","type":"product","link":"https:\/\/it3d.com\/en\/tienda\/pla-luminoso-colido-1-75mm-1kg-verde\/","title":{"rendered":"PLA Luminoso Colido 1.75mm 1kg Verde"},"content":{"rendered":"<p>El filamento original\u00a0CoLiDo<span id=\"transmark\"><\/span>\u00a0luminoso permite que aquellos objetos impresos con \u00e9l brillen en la oscuridad, cualidad que le otorga gran variedad de usos en distintas disciplnas. Su alta precisi\u00f3n y el di\u00e1metro uniforme permiten buenos acabados, as\u00ed como su baja contracci\u00f3n y la ausencia de deformaciones.<\/p>\n","protected":false},"excerpt":{"rendered":"<p>El filamento original\u00a0CoLiDo<span id=\"transmark\"><\/span>\u00a0luminoso permite que aquellos objetos impresos con \u00e9l brillen en la oscuridad, cualidad que le otorga gran variedad de usos en distintas disciplnas.<\/p>\n","protected":false},"featured_media":62621,"comment_status":"closed","ping_status":"closed","template":"","meta":{"content-type":"","generate_page_header":"","iawp_total_views":4},"product_brand":[367],"product_cat":[269,300,285],"product_tag":[],"class_list":{"0":"post-63140","1":"product","2":"type-product","3":"status-publish","4":"has-post-thumbnail","6":"product_brand-colido","7":"product_cat-filamentos-3d","8":"product_cat-luminoso","9":"product_cat-pla","10":"no-featured-image-padding","11":"resize-featured-image","12":"sales-flash-overlay","13":"woocommerce-text-align-center","14":"woocommerce-image-align-center","15":"do-quantity-buttons","17":"first","18":"outofstock","19":"taxable","20":"shipping-taxable","21":"purchasable","22":"product-type-simple"},"exclude_global_add_ons":[],"addons":[],"yoast_head":"<!-- This site is optimized with the Yoast SEO plugin v27.4 - https:\/\/yoast.com\/product\/yoast-seo-wordpress\/ -->\n<title>PLA Luminoso Colido 1.75mm 1kg Verde - IT3D<\/title>\n<meta name=\"robots\" content=\"index, follow, max-snippet:-1, max-image-preview:large, max-video-preview:-1\" \/>\n<link rel=\"canonical\" href=\"https:\/\/it3d.com\/en\/tienda\/pla-luminoso-colido-1-75mm-1kg-verde\/\" \/>\n<meta property=\"og:locale\" content=\"en_US\" \/>\n<meta property=\"og:type\" content=\"article\" \/>\n<meta property=\"og:title\" content=\"PLA Luminoso Colido 1.75mm 1kg Verde - IT3D\" \/>\n<meta property=\"og:description\" content=\"El filamento original\u00a0CoLiDo\u00a0luminoso permite que aquellos objetos impresos con \u00e9l brillen en la oscuridad, cualidad que le otorga gran variedad de usos en distintas disciplnas.\" \/>\n<meta property=\"og:url\" content=\"https:\/\/it3d.com\/en\/tienda\/pla-luminoso-colido-1-75mm-1kg-verde\/\" \/>\n<meta property=\"og:site_name\" content=\"IT3D\" \/>\n<meta property=\"article:modified_time\" content=\"2025-12-19T09:33:28+00:00\" \/>\n<meta property=\"og:image\" content=\"https:\/\/it3d.com\/wp-content\/uploads\/2020\/04\/556-3D-GOLD-Filamento-PLA-Luminoso-1.75mm-05-Kg-Verde.jpg\" \/>\n\t<meta property=\"og:image:width\" content=\"484\" \/>\n\t<meta property=\"og:image:height\" content=\"496\" \/>\n\t<meta property=\"og:image:type\" content=\"image\/jpeg\" \/>\n<meta name=\"twitter:card\" content=\"summary_large_image\" \/>\n<script type=\"application\/ld+json\" class=\"yoast-schema-graph\">{\"@context\":\"https:\\\/\\\/schema.org\",\"@graph\":[{\"@type\":\"WebPage\",\"@id\":\"https:\\\/\\\/it3d.com\\\/en\\\/tienda\\\/pla-luminoso-colido-1-75mm-1kg-verde\\\/\",\"url\":\"https:\\\/\\\/it3d.com\\\/en\\\/tienda\\\/pla-luminoso-colido-1-75mm-1kg-verde\\\/\",\"name\":\"PLA Luminoso Colido 1.75mm 1kg Verde - IT3D\",\"isPartOf\":{\"@id\":\"https:\\\/\\\/it3d.com\\\/en\\\/#website\"},\"primaryImageOfPage\":{\"@id\":\"https:\\\/\\\/it3d.com\\\/en\\\/tienda\\\/pla-luminoso-colido-1-75mm-1kg-verde\\\/#primaryimage\"},\"image\":{\"@id\":\"https:\\\/\\\/it3d.com\\\/en\\\/tienda\\\/pla-luminoso-colido-1-75mm-1kg-verde\\\/#primaryimage\"},\"thumbnailUrl\":\"https:\\\/\\\/it3d.com\\\/wp-content\\\/uploads\\\/2020\\\/04\\\/556-3D-GOLD-Filamento-PLA-Luminoso-1.75mm-05-Kg-Verde.jpg\",\"datePublished\":\"2020-04-29T07:50:22+00:00\",\"dateModified\":\"2025-12-19T09:33:28+00:00\",\"breadcrumb\":{\"@id\":\"https:\\\/\\\/it3d.com\\\/en\\\/tienda\\\/pla-luminoso-colido-1-75mm-1kg-verde\\\/#breadcrumb\"},\"inLanguage\":\"en-US\",\"potentialAction\":[{\"@type\":\"ReadAction\",\"target\":[\"https:\\\/\\\/it3d.com\\\/en\\\/tienda\\\/pla-luminoso-colido-1-75mm-1kg-verde\\\/\"]}]},{\"@type\":\"ImageObject\",\"inLanguage\":\"en-US\",\"@id\":\"https:\\\/\\\/it3d.com\\\/en\\\/tienda\\\/pla-luminoso-colido-1-75mm-1kg-verde\\\/#primaryimage\",\"url\":\"https:\\\/\\\/it3d.com\\\/wp-content\\\/uploads\\\/2020\\\/04\\\/556-3D-GOLD-Filamento-PLA-Luminoso-1.75mm-05-Kg-Verde.jpg\",\"contentUrl\":\"https:\\\/\\\/it3d.com\\\/wp-content\\\/uploads\\\/2020\\\/04\\\/556-3D-GOLD-Filamento-PLA-Luminoso-1.75mm-05-Kg-Verde.jpg\",\"width\":484,\"height\":496,\"caption\":\"Pla luminoso colido 1.75mm 1kg verde\"},{\"@type\":\"BreadcrumbList\",\"@id\":\"https:\\\/\\\/it3d.com\\\/en\\\/tienda\\\/pla-luminoso-colido-1-75mm-1kg-verde\\\/#breadcrumb\",\"itemListElement\":[{\"@type\":\"ListItem\",\"position\":1,\"name\":\"Portada\",\"item\":\"https:\\\/\\\/it3d.com\\\/en\\\/front-page-2\\\/\"},{\"@type\":\"ListItem\",\"position\":2,\"name\":\"Tienda\",\"item\":\"https:\\\/\\\/it3d.com\\\/tienda\\\/\"},{\"@type\":\"ListItem\",\"position\":3,\"name\":\"PLA Luminoso Colido 1.75mm 1kg Verde\"}]},{\"@type\":\"WebSite\",\"@id\":\"https:\\\/\\\/it3d.com\\\/en\\\/#website\",\"url\":\"https:\\\/\\\/it3d.com\\\/en\\\/\",\"name\":\"IT3D\",\"description\":\"Aplicaciones integrales de impresi\u00f3n 3D\",\"publisher\":{\"@id\":\"https:\\\/\\\/it3d.com\\\/en\\\/#organization\"},\"alternateName\":\"IT3D\",\"potentialAction\":[{\"@type\":\"SearchAction\",\"target\":{\"@type\":\"EntryPoint\",\"urlTemplate\":\"https:\\\/\\\/it3d.com\\\/en\\\/?s={search_term_string}\"},\"query-input\":{\"@type\":\"PropertyValueSpecification\",\"valueRequired\":true,\"valueName\":\"search_term_string\"}}],\"inLanguage\":\"en-US\"},{\"@type\":\"Organization\",\"@id\":\"https:\\\/\\\/it3d.com\\\/en\\\/#organization\",\"name\":\"IT3D Group\",\"alternateName\":\"IT3D\",\"url\":\"https:\\\/\\\/it3d.com\\\/en\\\/\",\"logo\":{\"@type\":\"ImageObject\",\"inLanguage\":\"en-US\",\"@id\":\"https:\\\/\\\/it3d.com\\\/en\\\/#\\\/schema\\\/logo\\\/image\\\/\",\"url\":\"https:\\\/\\\/it3d.com\\\/wp-content\\\/uploads\\\/2019\\\/10\\\/Logo-it3d-2019.png\",\"contentUrl\":\"https:\\\/\\\/it3d.com\\\/wp-content\\\/uploads\\\/2019\\\/10\\\/Logo-it3d-2019.png\",\"width\":1920,\"height\":1160,\"caption\":\"IT3D Group\"},\"image\":{\"@id\":\"https:\\\/\\\/it3d.com\\\/en\\\/#\\\/schema\\\/logo\\\/image\\\/\"}}]}<\/script>\n<!-- \/ Yoast SEO plugin. -->","yoast_head_json":{"title":"PLA Luminoso Colido 1.75mm 1kg Verde - IT3D","robots":{"index":"index","follow":"follow","max-snippet":"max-snippet:-1","max-image-preview":"max-image-preview:large","max-video-preview":"max-video-preview:-1"},"canonical":"https:\/\/it3d.com\/en\/tienda\/pla-luminoso-colido-1-75mm-1kg-verde\/","og_locale":"en_US","og_type":"article","og_title":"PLA Luminoso Colido 1.75mm 1kg Verde - IT3D","og_description":"El filamento original\u00a0CoLiDo\u00a0luminoso permite que aquellos objetos impresos con \u00e9l brillen en la oscuridad, cualidad que le otorga gran variedad de usos en distintas disciplnas.","og_url":"https:\/\/it3d.com\/en\/tienda\/pla-luminoso-colido-1-75mm-1kg-verde\/","og_site_name":"IT3D","article_modified_time":"2025-12-19T09:33:28+00:00","og_image":[{"width":484,"height":496,"url":"https:\/\/it3d.com\/wp-content\/uploads\/2020\/04\/556-3D-GOLD-Filamento-PLA-Luminoso-1.75mm-05-Kg-Verde.jpg","type":"image\/jpeg"}],"twitter_card":"summary_large_image","schema":{"@context":"https:\/\/schema.org","@graph":[{"@type":"WebPage","@id":"https:\/\/it3d.com\/en\/tienda\/pla-luminoso-colido-1-75mm-1kg-verde\/","url":"https:\/\/it3d.com\/en\/tienda\/pla-luminoso-colido-1-75mm-1kg-verde\/","name":"PLA Luminoso Colido 1.75mm 1kg Verde - IT3D","isPartOf":{"@id":"https:\/\/it3d.com\/en\/#website"},"primaryImageOfPage":{"@id":"https:\/\/it3d.com\/en\/tienda\/pla-luminoso-colido-1-75mm-1kg-verde\/#primaryimage"},"image":{"@id":"https:\/\/it3d.com\/en\/tienda\/pla-luminoso-colido-1-75mm-1kg-verde\/#primaryimage"},"thumbnailUrl":"https:\/\/it3d.com\/wp-content\/uploads\/2020\/04\/556-3D-GOLD-Filamento-PLA-Luminoso-1.75mm-05-Kg-Verde.jpg","datePublished":"2020-04-29T07:50:22+00:00","dateModified":"2025-12-19T09:33:28+00:00","breadcrumb":{"@id":"https:\/\/it3d.com\/en\/tienda\/pla-luminoso-colido-1-75mm-1kg-verde\/#breadcrumb"},"inLanguage":"en-US","potentialAction":[{"@type":"ReadAction","target":["https:\/\/it3d.com\/en\/tienda\/pla-luminoso-colido-1-75mm-1kg-verde\/"]}]},{"@type":"ImageObject","inLanguage":"en-US","@id":"https:\/\/it3d.com\/en\/tienda\/pla-luminoso-colido-1-75mm-1kg-verde\/#primaryimage","url":"https:\/\/it3d.com\/wp-content\/uploads\/2020\/04\/556-3D-GOLD-Filamento-PLA-Luminoso-1.75mm-05-Kg-Verde.jpg","contentUrl":"https:\/\/it3d.com\/wp-content\/uploads\/2020\/04\/556-3D-GOLD-Filamento-PLA-Luminoso-1.75mm-05-Kg-Verde.jpg","width":484,"height":496,"caption":"Pla luminoso colido 1.75mm 1kg verde"},{"@type":"BreadcrumbList","@id":"https:\/\/it3d.com\/en\/tienda\/pla-luminoso-colido-1-75mm-1kg-verde\/#breadcrumb","itemListElement":[{"@type":"ListItem","position":1,"name":"Portada","item":"https:\/\/it3d.com\/en\/front-page-2\/"},{"@type":"ListItem","position":2,"name":"Tienda","item":"https:\/\/it3d.com\/tienda\/"},{"@type":"ListItem","position":3,"name":"PLA Luminoso Colido 1.75mm 1kg Verde"}]},{"@type":"WebSite","@id":"https:\/\/it3d.com\/en\/#website","url":"https:\/\/it3d.com\/en\/","name":"IT3D","description":"Aplicaciones integrales de impresi\u00f3n 3D","publisher":{"@id":"https:\/\/it3d.com\/en\/#organization"},"alternateName":"IT3D","potentialAction":[{"@type":"SearchAction","target":{"@type":"EntryPoint","urlTemplate":"https:\/\/it3d.com\/en\/?s={search_term_string}"},"query-input":{"@type":"PropertyValueSpecification","valueRequired":true,"valueName":"search_term_string"}}],"inLanguage":"en-US"},{"@type":"Organization","@id":"https:\/\/it3d.com\/en\/#organization","name":"IT3D Group","alternateName":"IT3D","url":"https:\/\/it3d.com\/en\/","logo":{"@type":"ImageObject","inLanguage":"en-US","@id":"https:\/\/it3d.com\/en\/#\/schema\/logo\/image\/","url":"https:\/\/it3d.com\/wp-content\/uploads\/2019\/10\/Logo-it3d-2019.png","contentUrl":"https:\/\/it3d.com\/wp-content\/uploads\/2019\/10\/Logo-it3d-2019.png","width":1920,"height":1160,"caption":"IT3D Group"},"image":{"@id":"https:\/\/it3d.com\/en\/#\/schema\/logo\/image\/"}}]}},"_links":{"self":[{"href":"https:\/\/it3d.com\/en\/wp-json\/wp\/v2\/product\/63140","targetHints":{"allow":["GET"]}}],"collection":[{"href":"https:\/\/it3d.com\/en\/wp-json\/wp\/v2\/product"}],"about":[{"href":"https:\/\/it3d.com\/en\/wp-json\/wp\/v2\/types\/product"}],"replies":[{"embeddable":true,"href":"https:\/\/it3d.com\/en\/wp-json\/wp\/v2\/comments?post=63140"}],"wp:featuredmedia":[{"embeddable":true,"href":"https:\/\/it3d.com\/en\/wp-json\/wp\/v2\/media\/62621"}],"wp:attachment":[{"href":"https:\/\/it3d.com\/en\/wp-json\/wp\/v2\/media?parent=63140"}],"wp:term":[{"taxonomy":"product_brand","embeddable":true,"href":"https:\/\/it3d.com\/en\/wp-json\/wp\/v2\/product_brand?post=63140"},{"taxonomy":"product_cat","embeddable":true,"href":"https:\/\/it3d.com\/en\/wp-json\/wp\/v2\/product_cat?post=63140"},{"taxonomy":"product_tag","embeddable":true,"href":"https:\/\/it3d.com\/en\/wp-json\/wp\/v2\/product_tag?post=63140"}],"curies":[{"name":"wp","href":"https:\/\/api.w.org\/{rel}","templated":true}]}}