{"id":63130,"date":"2019-04-30T11:52:52","date_gmt":"2019-04-30T09:52:52","guid":{"rendered":"https:\/\/it3d.com\/producto\/filamentos-gran-formato-silver-5600\/"},"modified":"2025-11-20T07:18:34","modified_gmt":"2025-11-20T06:18:34","slug":"pla-it3d-1-75mm-5600g-silver","status":"publish","type":"product","link":"https:\/\/it3d.com\/en\/tienda\/pla-it3d-1-75mm-5600g-silver\/","title":{"rendered":"PLA IT3D 1.75mm 5600g Silver"},"content":{"rendered":"<p>Baja contracci\u00f3n t\u00e9rmica, por lo que es ideal para imprimir piezas con una increible resoluci\u00f3n, muy precisas y sin deformaci\u00f3n, y con mejores propiedades mec\u00e1nicas y t\u00e9rmicas que nuestro PLA. No necesita cama caliente.<\/p>\n<p><strong>Di\u00e1metro<\/strong>: 1.75mm (\u00b10.03)\u00a0<strong>Formato<\/strong>: M (5600g)<\/p>\n","protected":false},"excerpt":{"rendered":"<p>Filamento fabricado con PLA Ingeo, sin incorporaci\u00f3n de material reciclado ni recuperado. Totalmente estabilizado y con una variabilidad en di\u00e1metro de \u00b10.03 mm. No produce warping. Excelente resoluci\u00f3n en la impresi\u00f3n&#8230;<\/p>\n","protected":false},"featured_media":106301,"comment_status":"closed","ping_status":"closed","template":"","meta":{"content-type":"","generate_page_header":"","iawp_total_views":11},"product_brand":[371],"product_cat":[269,303,285],"product_tag":[],"class_list":{"0":"post-63130","1":"product","2":"type-product","3":"status-publish","4":"has-post-thumbnail","6":"product_brand-it3d","7":"product_cat-filamentos-3d","8":"product_cat-gran-formato-pla","9":"product_cat-pla","10":"no-featured-image-padding","11":"resize-featured-image","12":"sales-flash-overlay","13":"woocommerce-text-align-center","14":"woocommerce-image-align-center","15":"do-quantity-buttons","17":"first","18":"instock","19":"taxable","20":"shipping-taxable","21":"purchasable","22":"product-type-simple"},"exclude_global_add_ons":[],"addons":[],"yoast_head":"<!-- This site is optimized with the Yoast SEO plugin v27.4 - https:\/\/yoast.com\/product\/yoast-seo-wordpress\/ -->\n<title>PLA IT3D 1.75mm 5600g Silver - IT3D<\/title>\n<meta name=\"robots\" content=\"index, follow, max-snippet:-1, max-image-preview:large, max-video-preview:-1\" \/>\n<link rel=\"canonical\" href=\"https:\/\/it3d.com\/en\/tienda\/pla-it3d-1-75mm-5600g-silver\/\" \/>\n<meta property=\"og:locale\" content=\"en_US\" \/>\n<meta property=\"og:type\" content=\"article\" \/>\n<meta property=\"og:title\" content=\"PLA IT3D 1.75mm 5600g Silver - IT3D\" \/>\n<meta property=\"og:description\" content=\"Filamento fabricado con PLA Ingeo, sin incorporaci\u00f3n de material reciclado ni recuperado. Totalmente estabilizado y con una variabilidad en di\u00e1metro de \u00b10.03 mm. No produce warping. Excelente resoluci\u00f3n en la impresi\u00f3n...\" \/>\n<meta property=\"og:url\" content=\"https:\/\/it3d.com\/en\/tienda\/pla-it3d-1-75mm-5600g-silver\/\" \/>\n<meta property=\"og:site_name\" content=\"IT3D\" \/>\n<meta property=\"article:modified_time\" content=\"2025-11-20T06:18:34+00:00\" \/>\n<meta property=\"og:image\" content=\"https:\/\/it3d.com\/wp-content\/uploads\/2025\/487-Filamento-gran-formato-natural.jpg\" \/>\n\t<meta property=\"og:image:width\" content=\"800\" \/>\n\t<meta property=\"og:image:height\" content=\"800\" \/>\n\t<meta property=\"og:image:type\" content=\"image\/jpeg\" \/>\n<meta name=\"twitter:card\" content=\"summary_large_image\" \/>\n<meta name=\"twitter:label1\" content=\"Est. reading time\" \/>\n\t<meta name=\"twitter:data1\" content=\"1 minute\" \/>\n<script type=\"application\/ld+json\" class=\"yoast-schema-graph\">{\"@context\":\"https:\\\/\\\/schema.org\",\"@graph\":[{\"@type\":\"WebPage\",\"@id\":\"https:\\\/\\\/it3d.com\\\/en\\\/tienda\\\/pla-it3d-1-75mm-5600g-silver\\\/\",\"url\":\"https:\\\/\\\/it3d.com\\\/en\\\/tienda\\\/pla-it3d-1-75mm-5600g-silver\\\/\",\"name\":\"PLA IT3D 1.75mm 5600g Silver - IT3D\",\"isPartOf\":{\"@id\":\"https:\\\/\\\/it3d.com\\\/en\\\/#website\"},\"primaryImageOfPage\":{\"@id\":\"https:\\\/\\\/it3d.com\\\/en\\\/tienda\\\/pla-it3d-1-75mm-5600g-silver\\\/#primaryimage\"},\"image\":{\"@id\":\"https:\\\/\\\/it3d.com\\\/en\\\/tienda\\\/pla-it3d-1-75mm-5600g-silver\\\/#primaryimage\"},\"thumbnailUrl\":\"https:\\\/\\\/it3d.com\\\/wp-content\\\/uploads\\\/2025\\\/487-Filamento-gran-formato-natural.jpg\",\"datePublished\":\"2019-04-30T09:52:52+00:00\",\"dateModified\":\"2025-11-20T06:18:34+00:00\",\"breadcrumb\":{\"@id\":\"https:\\\/\\\/it3d.com\\\/en\\\/tienda\\\/pla-it3d-1-75mm-5600g-silver\\\/#breadcrumb\"},\"inLanguage\":\"en-US\",\"potentialAction\":[{\"@type\":\"ReadAction\",\"target\":[\"https:\\\/\\\/it3d.com\\\/en\\\/tienda\\\/pla-it3d-1-75mm-5600g-silver\\\/\"]}]},{\"@type\":\"ImageObject\",\"inLanguage\":\"en-US\",\"@id\":\"https:\\\/\\\/it3d.com\\\/en\\\/tienda\\\/pla-it3d-1-75mm-5600g-silver\\\/#primaryimage\",\"url\":\"https:\\\/\\\/it3d.com\\\/wp-content\\\/uploads\\\/2025\\\/487-Filamento-gran-formato-natural.jpg\",\"contentUrl\":\"https:\\\/\\\/it3d.com\\\/wp-content\\\/uploads\\\/2025\\\/487-Filamento-gran-formato-natural.jpg\",\"width\":800,\"height\":800,\"caption\":\"Pla it3d 1.75mm 5600g silver\"},{\"@type\":\"BreadcrumbList\",\"@id\":\"https:\\\/\\\/it3d.com\\\/en\\\/tienda\\\/pla-it3d-1-75mm-5600g-silver\\\/#breadcrumb\",\"itemListElement\":[{\"@type\":\"ListItem\",\"position\":1,\"name\":\"Portada\",\"item\":\"https:\\\/\\\/it3d.com\\\/en\\\/front-page-2\\\/\"},{\"@type\":\"ListItem\",\"position\":2,\"name\":\"Tienda\",\"item\":\"https:\\\/\\\/it3d.com\\\/tienda\\\/\"},{\"@type\":\"ListItem\",\"position\":3,\"name\":\"PLA IT3D 1.75mm 5600g Silver\"}]},{\"@type\":\"WebSite\",\"@id\":\"https:\\\/\\\/it3d.com\\\/en\\\/#website\",\"url\":\"https:\\\/\\\/it3d.com\\\/en\\\/\",\"name\":\"IT3D\",\"description\":\"Aplicaciones integrales de impresi\u00f3n 3D\",\"publisher\":{\"@id\":\"https:\\\/\\\/it3d.com\\\/en\\\/#organization\"},\"alternateName\":\"IT3D\",\"potentialAction\":[{\"@type\":\"SearchAction\",\"target\":{\"@type\":\"EntryPoint\",\"urlTemplate\":\"https:\\\/\\\/it3d.com\\\/en\\\/?s={search_term_string}\"},\"query-input\":{\"@type\":\"PropertyValueSpecification\",\"valueRequired\":true,\"valueName\":\"search_term_string\"}}],\"inLanguage\":\"en-US\"},{\"@type\":\"Organization\",\"@id\":\"https:\\\/\\\/it3d.com\\\/en\\\/#organization\",\"name\":\"IT3D Group\",\"alternateName\":\"IT3D\",\"url\":\"https:\\\/\\\/it3d.com\\\/en\\\/\",\"logo\":{\"@type\":\"ImageObject\",\"inLanguage\":\"en-US\",\"@id\":\"https:\\\/\\\/it3d.com\\\/en\\\/#\\\/schema\\\/logo\\\/image\\\/\",\"url\":\"https:\\\/\\\/it3d.com\\\/wp-content\\\/uploads\\\/2019\\\/10\\\/Logo-it3d-2019.png\",\"contentUrl\":\"https:\\\/\\\/it3d.com\\\/wp-content\\\/uploads\\\/2019\\\/10\\\/Logo-it3d-2019.png\",\"width\":1920,\"height\":1160,\"caption\":\"IT3D Group\"},\"image\":{\"@id\":\"https:\\\/\\\/it3d.com\\\/en\\\/#\\\/schema\\\/logo\\\/image\\\/\"}}]}<\/script>\n<!-- \/ Yoast SEO plugin. -->","yoast_head_json":{"title":"PLA IT3D 1.75mm 5600g Silver - IT3D","robots":{"index":"index","follow":"follow","max-snippet":"max-snippet:-1","max-image-preview":"max-image-preview:large","max-video-preview":"max-video-preview:-1"},"canonical":"https:\/\/it3d.com\/en\/tienda\/pla-it3d-1-75mm-5600g-silver\/","og_locale":"en_US","og_type":"article","og_title":"PLA IT3D 1.75mm 5600g Silver - IT3D","og_description":"Filamento fabricado con PLA Ingeo, sin incorporaci\u00f3n de material reciclado ni recuperado. Totalmente estabilizado y con una variabilidad en di\u00e1metro de \u00b10.03 mm. No produce warping. Excelente resoluci\u00f3n en la impresi\u00f3n...","og_url":"https:\/\/it3d.com\/en\/tienda\/pla-it3d-1-75mm-5600g-silver\/","og_site_name":"IT3D","article_modified_time":"2025-11-20T06:18:34+00:00","og_image":[{"width":800,"height":800,"url":"https:\/\/it3d.com\/wp-content\/uploads\/2025\/487-Filamento-gran-formato-natural.jpg","type":"image\/jpeg"}],"twitter_card":"summary_large_image","twitter_misc":{"Est. reading time":"1 minute"},"schema":{"@context":"https:\/\/schema.org","@graph":[{"@type":"WebPage","@id":"https:\/\/it3d.com\/en\/tienda\/pla-it3d-1-75mm-5600g-silver\/","url":"https:\/\/it3d.com\/en\/tienda\/pla-it3d-1-75mm-5600g-silver\/","name":"PLA IT3D 1.75mm 5600g Silver - IT3D","isPartOf":{"@id":"https:\/\/it3d.com\/en\/#website"},"primaryImageOfPage":{"@id":"https:\/\/it3d.com\/en\/tienda\/pla-it3d-1-75mm-5600g-silver\/#primaryimage"},"image":{"@id":"https:\/\/it3d.com\/en\/tienda\/pla-it3d-1-75mm-5600g-silver\/#primaryimage"},"thumbnailUrl":"https:\/\/it3d.com\/wp-content\/uploads\/2025\/487-Filamento-gran-formato-natural.jpg","datePublished":"2019-04-30T09:52:52+00:00","dateModified":"2025-11-20T06:18:34+00:00","breadcrumb":{"@id":"https:\/\/it3d.com\/en\/tienda\/pla-it3d-1-75mm-5600g-silver\/#breadcrumb"},"inLanguage":"en-US","potentialAction":[{"@type":"ReadAction","target":["https:\/\/it3d.com\/en\/tienda\/pla-it3d-1-75mm-5600g-silver\/"]}]},{"@type":"ImageObject","inLanguage":"en-US","@id":"https:\/\/it3d.com\/en\/tienda\/pla-it3d-1-75mm-5600g-silver\/#primaryimage","url":"https:\/\/it3d.com\/wp-content\/uploads\/2025\/487-Filamento-gran-formato-natural.jpg","contentUrl":"https:\/\/it3d.com\/wp-content\/uploads\/2025\/487-Filamento-gran-formato-natural.jpg","width":800,"height":800,"caption":"Pla it3d 1.75mm 5600g silver"},{"@type":"BreadcrumbList","@id":"https:\/\/it3d.com\/en\/tienda\/pla-it3d-1-75mm-5600g-silver\/#breadcrumb","itemListElement":[{"@type":"ListItem","position":1,"name":"Portada","item":"https:\/\/it3d.com\/en\/front-page-2\/"},{"@type":"ListItem","position":2,"name":"Tienda","item":"https:\/\/it3d.com\/tienda\/"},{"@type":"ListItem","position":3,"name":"PLA IT3D 1.75mm 5600g Silver"}]},{"@type":"WebSite","@id":"https:\/\/it3d.com\/en\/#website","url":"https:\/\/it3d.com\/en\/","name":"IT3D","description":"Aplicaciones integrales de impresi\u00f3n 3D","publisher":{"@id":"https:\/\/it3d.com\/en\/#organization"},"alternateName":"IT3D","potentialAction":[{"@type":"SearchAction","target":{"@type":"EntryPoint","urlTemplate":"https:\/\/it3d.com\/en\/?s={search_term_string}"},"query-input":{"@type":"PropertyValueSpecification","valueRequired":true,"valueName":"search_term_string"}}],"inLanguage":"en-US"},{"@type":"Organization","@id":"https:\/\/it3d.com\/en\/#organization","name":"IT3D Group","alternateName":"IT3D","url":"https:\/\/it3d.com\/en\/","logo":{"@type":"ImageObject","inLanguage":"en-US","@id":"https:\/\/it3d.com\/en\/#\/schema\/logo\/image\/","url":"https:\/\/it3d.com\/wp-content\/uploads\/2019\/10\/Logo-it3d-2019.png","contentUrl":"https:\/\/it3d.com\/wp-content\/uploads\/2019\/10\/Logo-it3d-2019.png","width":1920,"height":1160,"caption":"IT3D Group"},"image":{"@id":"https:\/\/it3d.com\/en\/#\/schema\/logo\/image\/"}}]}},"_links":{"self":[{"href":"https:\/\/it3d.com\/en\/wp-json\/wp\/v2\/product\/63130","targetHints":{"allow":["GET"]}}],"collection":[{"href":"https:\/\/it3d.com\/en\/wp-json\/wp\/v2\/product"}],"about":[{"href":"https:\/\/it3d.com\/en\/wp-json\/wp\/v2\/types\/product"}],"replies":[{"embeddable":true,"href":"https:\/\/it3d.com\/en\/wp-json\/wp\/v2\/comments?post=63130"}],"wp:featuredmedia":[{"embeddable":true,"href":"https:\/\/it3d.com\/en\/wp-json\/wp\/v2\/media\/106301"}],"wp:attachment":[{"href":"https:\/\/it3d.com\/en\/wp-json\/wp\/v2\/media?parent=63130"}],"wp:term":[{"taxonomy":"product_brand","embeddable":true,"href":"https:\/\/it3d.com\/en\/wp-json\/wp\/v2\/product_brand?post=63130"},{"taxonomy":"product_cat","embeddable":true,"href":"https:\/\/it3d.com\/en\/wp-json\/wp\/v2\/product_cat?post=63130"},{"taxonomy":"product_tag","embeddable":true,"href":"https:\/\/it3d.com\/en\/wp-json\/wp\/v2\/product_tag?post=63130"}],"curies":[{"name":"wp","href":"https:\/\/api.w.org\/{rel}","templated":true}]}}