{"id":63129,"date":"2019-04-30T11:45:46","date_gmt":"2019-04-30T09:45:46","guid":{"rendered":"https:\/\/it3d.com\/producto\/filamentos-gran-formato-natural-5600\/"},"modified":"2025-11-19T23:35:19","modified_gmt":"2025-11-19T22:35:19","slug":"filamentos-gran-formato-natural-5600","status":"publish","type":"product","link":"https:\/\/it3d.com\/en\/tienda\/filamentos-gran-formato-natural-5600\/","title":{"rendered":"IT3D Filamento PLA Natural 1.75 mm 5600g"},"content":{"rendered":"<p>Baja contracci\u00f3n t\u00e9rmica, por lo que es ideal para imprimir piezas con una increible resoluci\u00f3n, muy precisas y sin deformaci\u00f3n, y con mejores propiedades mec\u00e1nicas y t\u00e9rmicas que nuestro PLA. No necesita cama caliente.<\/p>\n<p><strong>Di\u00e1metro<\/strong>: 1.75mm (\u00b10.03)\u00a0<strong>Formato<\/strong>: M (5600g)<\/p>\n","protected":false},"excerpt":{"rendered":"<p>Filamento fabricado con PLA Ingeo, sin incorporaci\u00f3n de material reciclado ni recuperado. Totalmente estabilizado y con una variabilidad en di\u00e1metro de \u00b10.03 mm. No produce warping. Excelente resoluci\u00f3n en la impresi\u00f3n&#8230;<\/p>\n","protected":false},"featured_media":106297,"comment_status":"closed","ping_status":"closed","template":"","meta":{"content-type":"","generate_page_header":"","iawp_total_views":2},"product_brand":[371],"product_cat":[269,303,400,285],"product_tag":[],"class_list":{"0":"post-63129","1":"product","2":"type-product","3":"status-publish","4":"has-post-thumbnail","6":"product_brand-it3d","7":"product_cat-filamentos-3d","8":"product_cat-gran-formato-pla","9":"product_cat-outlet","10":"product_cat-pla","11":"no-featured-image-padding","12":"resize-featured-image","13":"sales-flash-overlay","14":"woocommerce-text-align-center","15":"woocommerce-image-align-center","16":"do-quantity-buttons","18":"first","19":"instock","20":"sale","21":"taxable","22":"shipping-taxable","23":"purchasable","24":"product-type-simple"},"exclude_global_add_ons":[],"addons":[],"yoast_head":"<!-- This site is optimized with the Yoast SEO plugin v27.4 - https:\/\/yoast.com\/product\/yoast-seo-wordpress\/ -->\n<title>IT3D Filamento PLA Natural 1.75 mm 5600g - IT3D<\/title>\n<meta name=\"robots\" content=\"index, follow, max-snippet:-1, max-image-preview:large, max-video-preview:-1\" \/>\n<link rel=\"canonical\" href=\"https:\/\/it3d.com\/en\/tienda\/filamentos-gran-formato-natural-5600\/\" \/>\n<meta property=\"og:locale\" content=\"en_US\" \/>\n<meta property=\"og:type\" content=\"article\" \/>\n<meta property=\"og:title\" content=\"IT3D Filamento PLA Natural 1.75 mm 5600g - IT3D\" \/>\n<meta property=\"og:description\" content=\"Filamento fabricado con PLA Ingeo, sin incorporaci\u00f3n de material reciclado ni recuperado. Totalmente estabilizado y con una variabilidad en di\u00e1metro de \u00b10.03 mm. No produce warping. Excelente resoluci\u00f3n en la impresi\u00f3n...\" \/>\n<meta property=\"og:url\" content=\"https:\/\/it3d.com\/en\/tienda\/filamentos-gran-formato-natural-5600\/\" \/>\n<meta property=\"og:site_name\" content=\"IT3D\" \/>\n<meta property=\"article:modified_time\" content=\"2025-11-19T22:35:19+00:00\" \/>\n<meta property=\"og:image\" content=\"https:\/\/it3d.com\/wp-content\/uploads\/2025\/485-Filamento-gran-formato-natural.jpg.jpg\" \/>\n\t<meta property=\"og:image:width\" content=\"800\" \/>\n\t<meta property=\"og:image:height\" content=\"800\" \/>\n\t<meta property=\"og:image:type\" content=\"image\/jpeg\" \/>\n<meta name=\"twitter:card\" content=\"summary_large_image\" \/>\n<meta name=\"twitter:label1\" content=\"Est. reading time\" \/>\n\t<meta name=\"twitter:data1\" content=\"1 minute\" \/>\n<script type=\"application\/ld+json\" class=\"yoast-schema-graph\">{\"@context\":\"https:\\\/\\\/schema.org\",\"@graph\":[{\"@type\":\"WebPage\",\"@id\":\"https:\\\/\\\/it3d.com\\\/en\\\/tienda\\\/filamentos-gran-formato-natural-5600\\\/\",\"url\":\"https:\\\/\\\/it3d.com\\\/en\\\/tienda\\\/filamentos-gran-formato-natural-5600\\\/\",\"name\":\"IT3D Filamento PLA Natural 1.75 mm 5600g - IT3D\",\"isPartOf\":{\"@id\":\"https:\\\/\\\/it3d.com\\\/en\\\/#website\"},\"primaryImageOfPage\":{\"@id\":\"https:\\\/\\\/it3d.com\\\/en\\\/tienda\\\/filamentos-gran-formato-natural-5600\\\/#primaryimage\"},\"image\":{\"@id\":\"https:\\\/\\\/it3d.com\\\/en\\\/tienda\\\/filamentos-gran-formato-natural-5600\\\/#primaryimage\"},\"thumbnailUrl\":\"https:\\\/\\\/it3d.com\\\/wp-content\\\/uploads\\\/2025\\\/485-Filamento-gran-formato-natural.jpg.jpg\",\"datePublished\":\"2019-04-30T09:45:46+00:00\",\"dateModified\":\"2025-11-19T22:35:19+00:00\",\"breadcrumb\":{\"@id\":\"https:\\\/\\\/it3d.com\\\/en\\\/tienda\\\/filamentos-gran-formato-natural-5600\\\/#breadcrumb\"},\"inLanguage\":\"en-US\",\"potentialAction\":[{\"@type\":\"ReadAction\",\"target\":[\"https:\\\/\\\/it3d.com\\\/en\\\/tienda\\\/filamentos-gran-formato-natural-5600\\\/\"]}]},{\"@type\":\"ImageObject\",\"inLanguage\":\"en-US\",\"@id\":\"https:\\\/\\\/it3d.com\\\/en\\\/tienda\\\/filamentos-gran-formato-natural-5600\\\/#primaryimage\",\"url\":\"https:\\\/\\\/it3d.com\\\/wp-content\\\/uploads\\\/2025\\\/485-Filamento-gran-formato-natural.jpg.jpg\",\"contentUrl\":\"https:\\\/\\\/it3d.com\\\/wp-content\\\/uploads\\\/2025\\\/485-Filamento-gran-formato-natural.jpg.jpg\",\"width\":800,\"height\":800,\"caption\":\"It3d filamento pla natural 1.75 mm 5600g\"},{\"@type\":\"BreadcrumbList\",\"@id\":\"https:\\\/\\\/it3d.com\\\/en\\\/tienda\\\/filamentos-gran-formato-natural-5600\\\/#breadcrumb\",\"itemListElement\":[{\"@type\":\"ListItem\",\"position\":1,\"name\":\"Portada\",\"item\":\"https:\\\/\\\/it3d.com\\\/en\\\/front-page-2\\\/\"},{\"@type\":\"ListItem\",\"position\":2,\"name\":\"Tienda\",\"item\":\"https:\\\/\\\/it3d.com\\\/tienda\\\/\"},{\"@type\":\"ListItem\",\"position\":3,\"name\":\"IT3D Filamento PLA Natural 1.75 mm 5600g\"}]},{\"@type\":\"WebSite\",\"@id\":\"https:\\\/\\\/it3d.com\\\/en\\\/#website\",\"url\":\"https:\\\/\\\/it3d.com\\\/en\\\/\",\"name\":\"IT3D\",\"description\":\"Aplicaciones integrales de impresi\u00f3n 3D\",\"publisher\":{\"@id\":\"https:\\\/\\\/it3d.com\\\/en\\\/#organization\"},\"alternateName\":\"IT3D\",\"potentialAction\":[{\"@type\":\"SearchAction\",\"target\":{\"@type\":\"EntryPoint\",\"urlTemplate\":\"https:\\\/\\\/it3d.com\\\/en\\\/?s={search_term_string}\"},\"query-input\":{\"@type\":\"PropertyValueSpecification\",\"valueRequired\":true,\"valueName\":\"search_term_string\"}}],\"inLanguage\":\"en-US\"},{\"@type\":\"Organization\",\"@id\":\"https:\\\/\\\/it3d.com\\\/en\\\/#organization\",\"name\":\"IT3D Group\",\"alternateName\":\"IT3D\",\"url\":\"https:\\\/\\\/it3d.com\\\/en\\\/\",\"logo\":{\"@type\":\"ImageObject\",\"inLanguage\":\"en-US\",\"@id\":\"https:\\\/\\\/it3d.com\\\/en\\\/#\\\/schema\\\/logo\\\/image\\\/\",\"url\":\"https:\\\/\\\/it3d.com\\\/wp-content\\\/uploads\\\/2019\\\/10\\\/Logo-it3d-2019.png\",\"contentUrl\":\"https:\\\/\\\/it3d.com\\\/wp-content\\\/uploads\\\/2019\\\/10\\\/Logo-it3d-2019.png\",\"width\":1920,\"height\":1160,\"caption\":\"IT3D Group\"},\"image\":{\"@id\":\"https:\\\/\\\/it3d.com\\\/en\\\/#\\\/schema\\\/logo\\\/image\\\/\"}}]}<\/script>\n<!-- \/ Yoast SEO plugin. -->","yoast_head_json":{"title":"IT3D Filamento PLA Natural 1.75 mm 5600g - IT3D","robots":{"index":"index","follow":"follow","max-snippet":"max-snippet:-1","max-image-preview":"max-image-preview:large","max-video-preview":"max-video-preview:-1"},"canonical":"https:\/\/it3d.com\/en\/tienda\/filamentos-gran-formato-natural-5600\/","og_locale":"en_US","og_type":"article","og_title":"IT3D Filamento PLA Natural 1.75 mm 5600g - IT3D","og_description":"Filamento fabricado con PLA Ingeo, sin incorporaci\u00f3n de material reciclado ni recuperado. Totalmente estabilizado y con una variabilidad en di\u00e1metro de \u00b10.03 mm. No produce warping. Excelente resoluci\u00f3n en la impresi\u00f3n...","og_url":"https:\/\/it3d.com\/en\/tienda\/filamentos-gran-formato-natural-5600\/","og_site_name":"IT3D","article_modified_time":"2025-11-19T22:35:19+00:00","og_image":[{"width":800,"height":800,"url":"https:\/\/it3d.com\/wp-content\/uploads\/2025\/485-Filamento-gran-formato-natural.jpg.jpg","type":"image\/jpeg"}],"twitter_card":"summary_large_image","twitter_misc":{"Est. reading time":"1 minute"},"schema":{"@context":"https:\/\/schema.org","@graph":[{"@type":"WebPage","@id":"https:\/\/it3d.com\/en\/tienda\/filamentos-gran-formato-natural-5600\/","url":"https:\/\/it3d.com\/en\/tienda\/filamentos-gran-formato-natural-5600\/","name":"IT3D Filamento PLA Natural 1.75 mm 5600g - IT3D","isPartOf":{"@id":"https:\/\/it3d.com\/en\/#website"},"primaryImageOfPage":{"@id":"https:\/\/it3d.com\/en\/tienda\/filamentos-gran-formato-natural-5600\/#primaryimage"},"image":{"@id":"https:\/\/it3d.com\/en\/tienda\/filamentos-gran-formato-natural-5600\/#primaryimage"},"thumbnailUrl":"https:\/\/it3d.com\/wp-content\/uploads\/2025\/485-Filamento-gran-formato-natural.jpg.jpg","datePublished":"2019-04-30T09:45:46+00:00","dateModified":"2025-11-19T22:35:19+00:00","breadcrumb":{"@id":"https:\/\/it3d.com\/en\/tienda\/filamentos-gran-formato-natural-5600\/#breadcrumb"},"inLanguage":"en-US","potentialAction":[{"@type":"ReadAction","target":["https:\/\/it3d.com\/en\/tienda\/filamentos-gran-formato-natural-5600\/"]}]},{"@type":"ImageObject","inLanguage":"en-US","@id":"https:\/\/it3d.com\/en\/tienda\/filamentos-gran-formato-natural-5600\/#primaryimage","url":"https:\/\/it3d.com\/wp-content\/uploads\/2025\/485-Filamento-gran-formato-natural.jpg.jpg","contentUrl":"https:\/\/it3d.com\/wp-content\/uploads\/2025\/485-Filamento-gran-formato-natural.jpg.jpg","width":800,"height":800,"caption":"It3d filamento pla natural 1.75 mm 5600g"},{"@type":"BreadcrumbList","@id":"https:\/\/it3d.com\/en\/tienda\/filamentos-gran-formato-natural-5600\/#breadcrumb","itemListElement":[{"@type":"ListItem","position":1,"name":"Portada","item":"https:\/\/it3d.com\/en\/front-page-2\/"},{"@type":"ListItem","position":2,"name":"Tienda","item":"https:\/\/it3d.com\/tienda\/"},{"@type":"ListItem","position":3,"name":"IT3D Filamento PLA Natural 1.75 mm 5600g"}]},{"@type":"WebSite","@id":"https:\/\/it3d.com\/en\/#website","url":"https:\/\/it3d.com\/en\/","name":"IT3D","description":"Aplicaciones integrales de impresi\u00f3n 3D","publisher":{"@id":"https:\/\/it3d.com\/en\/#organization"},"alternateName":"IT3D","potentialAction":[{"@type":"SearchAction","target":{"@type":"EntryPoint","urlTemplate":"https:\/\/it3d.com\/en\/?s={search_term_string}"},"query-input":{"@type":"PropertyValueSpecification","valueRequired":true,"valueName":"search_term_string"}}],"inLanguage":"en-US"},{"@type":"Organization","@id":"https:\/\/it3d.com\/en\/#organization","name":"IT3D Group","alternateName":"IT3D","url":"https:\/\/it3d.com\/en\/","logo":{"@type":"ImageObject","inLanguage":"en-US","@id":"https:\/\/it3d.com\/en\/#\/schema\/logo\/image\/","url":"https:\/\/it3d.com\/wp-content\/uploads\/2019\/10\/Logo-it3d-2019.png","contentUrl":"https:\/\/it3d.com\/wp-content\/uploads\/2019\/10\/Logo-it3d-2019.png","width":1920,"height":1160,"caption":"IT3D Group"},"image":{"@id":"https:\/\/it3d.com\/en\/#\/schema\/logo\/image\/"}}]}},"_links":{"self":[{"href":"https:\/\/it3d.com\/en\/wp-json\/wp\/v2\/product\/63129","targetHints":{"allow":["GET"]}}],"collection":[{"href":"https:\/\/it3d.com\/en\/wp-json\/wp\/v2\/product"}],"about":[{"href":"https:\/\/it3d.com\/en\/wp-json\/wp\/v2\/types\/product"}],"replies":[{"embeddable":true,"href":"https:\/\/it3d.com\/en\/wp-json\/wp\/v2\/comments?post=63129"}],"wp:featuredmedia":[{"embeddable":true,"href":"https:\/\/it3d.com\/en\/wp-json\/wp\/v2\/media\/106297"}],"wp:attachment":[{"href":"https:\/\/it3d.com\/en\/wp-json\/wp\/v2\/media?parent=63129"}],"wp:term":[{"taxonomy":"product_brand","embeddable":true,"href":"https:\/\/it3d.com\/en\/wp-json\/wp\/v2\/product_brand?post=63129"},{"taxonomy":"product_cat","embeddable":true,"href":"https:\/\/it3d.com\/en\/wp-json\/wp\/v2\/product_cat?post=63129"},{"taxonomy":"product_tag","embeddable":true,"href":"https:\/\/it3d.com\/en\/wp-json\/wp\/v2\/product_tag?post=63129"}],"curies":[{"name":"wp","href":"https:\/\/api.w.org\/{rel}","templated":true}]}}