{"id":63119,"date":"2018-06-12T12:17:06","date_gmt":"2018-06-12T10:17:06","guid":{"rendered":"https:\/\/it3d.com\/producto\/filamentos-gran-formato-negro\/"},"modified":"2025-11-19T23:55:29","modified_gmt":"2025-11-19T22:55:29","slug":"filamento-pla-negro-1-75mm-33kg-it3d","status":"publish","type":"product","link":"https:\/\/it3d.com\/en\/tienda\/filamento-pla-negro-1-75mm-33kg-it3d\/","title":{"rendered":"Filamento PLA Negro 1.75mm 3,3kg &#8211;  IT3D"},"content":{"rendered":"<p class=\"p1\">\u00c1cido Polil\u00e1ctico o Polil\u00e1ctido. Pl\u00e1stico biodegradable debido a su origen natural (ma\u00edz, patata o ca\u00f1a de az\u00facar). La textura final no es tan suave como la del ABS, ni es tan resistente. Sin embargo, las piezas impresas se comportan mejor con los \u00e1ngulos, resultan m\u00e1s brillantes y no necesita cama caliente.<\/p>\n","protected":false},"excerpt":{"rendered":"<p class=\"p1\">Nuestros filamento de gran formato esta\u0301n fabricado con materia prima de primera calidad, sin incorporacio\u0301n de material reciclado ni recuperado. Totalmente estabilizado y con una variabilidad en dia\u0301metro de \u00b10.03 mm. No producen warping y proporcionan una excelente resolucio\u0301n en la impresio\u0301n. Esta\u0301n disponibles en 3 taman\u0303os: XL (3,3 KG), XXL (5,6 KG) y XXXL (8 KG)<\/p>\n","protected":false},"featured_media":62412,"comment_status":"closed","ping_status":"closed","template":"","meta":{"content-type":"","generate_page_header":"","iawp_total_views":6},"product_brand":[371],"product_cat":[269,303,285],"product_tag":[],"class_list":{"0":"post-63119","1":"product","2":"type-product","3":"status-publish","4":"has-post-thumbnail","6":"product_brand-it3d","7":"product_cat-filamentos-3d","8":"product_cat-gran-formato-pla","9":"product_cat-pla","10":"no-featured-image-padding","11":"resize-featured-image","12":"sales-flash-overlay","13":"woocommerce-text-align-center","14":"woocommerce-image-align-center","15":"do-quantity-buttons","17":"first","18":"onbackorder","19":"taxable","20":"shipping-taxable","21":"product-type-simple"},"exclude_global_add_ons":[],"addons":[],"yoast_head":"<!-- This site is optimized with the Yoast SEO plugin v27.4 - https:\/\/yoast.com\/product\/yoast-seo-wordpress\/ -->\n<title>Filamento PLA Negro 1.75mm 3,3kg - IT3D - IT3D<\/title>\n<meta name=\"robots\" content=\"index, follow, max-snippet:-1, max-image-preview:large, max-video-preview:-1\" \/>\n<link rel=\"canonical\" href=\"https:\/\/it3d.com\/en\/tienda\/filamento-pla-negro-1-75mm-33kg-it3d\/\" \/>\n<meta property=\"og:locale\" content=\"en_US\" \/>\n<meta property=\"og:type\" content=\"article\" \/>\n<meta property=\"og:title\" content=\"Filamento PLA Negro 1.75mm 3,3kg - IT3D - IT3D\" \/>\n<meta property=\"og:description\" content=\"Nuestros filamento de gran formato esta\u0301n fabricado con materia prima de primera calidad, sin incorporacio\u0301n de material reciclado ni recuperado. Totalmente estabilizado y con una variabilidad en dia\u0301metro de \u00b10.03 mm. No producen warping y proporcionan una excelente resolucio\u0301n en la impresio\u0301n. Esta\u0301n disponibles en 3 taman\u0303os: XL (3,3 KG), XXL (5,6 KG) y XXXL (8 KG)\" \/>\n<meta property=\"og:url\" content=\"https:\/\/it3d.com\/en\/tienda\/filamento-pla-negro-1-75mm-33kg-it3d\/\" \/>\n<meta property=\"og:site_name\" content=\"IT3D\" \/>\n<meta property=\"article:modified_time\" content=\"2025-11-19T22:55:29+00:00\" \/>\n<meta property=\"og:image\" content=\"https:\/\/it3d.com\/wp-content\/uploads\/2018\/06\/433-Filamento-gran-formato-negro.jpg\" \/>\n\t<meta property=\"og:image:width\" content=\"1200\" \/>\n\t<meta property=\"og:image:height\" content=\"848\" \/>\n\t<meta property=\"og:image:type\" content=\"image\/jpeg\" \/>\n<meta name=\"twitter:card\" content=\"summary_large_image\" \/>\n<meta name=\"twitter:label1\" content=\"Est. reading time\" \/>\n\t<meta name=\"twitter:data1\" content=\"1 minute\" \/>\n<script type=\"application\/ld+json\" class=\"yoast-schema-graph\">{\"@context\":\"https:\\\/\\\/schema.org\",\"@graph\":[{\"@type\":\"WebPage\",\"@id\":\"https:\\\/\\\/it3d.com\\\/en\\\/tienda\\\/filamento-pla-negro-1-75mm-33kg-it3d\\\/\",\"url\":\"https:\\\/\\\/it3d.com\\\/en\\\/tienda\\\/filamento-pla-negro-1-75mm-33kg-it3d\\\/\",\"name\":\"Filamento PLA Negro 1.75mm 3,3kg - IT3D - IT3D\",\"isPartOf\":{\"@id\":\"https:\\\/\\\/it3d.com\\\/en\\\/#website\"},\"primaryImageOfPage\":{\"@id\":\"https:\\\/\\\/it3d.com\\\/en\\\/tienda\\\/filamento-pla-negro-1-75mm-33kg-it3d\\\/#primaryimage\"},\"image\":{\"@id\":\"https:\\\/\\\/it3d.com\\\/en\\\/tienda\\\/filamento-pla-negro-1-75mm-33kg-it3d\\\/#primaryimage\"},\"thumbnailUrl\":\"https:\\\/\\\/it3d.com\\\/wp-content\\\/uploads\\\/2018\\\/06\\\/433-Filamento-gran-formato-negro.jpg\",\"datePublished\":\"2018-06-12T10:17:06+00:00\",\"dateModified\":\"2025-11-19T22:55:29+00:00\",\"breadcrumb\":{\"@id\":\"https:\\\/\\\/it3d.com\\\/en\\\/tienda\\\/filamento-pla-negro-1-75mm-33kg-it3d\\\/#breadcrumb\"},\"inLanguage\":\"en-US\",\"potentialAction\":[{\"@type\":\"ReadAction\",\"target\":[\"https:\\\/\\\/it3d.com\\\/en\\\/tienda\\\/filamento-pla-negro-1-75mm-33kg-it3d\\\/\"]}]},{\"@type\":\"ImageObject\",\"inLanguage\":\"en-US\",\"@id\":\"https:\\\/\\\/it3d.com\\\/en\\\/tienda\\\/filamento-pla-negro-1-75mm-33kg-it3d\\\/#primaryimage\",\"url\":\"https:\\\/\\\/it3d.com\\\/wp-content\\\/uploads\\\/2018\\\/06\\\/433-Filamento-gran-formato-negro.jpg\",\"contentUrl\":\"https:\\\/\\\/it3d.com\\\/wp-content\\\/uploads\\\/2018\\\/06\\\/433-Filamento-gran-formato-negro.jpg\",\"width\":1200,\"height\":848,\"caption\":\"Filamento pla negro 1.75mm 3,3kg - it3d\"},{\"@type\":\"BreadcrumbList\",\"@id\":\"https:\\\/\\\/it3d.com\\\/en\\\/tienda\\\/filamento-pla-negro-1-75mm-33kg-it3d\\\/#breadcrumb\",\"itemListElement\":[{\"@type\":\"ListItem\",\"position\":1,\"name\":\"Portada\",\"item\":\"https:\\\/\\\/it3d.com\\\/en\\\/front-page-2\\\/\"},{\"@type\":\"ListItem\",\"position\":2,\"name\":\"Tienda\",\"item\":\"https:\\\/\\\/it3d.com\\\/tienda\\\/\"},{\"@type\":\"ListItem\",\"position\":3,\"name\":\"Filamento PLA Negro 1.75mm 3,3kg &#8211; IT3D\"}]},{\"@type\":\"WebSite\",\"@id\":\"https:\\\/\\\/it3d.com\\\/en\\\/#website\",\"url\":\"https:\\\/\\\/it3d.com\\\/en\\\/\",\"name\":\"IT3D\",\"description\":\"Aplicaciones integrales de impresi\u00f3n 3D\",\"publisher\":{\"@id\":\"https:\\\/\\\/it3d.com\\\/en\\\/#organization\"},\"alternateName\":\"IT3D\",\"potentialAction\":[{\"@type\":\"SearchAction\",\"target\":{\"@type\":\"EntryPoint\",\"urlTemplate\":\"https:\\\/\\\/it3d.com\\\/en\\\/?s={search_term_string}\"},\"query-input\":{\"@type\":\"PropertyValueSpecification\",\"valueRequired\":true,\"valueName\":\"search_term_string\"}}],\"inLanguage\":\"en-US\"},{\"@type\":\"Organization\",\"@id\":\"https:\\\/\\\/it3d.com\\\/en\\\/#organization\",\"name\":\"IT3D Group\",\"alternateName\":\"IT3D\",\"url\":\"https:\\\/\\\/it3d.com\\\/en\\\/\",\"logo\":{\"@type\":\"ImageObject\",\"inLanguage\":\"en-US\",\"@id\":\"https:\\\/\\\/it3d.com\\\/en\\\/#\\\/schema\\\/logo\\\/image\\\/\",\"url\":\"https:\\\/\\\/it3d.com\\\/wp-content\\\/uploads\\\/2019\\\/10\\\/Logo-it3d-2019.png\",\"contentUrl\":\"https:\\\/\\\/it3d.com\\\/wp-content\\\/uploads\\\/2019\\\/10\\\/Logo-it3d-2019.png\",\"width\":1920,\"height\":1160,\"caption\":\"IT3D Group\"},\"image\":{\"@id\":\"https:\\\/\\\/it3d.com\\\/en\\\/#\\\/schema\\\/logo\\\/image\\\/\"}}]}<\/script>\n<!-- \/ Yoast SEO plugin. -->","yoast_head_json":{"title":"Filamento PLA Negro 1.75mm 3,3kg - IT3D - IT3D","robots":{"index":"index","follow":"follow","max-snippet":"max-snippet:-1","max-image-preview":"max-image-preview:large","max-video-preview":"max-video-preview:-1"},"canonical":"https:\/\/it3d.com\/en\/tienda\/filamento-pla-negro-1-75mm-33kg-it3d\/","og_locale":"en_US","og_type":"article","og_title":"Filamento PLA Negro 1.75mm 3,3kg - IT3D - IT3D","og_description":"Nuestros filamento de gran formato esta\u0301n fabricado con materia prima de primera calidad, sin incorporacio\u0301n de material reciclado ni recuperado. Totalmente estabilizado y con una variabilidad en dia\u0301metro de \u00b10.03 mm. No producen warping y proporcionan una excelente resolucio\u0301n en la impresio\u0301n. Esta\u0301n disponibles en 3 taman\u0303os: XL (3,3 KG), XXL (5,6 KG) y XXXL (8 KG)","og_url":"https:\/\/it3d.com\/en\/tienda\/filamento-pla-negro-1-75mm-33kg-it3d\/","og_site_name":"IT3D","article_modified_time":"2025-11-19T22:55:29+00:00","og_image":[{"width":1200,"height":848,"url":"https:\/\/it3d.com\/wp-content\/uploads\/2018\/06\/433-Filamento-gran-formato-negro.jpg","type":"image\/jpeg"}],"twitter_card":"summary_large_image","twitter_misc":{"Est. reading time":"1 minute"},"schema":{"@context":"https:\/\/schema.org","@graph":[{"@type":"WebPage","@id":"https:\/\/it3d.com\/en\/tienda\/filamento-pla-negro-1-75mm-33kg-it3d\/","url":"https:\/\/it3d.com\/en\/tienda\/filamento-pla-negro-1-75mm-33kg-it3d\/","name":"Filamento PLA Negro 1.75mm 3,3kg - IT3D - IT3D","isPartOf":{"@id":"https:\/\/it3d.com\/en\/#website"},"primaryImageOfPage":{"@id":"https:\/\/it3d.com\/en\/tienda\/filamento-pla-negro-1-75mm-33kg-it3d\/#primaryimage"},"image":{"@id":"https:\/\/it3d.com\/en\/tienda\/filamento-pla-negro-1-75mm-33kg-it3d\/#primaryimage"},"thumbnailUrl":"https:\/\/it3d.com\/wp-content\/uploads\/2018\/06\/433-Filamento-gran-formato-negro.jpg","datePublished":"2018-06-12T10:17:06+00:00","dateModified":"2025-11-19T22:55:29+00:00","breadcrumb":{"@id":"https:\/\/it3d.com\/en\/tienda\/filamento-pla-negro-1-75mm-33kg-it3d\/#breadcrumb"},"inLanguage":"en-US","potentialAction":[{"@type":"ReadAction","target":["https:\/\/it3d.com\/en\/tienda\/filamento-pla-negro-1-75mm-33kg-it3d\/"]}]},{"@type":"ImageObject","inLanguage":"en-US","@id":"https:\/\/it3d.com\/en\/tienda\/filamento-pla-negro-1-75mm-33kg-it3d\/#primaryimage","url":"https:\/\/it3d.com\/wp-content\/uploads\/2018\/06\/433-Filamento-gran-formato-negro.jpg","contentUrl":"https:\/\/it3d.com\/wp-content\/uploads\/2018\/06\/433-Filamento-gran-formato-negro.jpg","width":1200,"height":848,"caption":"Filamento pla negro 1.75mm 3,3kg - it3d"},{"@type":"BreadcrumbList","@id":"https:\/\/it3d.com\/en\/tienda\/filamento-pla-negro-1-75mm-33kg-it3d\/#breadcrumb","itemListElement":[{"@type":"ListItem","position":1,"name":"Portada","item":"https:\/\/it3d.com\/en\/front-page-2\/"},{"@type":"ListItem","position":2,"name":"Tienda","item":"https:\/\/it3d.com\/tienda\/"},{"@type":"ListItem","position":3,"name":"Filamento PLA Negro 1.75mm 3,3kg &#8211; IT3D"}]},{"@type":"WebSite","@id":"https:\/\/it3d.com\/en\/#website","url":"https:\/\/it3d.com\/en\/","name":"IT3D","description":"Aplicaciones integrales de impresi\u00f3n 3D","publisher":{"@id":"https:\/\/it3d.com\/en\/#organization"},"alternateName":"IT3D","potentialAction":[{"@type":"SearchAction","target":{"@type":"EntryPoint","urlTemplate":"https:\/\/it3d.com\/en\/?s={search_term_string}"},"query-input":{"@type":"PropertyValueSpecification","valueRequired":true,"valueName":"search_term_string"}}],"inLanguage":"en-US"},{"@type":"Organization","@id":"https:\/\/it3d.com\/en\/#organization","name":"IT3D Group","alternateName":"IT3D","url":"https:\/\/it3d.com\/en\/","logo":{"@type":"ImageObject","inLanguage":"en-US","@id":"https:\/\/it3d.com\/en\/#\/schema\/logo\/image\/","url":"https:\/\/it3d.com\/wp-content\/uploads\/2019\/10\/Logo-it3d-2019.png","contentUrl":"https:\/\/it3d.com\/wp-content\/uploads\/2019\/10\/Logo-it3d-2019.png","width":1920,"height":1160,"caption":"IT3D Group"},"image":{"@id":"https:\/\/it3d.com\/en\/#\/schema\/logo\/image\/"}}]}},"_links":{"self":[{"href":"https:\/\/it3d.com\/en\/wp-json\/wp\/v2\/product\/63119","targetHints":{"allow":["GET"]}}],"collection":[{"href":"https:\/\/it3d.com\/en\/wp-json\/wp\/v2\/product"}],"about":[{"href":"https:\/\/it3d.com\/en\/wp-json\/wp\/v2\/types\/product"}],"replies":[{"embeddable":true,"href":"https:\/\/it3d.com\/en\/wp-json\/wp\/v2\/comments?post=63119"}],"wp:featuredmedia":[{"embeddable":true,"href":"https:\/\/it3d.com\/en\/wp-json\/wp\/v2\/media\/62412"}],"wp:attachment":[{"href":"https:\/\/it3d.com\/en\/wp-json\/wp\/v2\/media?parent=63119"}],"wp:term":[{"taxonomy":"product_brand","embeddable":true,"href":"https:\/\/it3d.com\/en\/wp-json\/wp\/v2\/product_brand?post=63119"},{"taxonomy":"product_cat","embeddable":true,"href":"https:\/\/it3d.com\/en\/wp-json\/wp\/v2\/product_cat?post=63119"},{"taxonomy":"product_tag","embeddable":true,"href":"https:\/\/it3d.com\/en\/wp-json\/wp\/v2\/product_tag?post=63119"}],"curies":[{"name":"wp","href":"https:\/\/api.w.org\/{rel}","templated":true}]}}