{"id":63089,"date":"2017-06-29T13:42:55","date_gmt":"2017-06-29T11:42:55","guid":{"rendered":"https:\/\/it3d.com\/producto\/filamento-pc-plus\/"},"modified":"2025-11-19T23:34:44","modified_gmt":"2025-11-19T22:34:44","slug":"pc-colido-1-75mm-1kg-blanco","status":"publish","type":"product","link":"https:\/\/it3d.com\/en\/tienda\/pc-colido-1-75mm-1kg-blanco\/","title":{"rendered":"PC+ Colido 1.75mm 1kg Blanco"},"content":{"rendered":"<p><strong>Fabricados con materia prima procedente de Estados Unidos<\/strong><\/p>\n<p class=\"p1\"><span class=\"s1\">Junto con el\u00a0CoLiDo PA,\u00a0<strong>el filamento\u00a0PC+ es la opci\u00f3n ideal para generar piezas para un entorno industrial<\/strong>: elementos interiores para coches, electrodom\u00e9sticos, etc. Evita deformaciones y consigue un agarre \u00f3ptimo a la plataforma de impresi\u00f3n con este consistente\u00a0filamento.\u00a0<\/span><\/p>\n<p><strong>CARACTERISTICAS:<\/strong><\/p>\n<ul>\n<li>Combina las ventajas del ABS y el PC. Ofrece calidad superior de impresi\u00f3n, con una excelente resistencia mec\u00e1nica y al calor, con temperaturas de impresi\u00f3 moderadas y una gran resistencia al pandeo<\/li>\n<li>Bajo \u00edndice de contracci\u00f3n, se adhiere a la plataforma con firmeza, buen efecto de moldeo y acabado superficial sin deformaciones.<\/li>\n<li>Di\u00e1metro consistente y preciso: tolerancia menor que \u00b1 0,05 mm.<\/li>\n<li>Embalaje dise\u00f1ado para una f\u00e1cil instalaci\u00f3n y un adecuado almacenamiento.<\/li>\n<li>Incluye una bolsa desecante para el control de la humedad.<\/li>\n<li>Usos en distintos campos, como son las piezas interiores para coches, m\u00e1quinas de oficina, equipos de comunicaci\u00f3n, electrodom\u00e9sticos, etc,<\/li>\n<\/ul>\n<hr \/>\n<p><strong>FUNCIONALIDADES:<\/strong><\/p>\n<p><strong>Color:<\/strong>\u00a0Blanco<br \/>\n<strong>Peso:<\/strong> 1Kg<br \/>\n<strong>Material:<\/strong> PC+<\/p>\n","protected":false},"excerpt":{"rendered":"<p><strong>Fabricados con materia prima procedente de Estados Unidos<\/strong><\/p>\n<p class=\"p1\"><span class=\"s1\">Junto con el\u00a0CoLiDo PA, <strong>el filamento\u00a0PC+ es la opci\u00f3n ideal para generar piezas para un entorno industrial<\/strong>: elementos interiores para coches, electrodom\u00e9sticos, etc. Evita deformaciones y consigue un agarre \u00f3ptimo a la plataforma de impresi\u00f3n con este consistente\u00a0filamento.\u00a0<\/span><\/p>\n","protected":false},"featured_media":62162,"comment_status":"closed","ping_status":"closed","template":"","meta":{"content-type":"","generate_page_header":"","iawp_total_views":9},"product_brand":[367],"product_cat":[269,276],"product_tag":[],"class_list":{"0":"post-63089","1":"product","2":"type-product","3":"status-publish","4":"has-post-thumbnail","6":"product_brand-colido","7":"product_cat-filamentos-3d","8":"product_cat-pc","9":"no-featured-image-padding","10":"resize-featured-image","11":"sales-flash-overlay","12":"woocommerce-text-align-center","13":"woocommerce-image-align-center","14":"do-quantity-buttons","16":"first","17":"instock","18":"taxable","19":"shipping-taxable","20":"purchasable","21":"product-type-simple"},"exclude_global_add_ons":[],"addons":[],"yoast_head":"<!-- This site is optimized with the Yoast SEO plugin v27.4 - https:\/\/yoast.com\/product\/yoast-seo-wordpress\/ -->\n<title>PC+ Colido 1.75mm 1kg Blanco - IT3D<\/title>\n<meta name=\"robots\" content=\"index, follow, max-snippet:-1, max-image-preview:large, max-video-preview:-1\" \/>\n<link rel=\"canonical\" href=\"https:\/\/it3d.com\/en\/tienda\/pc-colido-1-75mm-1kg-blanco\/\" \/>\n<meta property=\"og:locale\" content=\"en_US\" \/>\n<meta property=\"og:type\" content=\"article\" \/>\n<meta property=\"og:title\" content=\"PC+ Colido 1.75mm 1kg Blanco - IT3D\" \/>\n<meta property=\"og:description\" content=\"Fabricados con materia prima procedente de Estados Unidos Junto con el\u00a0CoLiDo PA, el filamento\u00a0PC+ es la opci\u00f3n ideal para generar piezas para un entorno industrial: elementos interiores para coches, electrodom\u00e9sticos, etc. Evita deformaciones y consigue un agarre \u00f3ptimo a la plataforma de impresi\u00f3n con este consistente\u00a0filamento.\u00a0\" \/>\n<meta property=\"og:url\" content=\"https:\/\/it3d.com\/en\/tienda\/pc-colido-1-75mm-1kg-blanco\/\" \/>\n<meta property=\"og:site_name\" content=\"IT3D\" \/>\n<meta property=\"article:modified_time\" content=\"2025-11-19T22:34:44+00:00\" \/>\n<meta property=\"og:image\" content=\"https:\/\/it3d.com\/wp-content\/uploads\/2017\/06\/293-Filamento-PC.jpg\" \/>\n\t<meta property=\"og:image:width\" content=\"570\" \/>\n\t<meta property=\"og:image:height\" content=\"301\" \/>\n\t<meta property=\"og:image:type\" content=\"image\/jpeg\" \/>\n<meta name=\"twitter:card\" content=\"summary_large_image\" \/>\n<meta name=\"twitter:label1\" content=\"Est. reading time\" \/>\n\t<meta name=\"twitter:data1\" content=\"1 minute\" \/>\n<script type=\"application\/ld+json\" class=\"yoast-schema-graph\">{\"@context\":\"https:\\\/\\\/schema.org\",\"@graph\":[{\"@type\":\"WebPage\",\"@id\":\"https:\\\/\\\/it3d.com\\\/en\\\/tienda\\\/pc-colido-1-75mm-1kg-blanco\\\/\",\"url\":\"https:\\\/\\\/it3d.com\\\/en\\\/tienda\\\/pc-colido-1-75mm-1kg-blanco\\\/\",\"name\":\"PC+ Colido 1.75mm 1kg Blanco - IT3D\",\"isPartOf\":{\"@id\":\"https:\\\/\\\/it3d.com\\\/en\\\/#website\"},\"primaryImageOfPage\":{\"@id\":\"https:\\\/\\\/it3d.com\\\/en\\\/tienda\\\/pc-colido-1-75mm-1kg-blanco\\\/#primaryimage\"},\"image\":{\"@id\":\"https:\\\/\\\/it3d.com\\\/en\\\/tienda\\\/pc-colido-1-75mm-1kg-blanco\\\/#primaryimage\"},\"thumbnailUrl\":\"https:\\\/\\\/it3d.com\\\/wp-content\\\/uploads\\\/2017\\\/06\\\/293-Filamento-PC.jpg\",\"datePublished\":\"2017-06-29T11:42:55+00:00\",\"dateModified\":\"2025-11-19T22:34:44+00:00\",\"breadcrumb\":{\"@id\":\"https:\\\/\\\/it3d.com\\\/en\\\/tienda\\\/pc-colido-1-75mm-1kg-blanco\\\/#breadcrumb\"},\"inLanguage\":\"en-US\",\"potentialAction\":[{\"@type\":\"ReadAction\",\"target\":[\"https:\\\/\\\/it3d.com\\\/en\\\/tienda\\\/pc-colido-1-75mm-1kg-blanco\\\/\"]}]},{\"@type\":\"ImageObject\",\"inLanguage\":\"en-US\",\"@id\":\"https:\\\/\\\/it3d.com\\\/en\\\/tienda\\\/pc-colido-1-75mm-1kg-blanco\\\/#primaryimage\",\"url\":\"https:\\\/\\\/it3d.com\\\/wp-content\\\/uploads\\\/2017\\\/06\\\/293-Filamento-PC.jpg\",\"contentUrl\":\"https:\\\/\\\/it3d.com\\\/wp-content\\\/uploads\\\/2017\\\/06\\\/293-Filamento-PC.jpg\",\"width\":570,\"height\":301,\"caption\":\"Pc+ colido 1.75mm 1kg blanco\"},{\"@type\":\"BreadcrumbList\",\"@id\":\"https:\\\/\\\/it3d.com\\\/en\\\/tienda\\\/pc-colido-1-75mm-1kg-blanco\\\/#breadcrumb\",\"itemListElement\":[{\"@type\":\"ListItem\",\"position\":1,\"name\":\"Portada\",\"item\":\"https:\\\/\\\/it3d.com\\\/en\\\/front-page-2\\\/\"},{\"@type\":\"ListItem\",\"position\":2,\"name\":\"Tienda\",\"item\":\"https:\\\/\\\/it3d.com\\\/tienda\\\/\"},{\"@type\":\"ListItem\",\"position\":3,\"name\":\"PC+ Colido 1.75mm 1kg Blanco\"}]},{\"@type\":\"WebSite\",\"@id\":\"https:\\\/\\\/it3d.com\\\/en\\\/#website\",\"url\":\"https:\\\/\\\/it3d.com\\\/en\\\/\",\"name\":\"IT3D\",\"description\":\"Aplicaciones integrales de impresi\u00f3n 3D\",\"publisher\":{\"@id\":\"https:\\\/\\\/it3d.com\\\/en\\\/#organization\"},\"alternateName\":\"IT3D\",\"potentialAction\":[{\"@type\":\"SearchAction\",\"target\":{\"@type\":\"EntryPoint\",\"urlTemplate\":\"https:\\\/\\\/it3d.com\\\/en\\\/?s={search_term_string}\"},\"query-input\":{\"@type\":\"PropertyValueSpecification\",\"valueRequired\":true,\"valueName\":\"search_term_string\"}}],\"inLanguage\":\"en-US\"},{\"@type\":\"Organization\",\"@id\":\"https:\\\/\\\/it3d.com\\\/en\\\/#organization\",\"name\":\"IT3D Group\",\"alternateName\":\"IT3D\",\"url\":\"https:\\\/\\\/it3d.com\\\/en\\\/\",\"logo\":{\"@type\":\"ImageObject\",\"inLanguage\":\"en-US\",\"@id\":\"https:\\\/\\\/it3d.com\\\/en\\\/#\\\/schema\\\/logo\\\/image\\\/\",\"url\":\"https:\\\/\\\/it3d.com\\\/wp-content\\\/uploads\\\/2019\\\/10\\\/Logo-it3d-2019.png\",\"contentUrl\":\"https:\\\/\\\/it3d.com\\\/wp-content\\\/uploads\\\/2019\\\/10\\\/Logo-it3d-2019.png\",\"width\":1920,\"height\":1160,\"caption\":\"IT3D Group\"},\"image\":{\"@id\":\"https:\\\/\\\/it3d.com\\\/en\\\/#\\\/schema\\\/logo\\\/image\\\/\"}}]}<\/script>\n<!-- \/ Yoast SEO plugin. -->","yoast_head_json":{"title":"PC+ Colido 1.75mm 1kg Blanco - IT3D","robots":{"index":"index","follow":"follow","max-snippet":"max-snippet:-1","max-image-preview":"max-image-preview:large","max-video-preview":"max-video-preview:-1"},"canonical":"https:\/\/it3d.com\/en\/tienda\/pc-colido-1-75mm-1kg-blanco\/","og_locale":"en_US","og_type":"article","og_title":"PC+ Colido 1.75mm 1kg Blanco - IT3D","og_description":"Fabricados con materia prima procedente de Estados Unidos Junto con el\u00a0CoLiDo PA, el filamento\u00a0PC+ es la opci\u00f3n ideal para generar piezas para un entorno industrial: elementos interiores para coches, electrodom\u00e9sticos, etc. Evita deformaciones y consigue un agarre \u00f3ptimo a la plataforma de impresi\u00f3n con este consistente\u00a0filamento.\u00a0","og_url":"https:\/\/it3d.com\/en\/tienda\/pc-colido-1-75mm-1kg-blanco\/","og_site_name":"IT3D","article_modified_time":"2025-11-19T22:34:44+00:00","og_image":[{"width":570,"height":301,"url":"https:\/\/it3d.com\/wp-content\/uploads\/2017\/06\/293-Filamento-PC.jpg","type":"image\/jpeg"}],"twitter_card":"summary_large_image","twitter_misc":{"Est. reading time":"1 minute"},"schema":{"@context":"https:\/\/schema.org","@graph":[{"@type":"WebPage","@id":"https:\/\/it3d.com\/en\/tienda\/pc-colido-1-75mm-1kg-blanco\/","url":"https:\/\/it3d.com\/en\/tienda\/pc-colido-1-75mm-1kg-blanco\/","name":"PC+ Colido 1.75mm 1kg Blanco - IT3D","isPartOf":{"@id":"https:\/\/it3d.com\/en\/#website"},"primaryImageOfPage":{"@id":"https:\/\/it3d.com\/en\/tienda\/pc-colido-1-75mm-1kg-blanco\/#primaryimage"},"image":{"@id":"https:\/\/it3d.com\/en\/tienda\/pc-colido-1-75mm-1kg-blanco\/#primaryimage"},"thumbnailUrl":"https:\/\/it3d.com\/wp-content\/uploads\/2017\/06\/293-Filamento-PC.jpg","datePublished":"2017-06-29T11:42:55+00:00","dateModified":"2025-11-19T22:34:44+00:00","breadcrumb":{"@id":"https:\/\/it3d.com\/en\/tienda\/pc-colido-1-75mm-1kg-blanco\/#breadcrumb"},"inLanguage":"en-US","potentialAction":[{"@type":"ReadAction","target":["https:\/\/it3d.com\/en\/tienda\/pc-colido-1-75mm-1kg-blanco\/"]}]},{"@type":"ImageObject","inLanguage":"en-US","@id":"https:\/\/it3d.com\/en\/tienda\/pc-colido-1-75mm-1kg-blanco\/#primaryimage","url":"https:\/\/it3d.com\/wp-content\/uploads\/2017\/06\/293-Filamento-PC.jpg","contentUrl":"https:\/\/it3d.com\/wp-content\/uploads\/2017\/06\/293-Filamento-PC.jpg","width":570,"height":301,"caption":"Pc+ colido 1.75mm 1kg blanco"},{"@type":"BreadcrumbList","@id":"https:\/\/it3d.com\/en\/tienda\/pc-colido-1-75mm-1kg-blanco\/#breadcrumb","itemListElement":[{"@type":"ListItem","position":1,"name":"Portada","item":"https:\/\/it3d.com\/en\/front-page-2\/"},{"@type":"ListItem","position":2,"name":"Tienda","item":"https:\/\/it3d.com\/tienda\/"},{"@type":"ListItem","position":3,"name":"PC+ Colido 1.75mm 1kg Blanco"}]},{"@type":"WebSite","@id":"https:\/\/it3d.com\/en\/#website","url":"https:\/\/it3d.com\/en\/","name":"IT3D","description":"Aplicaciones integrales de impresi\u00f3n 3D","publisher":{"@id":"https:\/\/it3d.com\/en\/#organization"},"alternateName":"IT3D","potentialAction":[{"@type":"SearchAction","target":{"@type":"EntryPoint","urlTemplate":"https:\/\/it3d.com\/en\/?s={search_term_string}"},"query-input":{"@type":"PropertyValueSpecification","valueRequired":true,"valueName":"search_term_string"}}],"inLanguage":"en-US"},{"@type":"Organization","@id":"https:\/\/it3d.com\/en\/#organization","name":"IT3D Group","alternateName":"IT3D","url":"https:\/\/it3d.com\/en\/","logo":{"@type":"ImageObject","inLanguage":"en-US","@id":"https:\/\/it3d.com\/en\/#\/schema\/logo\/image\/","url":"https:\/\/it3d.com\/wp-content\/uploads\/2019\/10\/Logo-it3d-2019.png","contentUrl":"https:\/\/it3d.com\/wp-content\/uploads\/2019\/10\/Logo-it3d-2019.png","width":1920,"height":1160,"caption":"IT3D Group"},"image":{"@id":"https:\/\/it3d.com\/en\/#\/schema\/logo\/image\/"}}]}},"_links":{"self":[{"href":"https:\/\/it3d.com\/en\/wp-json\/wp\/v2\/product\/63089","targetHints":{"allow":["GET"]}}],"collection":[{"href":"https:\/\/it3d.com\/en\/wp-json\/wp\/v2\/product"}],"about":[{"href":"https:\/\/it3d.com\/en\/wp-json\/wp\/v2\/types\/product"}],"replies":[{"embeddable":true,"href":"https:\/\/it3d.com\/en\/wp-json\/wp\/v2\/comments?post=63089"}],"wp:featuredmedia":[{"embeddable":true,"href":"https:\/\/it3d.com\/en\/wp-json\/wp\/v2\/media\/62162"}],"wp:attachment":[{"href":"https:\/\/it3d.com\/en\/wp-json\/wp\/v2\/media?parent=63089"}],"wp:term":[{"taxonomy":"product_brand","embeddable":true,"href":"https:\/\/it3d.com\/en\/wp-json\/wp\/v2\/product_brand?post=63089"},{"taxonomy":"product_cat","embeddable":true,"href":"https:\/\/it3d.com\/en\/wp-json\/wp\/v2\/product_cat?post=63089"},{"taxonomy":"product_tag","embeddable":true,"href":"https:\/\/it3d.com\/en\/wp-json\/wp\/v2\/product_tag?post=63089"}],"curies":[{"name":"wp","href":"https:\/\/api.w.org\/{rel}","templated":true}]}}