{"id":63088,"date":"2022-09-15T11:57:47","date_gmt":"2022-09-15T09:57:47","guid":{"rendered":"https:\/\/it3d.com\/?post_type=product&#038;p=63088"},"modified":"2026-01-08T09:47:07","modified_gmt":"2026-01-08T08:47:07","slug":"pa-nylon-colido-1-75mm-920g-blanco","status":"publish","type":"product","link":"https:\/\/it3d.com\/en\/tienda\/pa-nylon-colido-1-75mm-920g-blanco\/","title":{"rendered":"PA (Nylon) Colido 1.75mm 920g Blanco"},"content":{"rendered":"<p><strong>Fabricados con materia prima procedente de Estados Unidos<\/strong><\/p>\n<p>Fuerte, duradero y con m\u00e1xima flexibilidad para piezas 3D totalmente funcionales.<\/p>\n<p>Material exclusivo patentado por CoLiDo. El filamento PA de CoLiDo es Incre\u00edblemente fuerte, duradero y vers\u00e1til.<\/p>\n<p><strong>CARACTERISTICAS:<\/strong><\/p>\n<ul>\n<li>Incre\u00edblemente <strong>fuerte, duradero y vers\u00e1til<\/strong>.<\/li>\n<li>Es <strong>flexible<\/strong> cuando se imprime en objetos delgados, con bajo coeficiente de fricci\u00f3n y con una incre\u00edble resistencia a la tensi\u00f3n.<\/li>\n<li>Adecuado para piezas mec\u00e1nicas gracias a su excelente <strong>resistencia a los impactos.<\/strong><\/li>\n<li>Excelente calidad con <strong>acabados lisos y suaves<\/strong>.<\/li>\n<li>Embalaje dise\u00f1ado a prueba del polvo y la humedad, de f\u00e1cil instalaci\u00f3n en la impresora.<\/li>\n<li><strong>Respetuoso con el medio ambiente<\/strong>: su certificado RoHs garantiza un uso seguro.<\/li>\n<li>Usos en distintos campos, como son la <strong>producci\u00f3n de piezas de ingenier\u00eda, accesorios para equipos de comunicaci\u00f3n, electrodom\u00e9sticos, etc<\/strong>.<\/li>\n<\/ul>\n<hr \/>\n<p><strong>FUNCIONALIDADES:<\/strong><\/p>\n<p><strong>Color:<\/strong> Amarillo<br \/><strong>Peso:<\/strong>\u00a0920 g<br \/><strong>Material:<\/strong> PLA<\/p>\n","protected":false},"excerpt":{"rendered":"<p><strong>Fabricados con materia prima procedente de Estados Unidos<\/strong><\/p>\n<p>Fuerte, duradero y con m\u00e1xima\u00a0flexibilidad para piezas 3D\u00a0totalmente funcionales.<\/p>\n<p>Material exclusivo patentado por CoLiDo. El filamento PA de CoLiDo\u00a0es\u00a0I<strong>ncre\u00edblemente\u00a0fuerte, duradero y vers\u00e1til<\/strong>.<\/p>\n","protected":false},"featured_media":62157,"comment_status":"closed","ping_status":"closed","template":"","meta":{"content-type":"","generate_page_header":"","iawp_total_views":3},"product_brand":[367],"product_cat":[269,275],"product_tag":[],"class_list":{"0":"post-63088","1":"product","2":"type-product","3":"status-publish","4":"has-post-thumbnail","6":"product_brand-colido","7":"product_cat-filamentos-3d","8":"product_cat-pa-nylon","9":"no-featured-image-padding","10":"resize-featured-image","11":"sales-flash-overlay","12":"woocommerce-text-align-center","13":"woocommerce-image-align-center","14":"do-quantity-buttons","16":"first","17":"outofstock","18":"taxable","19":"shipping-taxable","20":"purchasable","21":"product-type-simple"},"exclude_global_add_ons":[],"addons":[],"yoast_head":"<!-- This site is optimized with the Yoast SEO plugin v27.4 - https:\/\/yoast.com\/product\/yoast-seo-wordpress\/ -->\n<title>PA (Nylon) Colido 1.75mm 920g Blanco - IT3D<\/title>\n<meta name=\"robots\" content=\"index, follow, max-snippet:-1, max-image-preview:large, max-video-preview:-1\" \/>\n<link rel=\"canonical\" href=\"https:\/\/it3d.com\/en\/tienda\/pa-nylon-colido-1-75mm-920g-blanco\/\" \/>\n<meta property=\"og:locale\" content=\"en_US\" \/>\n<meta property=\"og:type\" content=\"article\" \/>\n<meta property=\"og:title\" content=\"PA (Nylon) Colido 1.75mm 920g Blanco - IT3D\" \/>\n<meta property=\"og:description\" content=\"Fabricados con materia prima procedente de Estados Unidos Fuerte, duradero y con m\u00e1xima\u00a0flexibilidad para piezas 3D\u00a0totalmente funcionales. Material exclusivo patentado por CoLiDo. El filamento PA de CoLiDo\u00a0es\u00a0Incre\u00edblemente\u00a0fuerte, duradero y vers\u00e1til.\" \/>\n<meta property=\"og:url\" content=\"https:\/\/it3d.com\/en\/tienda\/pa-nylon-colido-1-75mm-920g-blanco\/\" \/>\n<meta property=\"og:site_name\" content=\"IT3D\" \/>\n<meta property=\"article:modified_time\" content=\"2026-01-08T08:47:07+00:00\" \/>\n<meta property=\"og:image\" content=\"https:\/\/it3d.com\/wp-content\/uploads\/2017\/06\/291-Filamento-Flex.jpg\" \/>\n\t<meta property=\"og:image:width\" content=\"477\" \/>\n\t<meta property=\"og:image:height\" content=\"506\" \/>\n\t<meta property=\"og:image:type\" content=\"image\/jpeg\" \/>\n<meta name=\"twitter:card\" content=\"summary_large_image\" \/>\n<meta name=\"twitter:label1\" content=\"Est. reading time\" \/>\n\t<meta name=\"twitter:data1\" content=\"1 minute\" \/>\n<script type=\"application\/ld+json\" class=\"yoast-schema-graph\">{\"@context\":\"https:\\\/\\\/schema.org\",\"@graph\":[{\"@type\":\"WebPage\",\"@id\":\"https:\\\/\\\/it3d.com\\\/en\\\/tienda\\\/pa-nylon-colido-1-75mm-920g-blanco\\\/\",\"url\":\"https:\\\/\\\/it3d.com\\\/en\\\/tienda\\\/pa-nylon-colido-1-75mm-920g-blanco\\\/\",\"name\":\"PA (Nylon) Colido 1.75mm 920g Blanco - IT3D\",\"isPartOf\":{\"@id\":\"https:\\\/\\\/it3d.com\\\/en\\\/#website\"},\"primaryImageOfPage\":{\"@id\":\"https:\\\/\\\/it3d.com\\\/en\\\/tienda\\\/pa-nylon-colido-1-75mm-920g-blanco\\\/#primaryimage\"},\"image\":{\"@id\":\"https:\\\/\\\/it3d.com\\\/en\\\/tienda\\\/pa-nylon-colido-1-75mm-920g-blanco\\\/#primaryimage\"},\"thumbnailUrl\":\"https:\\\/\\\/it3d.com\\\/wp-content\\\/uploads\\\/2017\\\/06\\\/291-Filamento-Flex.jpg\",\"datePublished\":\"2022-09-15T09:57:47+00:00\",\"dateModified\":\"2026-01-08T08:47:07+00:00\",\"breadcrumb\":{\"@id\":\"https:\\\/\\\/it3d.com\\\/en\\\/tienda\\\/pa-nylon-colido-1-75mm-920g-blanco\\\/#breadcrumb\"},\"inLanguage\":\"en-US\",\"potentialAction\":[{\"@type\":\"ReadAction\",\"target\":[\"https:\\\/\\\/it3d.com\\\/en\\\/tienda\\\/pa-nylon-colido-1-75mm-920g-blanco\\\/\"]}]},{\"@type\":\"ImageObject\",\"inLanguage\":\"en-US\",\"@id\":\"https:\\\/\\\/it3d.com\\\/en\\\/tienda\\\/pa-nylon-colido-1-75mm-920g-blanco\\\/#primaryimage\",\"url\":\"https:\\\/\\\/it3d.com\\\/wp-content\\\/uploads\\\/2017\\\/06\\\/291-Filamento-Flex.jpg\",\"contentUrl\":\"https:\\\/\\\/it3d.com\\\/wp-content\\\/uploads\\\/2017\\\/06\\\/291-Filamento-Flex.jpg\",\"width\":477,\"height\":506,\"caption\":\"Pa (nylon) colido 1.75mm 920g blanco\"},{\"@type\":\"BreadcrumbList\",\"@id\":\"https:\\\/\\\/it3d.com\\\/en\\\/tienda\\\/pa-nylon-colido-1-75mm-920g-blanco\\\/#breadcrumb\",\"itemListElement\":[{\"@type\":\"ListItem\",\"position\":1,\"name\":\"Portada\",\"item\":\"https:\\\/\\\/it3d.com\\\/en\\\/front-page-2\\\/\"},{\"@type\":\"ListItem\",\"position\":2,\"name\":\"Tienda\",\"item\":\"https:\\\/\\\/it3d.com\\\/tienda\\\/\"},{\"@type\":\"ListItem\",\"position\":3,\"name\":\"PA (Nylon) Colido 1.75mm 920g Blanco\"}]},{\"@type\":\"WebSite\",\"@id\":\"https:\\\/\\\/it3d.com\\\/en\\\/#website\",\"url\":\"https:\\\/\\\/it3d.com\\\/en\\\/\",\"name\":\"IT3D\",\"description\":\"Aplicaciones integrales de impresi\u00f3n 3D\",\"publisher\":{\"@id\":\"https:\\\/\\\/it3d.com\\\/en\\\/#organization\"},\"alternateName\":\"IT3D\",\"potentialAction\":[{\"@type\":\"SearchAction\",\"target\":{\"@type\":\"EntryPoint\",\"urlTemplate\":\"https:\\\/\\\/it3d.com\\\/en\\\/?s={search_term_string}\"},\"query-input\":{\"@type\":\"PropertyValueSpecification\",\"valueRequired\":true,\"valueName\":\"search_term_string\"}}],\"inLanguage\":\"en-US\"},{\"@type\":\"Organization\",\"@id\":\"https:\\\/\\\/it3d.com\\\/en\\\/#organization\",\"name\":\"IT3D Group\",\"alternateName\":\"IT3D\",\"url\":\"https:\\\/\\\/it3d.com\\\/en\\\/\",\"logo\":{\"@type\":\"ImageObject\",\"inLanguage\":\"en-US\",\"@id\":\"https:\\\/\\\/it3d.com\\\/en\\\/#\\\/schema\\\/logo\\\/image\\\/\",\"url\":\"https:\\\/\\\/it3d.com\\\/wp-content\\\/uploads\\\/2019\\\/10\\\/Logo-it3d-2019.png\",\"contentUrl\":\"https:\\\/\\\/it3d.com\\\/wp-content\\\/uploads\\\/2019\\\/10\\\/Logo-it3d-2019.png\",\"width\":1920,\"height\":1160,\"caption\":\"IT3D Group\"},\"image\":{\"@id\":\"https:\\\/\\\/it3d.com\\\/en\\\/#\\\/schema\\\/logo\\\/image\\\/\"}}]}<\/script>\n<!-- \/ Yoast SEO plugin. -->","yoast_head_json":{"title":"PA (Nylon) Colido 1.75mm 920g Blanco - IT3D","robots":{"index":"index","follow":"follow","max-snippet":"max-snippet:-1","max-image-preview":"max-image-preview:large","max-video-preview":"max-video-preview:-1"},"canonical":"https:\/\/it3d.com\/en\/tienda\/pa-nylon-colido-1-75mm-920g-blanco\/","og_locale":"en_US","og_type":"article","og_title":"PA (Nylon) Colido 1.75mm 920g Blanco - IT3D","og_description":"Fabricados con materia prima procedente de Estados Unidos Fuerte, duradero y con m\u00e1xima\u00a0flexibilidad para piezas 3D\u00a0totalmente funcionales. Material exclusivo patentado por CoLiDo. El filamento PA de CoLiDo\u00a0es\u00a0Incre\u00edblemente\u00a0fuerte, duradero y vers\u00e1til.","og_url":"https:\/\/it3d.com\/en\/tienda\/pa-nylon-colido-1-75mm-920g-blanco\/","og_site_name":"IT3D","article_modified_time":"2026-01-08T08:47:07+00:00","og_image":[{"width":477,"height":506,"url":"https:\/\/it3d.com\/wp-content\/uploads\/2017\/06\/291-Filamento-Flex.jpg","type":"image\/jpeg"}],"twitter_card":"summary_large_image","twitter_misc":{"Est. reading time":"1 minute"},"schema":{"@context":"https:\/\/schema.org","@graph":[{"@type":"WebPage","@id":"https:\/\/it3d.com\/en\/tienda\/pa-nylon-colido-1-75mm-920g-blanco\/","url":"https:\/\/it3d.com\/en\/tienda\/pa-nylon-colido-1-75mm-920g-blanco\/","name":"PA (Nylon) Colido 1.75mm 920g Blanco - IT3D","isPartOf":{"@id":"https:\/\/it3d.com\/en\/#website"},"primaryImageOfPage":{"@id":"https:\/\/it3d.com\/en\/tienda\/pa-nylon-colido-1-75mm-920g-blanco\/#primaryimage"},"image":{"@id":"https:\/\/it3d.com\/en\/tienda\/pa-nylon-colido-1-75mm-920g-blanco\/#primaryimage"},"thumbnailUrl":"https:\/\/it3d.com\/wp-content\/uploads\/2017\/06\/291-Filamento-Flex.jpg","datePublished":"2022-09-15T09:57:47+00:00","dateModified":"2026-01-08T08:47:07+00:00","breadcrumb":{"@id":"https:\/\/it3d.com\/en\/tienda\/pa-nylon-colido-1-75mm-920g-blanco\/#breadcrumb"},"inLanguage":"en-US","potentialAction":[{"@type":"ReadAction","target":["https:\/\/it3d.com\/en\/tienda\/pa-nylon-colido-1-75mm-920g-blanco\/"]}]},{"@type":"ImageObject","inLanguage":"en-US","@id":"https:\/\/it3d.com\/en\/tienda\/pa-nylon-colido-1-75mm-920g-blanco\/#primaryimage","url":"https:\/\/it3d.com\/wp-content\/uploads\/2017\/06\/291-Filamento-Flex.jpg","contentUrl":"https:\/\/it3d.com\/wp-content\/uploads\/2017\/06\/291-Filamento-Flex.jpg","width":477,"height":506,"caption":"Pa (nylon) colido 1.75mm 920g blanco"},{"@type":"BreadcrumbList","@id":"https:\/\/it3d.com\/en\/tienda\/pa-nylon-colido-1-75mm-920g-blanco\/#breadcrumb","itemListElement":[{"@type":"ListItem","position":1,"name":"Portada","item":"https:\/\/it3d.com\/en\/front-page-2\/"},{"@type":"ListItem","position":2,"name":"Tienda","item":"https:\/\/it3d.com\/tienda\/"},{"@type":"ListItem","position":3,"name":"PA (Nylon) Colido 1.75mm 920g Blanco"}]},{"@type":"WebSite","@id":"https:\/\/it3d.com\/en\/#website","url":"https:\/\/it3d.com\/en\/","name":"IT3D","description":"Aplicaciones integrales de impresi\u00f3n 3D","publisher":{"@id":"https:\/\/it3d.com\/en\/#organization"},"alternateName":"IT3D","potentialAction":[{"@type":"SearchAction","target":{"@type":"EntryPoint","urlTemplate":"https:\/\/it3d.com\/en\/?s={search_term_string}"},"query-input":{"@type":"PropertyValueSpecification","valueRequired":true,"valueName":"search_term_string"}}],"inLanguage":"en-US"},{"@type":"Organization","@id":"https:\/\/it3d.com\/en\/#organization","name":"IT3D Group","alternateName":"IT3D","url":"https:\/\/it3d.com\/en\/","logo":{"@type":"ImageObject","inLanguage":"en-US","@id":"https:\/\/it3d.com\/en\/#\/schema\/logo\/image\/","url":"https:\/\/it3d.com\/wp-content\/uploads\/2019\/10\/Logo-it3d-2019.png","contentUrl":"https:\/\/it3d.com\/wp-content\/uploads\/2019\/10\/Logo-it3d-2019.png","width":1920,"height":1160,"caption":"IT3D Group"},"image":{"@id":"https:\/\/it3d.com\/en\/#\/schema\/logo\/image\/"}}]}},"_links":{"self":[{"href":"https:\/\/it3d.com\/en\/wp-json\/wp\/v2\/product\/63088","targetHints":{"allow":["GET"]}}],"collection":[{"href":"https:\/\/it3d.com\/en\/wp-json\/wp\/v2\/product"}],"about":[{"href":"https:\/\/it3d.com\/en\/wp-json\/wp\/v2\/types\/product"}],"replies":[{"embeddable":true,"href":"https:\/\/it3d.com\/en\/wp-json\/wp\/v2\/comments?post=63088"}],"wp:featuredmedia":[{"embeddable":true,"href":"https:\/\/it3d.com\/en\/wp-json\/wp\/v2\/media\/62157"}],"wp:attachment":[{"href":"https:\/\/it3d.com\/en\/wp-json\/wp\/v2\/media?parent=63088"}],"wp:term":[{"taxonomy":"product_brand","embeddable":true,"href":"https:\/\/it3d.com\/en\/wp-json\/wp\/v2\/product_brand?post=63088"},{"taxonomy":"product_cat","embeddable":true,"href":"https:\/\/it3d.com\/en\/wp-json\/wp\/v2\/product_cat?post=63088"},{"taxonomy":"product_tag","embeddable":true,"href":"https:\/\/it3d.com\/en\/wp-json\/wp\/v2\/product_tag?post=63088"}],"curies":[{"name":"wp","href":"https:\/\/api.w.org\/{rel}","templated":true}]}}