{"id":62987,"date":"2015-09-11T13:10:30","date_gmt":"2015-09-11T11:10:30","guid":{"rendered":"https:\/\/it3d.com\/producto\/filamento-abs-amarillo\/"},"modified":"2025-11-20T08:46:57","modified_gmt":"2025-11-20T07:46:57","slug":"abs-colido-1-75mm-1kg-amarillo-2","status":"publish","type":"product","link":"https:\/\/it3d.com\/en\/tienda\/abs-colido-1-75mm-1kg-amarillo-2\/","title":{"rendered":"ABS CoLiDo 1.75mm 1kg Amarillo"},"content":{"rendered":"<p><strong>ABS<\/strong> ideal para aquellos trabajos que precisan de mayor durabilidad y que deben de soportar temperaturas superiores a 60 grados.<br \/> Los filamentos <strong>ABS<\/strong> originales de <strong>CoLiDo<\/strong> son sometidos a estrictos procesos de calidad que aseguran un di\u00e1metro y una colorimetr\u00eda constante a lo largo de toda la bobina del producto. Asimismo, cada mil\u00edmetro de los filamentos originales <strong>ABS<\/strong> de <strong>CoLiDo<\/strong> pasa por un riguroso test l\u00e1ser que certifica la medida constante del di\u00e1metro, sino que asegura que nos encontramos ante un filamento \u201cbubble free\u201d, con el que conseguiremos acabados de alta calidad, resoluci\u00f3n y consistencia.<br \/> Estos filamentos se adhieren a la plataforma de trabajo de las impresoras CoLiDo sin necesidad de productos qu\u00edmicos. Esto se consigue gracias a la base patentada de cristal exclusiva de CoLiDo.<span id=\"transmark\"><\/span><\/p><\/p>\n","protected":false},"excerpt":{"rendered":"<p><strong><strong>Fabricados con materia prima procedente de Estados Unidos.<\/strong><\/strong><\/p>\n<p><strong>ABS<\/strong> ideal para aquellos trabajos que precisan de mayor durabilidad y que deben de soportar temperaturas superiores a 60 grados.<span id=\"transmark\"><\/span><\/p>\n","protected":false},"featured_media":61516,"comment_status":"closed","ping_status":"closed","template":"","meta":{"content-type":"","generate_page_header":"","iawp_total_views":29},"product_brand":[367],"product_cat":[288,292,269],"product_tag":[],"class_list":{"0":"post-62987","1":"product","2":"type-product","3":"status-publish","4":"has-post-thumbnail","6":"product_brand-colido","7":"product_cat-abs","8":"product_cat-basicos","9":"product_cat-filamentos-3d","10":"no-featured-image-padding","11":"resize-featured-image","12":"sales-flash-overlay","13":"woocommerce-text-align-center","14":"woocommerce-image-align-center","15":"do-quantity-buttons","17":"first","18":"instock","19":"taxable","20":"shipping-taxable","21":"purchasable","22":"product-type-simple"},"exclude_global_add_ons":[],"addons":[],"yoast_head":"<!-- This site is optimized with the Yoast SEO plugin v27.4 - https:\/\/yoast.com\/product\/yoast-seo-wordpress\/ -->\n<title>ABS CoLiDo 1.75mm 1kg Amarillo - IT3D<\/title>\n<meta name=\"robots\" content=\"index, follow, max-snippet:-1, max-image-preview:large, max-video-preview:-1\" \/>\n<link rel=\"canonical\" href=\"https:\/\/it3d.com\/en\/tienda\/abs-colido-1-75mm-1kg-amarillo-2\/\" \/>\n<meta property=\"og:locale\" content=\"en_US\" \/>\n<meta property=\"og:type\" content=\"article\" \/>\n<meta property=\"og:title\" content=\"ABS CoLiDo 1.75mm 1kg Amarillo - IT3D\" \/>\n<meta property=\"og:description\" content=\"Fabricados con materia prima procedente de Estados Unidos. ABS ideal para aquellos trabajos que precisan de mayor durabilidad y que deben de soportar temperaturas superiores a 60 grados.\" \/>\n<meta property=\"og:url\" content=\"https:\/\/it3d.com\/en\/tienda\/abs-colido-1-75mm-1kg-amarillo-2\/\" \/>\n<meta property=\"og:site_name\" content=\"IT3D\" \/>\n<meta property=\"article:modified_time\" content=\"2025-11-20T07:46:57+00:00\" \/>\n<meta property=\"og:image\" content=\"https:\/\/it3d.com\/wp-content\/uploads\/2015\/09\/45-3D-GOLD-Filamento-ABS-1.75mm-1-Kg-Amarillo.jpg\" \/>\n\t<meta property=\"og:image:width\" content=\"423\" \/>\n\t<meta property=\"og:image:height\" content=\"463\" \/>\n\t<meta property=\"og:image:type\" content=\"image\/jpeg\" \/>\n<meta name=\"twitter:card\" content=\"summary_large_image\" \/>\n<meta name=\"twitter:label1\" content=\"Est. reading time\" \/>\n\t<meta name=\"twitter:data1\" content=\"1 minute\" \/>\n<script type=\"application\/ld+json\" class=\"yoast-schema-graph\">{\"@context\":\"https:\\\/\\\/schema.org\",\"@graph\":[{\"@type\":\"WebPage\",\"@id\":\"https:\\\/\\\/it3d.com\\\/en\\\/tienda\\\/abs-colido-1-75mm-1kg-amarillo-2\\\/\",\"url\":\"https:\\\/\\\/it3d.com\\\/en\\\/tienda\\\/abs-colido-1-75mm-1kg-amarillo-2\\\/\",\"name\":\"ABS CoLiDo 1.75mm 1kg Amarillo - IT3D\",\"isPartOf\":{\"@id\":\"https:\\\/\\\/it3d.com\\\/en\\\/#website\"},\"primaryImageOfPage\":{\"@id\":\"https:\\\/\\\/it3d.com\\\/en\\\/tienda\\\/abs-colido-1-75mm-1kg-amarillo-2\\\/#primaryimage\"},\"image\":{\"@id\":\"https:\\\/\\\/it3d.com\\\/en\\\/tienda\\\/abs-colido-1-75mm-1kg-amarillo-2\\\/#primaryimage\"},\"thumbnailUrl\":\"https:\\\/\\\/it3d.com\\\/wp-content\\\/uploads\\\/2015\\\/09\\\/45-3D-GOLD-Filamento-ABS-1.75mm-1-Kg-Amarillo.jpg\",\"datePublished\":\"2015-09-11T11:10:30+00:00\",\"dateModified\":\"2025-11-20T07:46:57+00:00\",\"breadcrumb\":{\"@id\":\"https:\\\/\\\/it3d.com\\\/en\\\/tienda\\\/abs-colido-1-75mm-1kg-amarillo-2\\\/#breadcrumb\"},\"inLanguage\":\"en-US\",\"potentialAction\":[{\"@type\":\"ReadAction\",\"target\":[\"https:\\\/\\\/it3d.com\\\/en\\\/tienda\\\/abs-colido-1-75mm-1kg-amarillo-2\\\/\"]}]},{\"@type\":\"ImageObject\",\"inLanguage\":\"en-US\",\"@id\":\"https:\\\/\\\/it3d.com\\\/en\\\/tienda\\\/abs-colido-1-75mm-1kg-amarillo-2\\\/#primaryimage\",\"url\":\"https:\\\/\\\/it3d.com\\\/wp-content\\\/uploads\\\/2015\\\/09\\\/45-3D-GOLD-Filamento-ABS-1.75mm-1-Kg-Amarillo.jpg\",\"contentUrl\":\"https:\\\/\\\/it3d.com\\\/wp-content\\\/uploads\\\/2015\\\/09\\\/45-3D-GOLD-Filamento-ABS-1.75mm-1-Kg-Amarillo.jpg\",\"width\":423,\"height\":463,\"caption\":\"Abs colido 1.75mm 1kg amarillo\"},{\"@type\":\"BreadcrumbList\",\"@id\":\"https:\\\/\\\/it3d.com\\\/en\\\/tienda\\\/abs-colido-1-75mm-1kg-amarillo-2\\\/#breadcrumb\",\"itemListElement\":[{\"@type\":\"ListItem\",\"position\":1,\"name\":\"Portada\",\"item\":\"https:\\\/\\\/it3d.com\\\/en\\\/front-page-2\\\/\"},{\"@type\":\"ListItem\",\"position\":2,\"name\":\"Tienda\",\"item\":\"https:\\\/\\\/it3d.com\\\/tienda\\\/\"},{\"@type\":\"ListItem\",\"position\":3,\"name\":\"ABS CoLiDo 1.75mm 1kg Amarillo\"}]},{\"@type\":\"WebSite\",\"@id\":\"https:\\\/\\\/it3d.com\\\/en\\\/#website\",\"url\":\"https:\\\/\\\/it3d.com\\\/en\\\/\",\"name\":\"IT3D\",\"description\":\"Aplicaciones integrales de impresi\u00f3n 3D\",\"publisher\":{\"@id\":\"https:\\\/\\\/it3d.com\\\/en\\\/#organization\"},\"alternateName\":\"IT3D\",\"potentialAction\":[{\"@type\":\"SearchAction\",\"target\":{\"@type\":\"EntryPoint\",\"urlTemplate\":\"https:\\\/\\\/it3d.com\\\/en\\\/?s={search_term_string}\"},\"query-input\":{\"@type\":\"PropertyValueSpecification\",\"valueRequired\":true,\"valueName\":\"search_term_string\"}}],\"inLanguage\":\"en-US\"},{\"@type\":\"Organization\",\"@id\":\"https:\\\/\\\/it3d.com\\\/en\\\/#organization\",\"name\":\"IT3D Group\",\"alternateName\":\"IT3D\",\"url\":\"https:\\\/\\\/it3d.com\\\/en\\\/\",\"logo\":{\"@type\":\"ImageObject\",\"inLanguage\":\"en-US\",\"@id\":\"https:\\\/\\\/it3d.com\\\/en\\\/#\\\/schema\\\/logo\\\/image\\\/\",\"url\":\"https:\\\/\\\/it3d.com\\\/wp-content\\\/uploads\\\/2019\\\/10\\\/Logo-it3d-2019.png\",\"contentUrl\":\"https:\\\/\\\/it3d.com\\\/wp-content\\\/uploads\\\/2019\\\/10\\\/Logo-it3d-2019.png\",\"width\":1920,\"height\":1160,\"caption\":\"IT3D Group\"},\"image\":{\"@id\":\"https:\\\/\\\/it3d.com\\\/en\\\/#\\\/schema\\\/logo\\\/image\\\/\"}}]}<\/script>\n<!-- \/ Yoast SEO plugin. -->","yoast_head_json":{"title":"ABS CoLiDo 1.75mm 1kg Amarillo - IT3D","robots":{"index":"index","follow":"follow","max-snippet":"max-snippet:-1","max-image-preview":"max-image-preview:large","max-video-preview":"max-video-preview:-1"},"canonical":"https:\/\/it3d.com\/en\/tienda\/abs-colido-1-75mm-1kg-amarillo-2\/","og_locale":"en_US","og_type":"article","og_title":"ABS CoLiDo 1.75mm 1kg Amarillo - IT3D","og_description":"Fabricados con materia prima procedente de Estados Unidos. ABS ideal para aquellos trabajos que precisan de mayor durabilidad y que deben de soportar temperaturas superiores a 60 grados.","og_url":"https:\/\/it3d.com\/en\/tienda\/abs-colido-1-75mm-1kg-amarillo-2\/","og_site_name":"IT3D","article_modified_time":"2025-11-20T07:46:57+00:00","og_image":[{"width":423,"height":463,"url":"https:\/\/it3d.com\/wp-content\/uploads\/2015\/09\/45-3D-GOLD-Filamento-ABS-1.75mm-1-Kg-Amarillo.jpg","type":"image\/jpeg"}],"twitter_card":"summary_large_image","twitter_misc":{"Est. reading time":"1 minute"},"schema":{"@context":"https:\/\/schema.org","@graph":[{"@type":"WebPage","@id":"https:\/\/it3d.com\/en\/tienda\/abs-colido-1-75mm-1kg-amarillo-2\/","url":"https:\/\/it3d.com\/en\/tienda\/abs-colido-1-75mm-1kg-amarillo-2\/","name":"ABS CoLiDo 1.75mm 1kg Amarillo - IT3D","isPartOf":{"@id":"https:\/\/it3d.com\/en\/#website"},"primaryImageOfPage":{"@id":"https:\/\/it3d.com\/en\/tienda\/abs-colido-1-75mm-1kg-amarillo-2\/#primaryimage"},"image":{"@id":"https:\/\/it3d.com\/en\/tienda\/abs-colido-1-75mm-1kg-amarillo-2\/#primaryimage"},"thumbnailUrl":"https:\/\/it3d.com\/wp-content\/uploads\/2015\/09\/45-3D-GOLD-Filamento-ABS-1.75mm-1-Kg-Amarillo.jpg","datePublished":"2015-09-11T11:10:30+00:00","dateModified":"2025-11-20T07:46:57+00:00","breadcrumb":{"@id":"https:\/\/it3d.com\/en\/tienda\/abs-colido-1-75mm-1kg-amarillo-2\/#breadcrumb"},"inLanguage":"en-US","potentialAction":[{"@type":"ReadAction","target":["https:\/\/it3d.com\/en\/tienda\/abs-colido-1-75mm-1kg-amarillo-2\/"]}]},{"@type":"ImageObject","inLanguage":"en-US","@id":"https:\/\/it3d.com\/en\/tienda\/abs-colido-1-75mm-1kg-amarillo-2\/#primaryimage","url":"https:\/\/it3d.com\/wp-content\/uploads\/2015\/09\/45-3D-GOLD-Filamento-ABS-1.75mm-1-Kg-Amarillo.jpg","contentUrl":"https:\/\/it3d.com\/wp-content\/uploads\/2015\/09\/45-3D-GOLD-Filamento-ABS-1.75mm-1-Kg-Amarillo.jpg","width":423,"height":463,"caption":"Abs colido 1.75mm 1kg amarillo"},{"@type":"BreadcrumbList","@id":"https:\/\/it3d.com\/en\/tienda\/abs-colido-1-75mm-1kg-amarillo-2\/#breadcrumb","itemListElement":[{"@type":"ListItem","position":1,"name":"Portada","item":"https:\/\/it3d.com\/en\/front-page-2\/"},{"@type":"ListItem","position":2,"name":"Tienda","item":"https:\/\/it3d.com\/tienda\/"},{"@type":"ListItem","position":3,"name":"ABS CoLiDo 1.75mm 1kg Amarillo"}]},{"@type":"WebSite","@id":"https:\/\/it3d.com\/en\/#website","url":"https:\/\/it3d.com\/en\/","name":"IT3D","description":"Aplicaciones integrales de impresi\u00f3n 3D","publisher":{"@id":"https:\/\/it3d.com\/en\/#organization"},"alternateName":"IT3D","potentialAction":[{"@type":"SearchAction","target":{"@type":"EntryPoint","urlTemplate":"https:\/\/it3d.com\/en\/?s={search_term_string}"},"query-input":{"@type":"PropertyValueSpecification","valueRequired":true,"valueName":"search_term_string"}}],"inLanguage":"en-US"},{"@type":"Organization","@id":"https:\/\/it3d.com\/en\/#organization","name":"IT3D Group","alternateName":"IT3D","url":"https:\/\/it3d.com\/en\/","logo":{"@type":"ImageObject","inLanguage":"en-US","@id":"https:\/\/it3d.com\/en\/#\/schema\/logo\/image\/","url":"https:\/\/it3d.com\/wp-content\/uploads\/2019\/10\/Logo-it3d-2019.png","contentUrl":"https:\/\/it3d.com\/wp-content\/uploads\/2019\/10\/Logo-it3d-2019.png","width":1920,"height":1160,"caption":"IT3D Group"},"image":{"@id":"https:\/\/it3d.com\/en\/#\/schema\/logo\/image\/"}}]}},"_links":{"self":[{"href":"https:\/\/it3d.com\/en\/wp-json\/wp\/v2\/product\/62987","targetHints":{"allow":["GET"]}}],"collection":[{"href":"https:\/\/it3d.com\/en\/wp-json\/wp\/v2\/product"}],"about":[{"href":"https:\/\/it3d.com\/en\/wp-json\/wp\/v2\/types\/product"}],"replies":[{"embeddable":true,"href":"https:\/\/it3d.com\/en\/wp-json\/wp\/v2\/comments?post=62987"}],"wp:featuredmedia":[{"embeddable":true,"href":"https:\/\/it3d.com\/en\/wp-json\/wp\/v2\/media\/61516"}],"wp:attachment":[{"href":"https:\/\/it3d.com\/en\/wp-json\/wp\/v2\/media?parent=62987"}],"wp:term":[{"taxonomy":"product_brand","embeddable":true,"href":"https:\/\/it3d.com\/en\/wp-json\/wp\/v2\/product_brand?post=62987"},{"taxonomy":"product_cat","embeddable":true,"href":"https:\/\/it3d.com\/en\/wp-json\/wp\/v2\/product_cat?post=62987"},{"taxonomy":"product_tag","embeddable":true,"href":"https:\/\/it3d.com\/en\/wp-json\/wp\/v2\/product_tag?post=62987"}],"curies":[{"name":"wp","href":"https:\/\/api.w.org\/{rel}","templated":true}]}}