{"id":62976,"date":"2015-08-31T11:39:00","date_gmt":"2015-08-31T09:39:00","guid":{"rendered":"https:\/\/it3d.com\/producto\/filamento-pla-negro\/"},"modified":"2026-04-23T11:00:47","modified_gmt":"2026-04-23T09:00:47","slug":"pla-colido-175mm-1kg-negro","status":"publish","type":"product","link":"https:\/\/it3d.com\/en\/tienda\/pla-colido-175mm-1kg-negro\/","title":{"rendered":"PLA Colido 1,75mm 1kg Negro"},"content":{"rendered":"<p><strong><strong>Fabricados con materia prima procedente de Estados Unidos.<\/strong><span id=\"transmark\"><\/span><\/strong><\/p>\n<p><strong>PLA<\/strong> habitualmente utilizado para productos destinados al sector educativo, dom\u00e9stico, o como modo de iniciarse en el mundo maker y que no tengan que soportar temperaturas superiores a 60 grados.<br \/>\nLos filamentos originales <strong>PLA<\/strong> de <strong>CoLiDo<\/strong> son sometidos a un estricto proceso de producci\u00f3n que asegura la m\u00e1s alta calidad, con un di\u00e1metro estable en toda la bobina certificado mil\u00edmetro a mil\u00edmetro por un exhaustivo y exclusivo test l\u00e1ser. Estos sistemas de control de calidad certifican, adem\u00e1s, que nos encontramos ante un filamento \u201cbubble free\u201d, por lo que los acabados de nuestras impresiones no presentar\u00e1n irregularidades en su superficie.<br \/>\nEl uso conjunto de las impresoras <strong>CoLiDo<\/strong> con la gama de filamentos originales <strong>CoLiDo<\/strong>, permiten una adherencia a la plataforma de producci\u00f3n sin aditamentos qu\u00edmicos, gracias al cristal patentado de la plataforma.<\/p>\n","protected":false},"excerpt":{"rendered":"<p>Este filamento PLA de calidad GOLD, est\u00e1 indicado para su uso en impresoras 3D que vayan a imprimir en colegios o en ambientes cerrados.<\/p>\n","protected":false},"featured_media":61461,"comment_status":"closed","ping_status":"closed","template":"","meta":{"content-type":"","generate_page_header":"","iawp_total_views":58},"product_brand":[367],"product_cat":[293,269,285],"product_tag":[],"class_list":{"0":"post-62976","1":"product","2":"type-product","3":"status-publish","4":"has-post-thumbnail","6":"product_brand-colido","7":"product_cat-basicos-pla","8":"product_cat-filamentos-3d","9":"product_cat-pla","10":"no-featured-image-padding","11":"resize-featured-image","12":"sales-flash-overlay","13":"woocommerce-text-align-center","14":"woocommerce-image-align-center","15":"do-quantity-buttons","17":"first","18":"instock","19":"taxable","20":"shipping-taxable","21":"purchasable","22":"product-type-simple"},"exclude_global_add_ons":[],"addons":[],"yoast_head":"<!-- This site is optimized with the Yoast SEO plugin v27.4 - https:\/\/yoast.com\/product\/yoast-seo-wordpress\/ -->\n<title>PLA Colido 1,75mm 1kg Negro - IT3D<\/title>\n<meta name=\"robots\" content=\"index, follow, max-snippet:-1, max-image-preview:large, max-video-preview:-1\" \/>\n<link rel=\"canonical\" href=\"https:\/\/it3d.com\/en\/tienda\/pla-colido-175mm-1kg-negro\/\" \/>\n<meta property=\"og:locale\" content=\"en_US\" \/>\n<meta property=\"og:type\" content=\"article\" \/>\n<meta property=\"og:title\" content=\"PLA Colido 1,75mm 1kg Negro - IT3D\" \/>\n<meta property=\"og:description\" content=\"Este filamento PLA de calidad GOLD, est\u00e1 indicado para su uso en impresoras 3D que vayan a imprimir en colegios o en ambientes cerrados.\" \/>\n<meta property=\"og:url\" content=\"https:\/\/it3d.com\/en\/tienda\/pla-colido-175mm-1kg-negro\/\" \/>\n<meta property=\"og:site_name\" content=\"IT3D\" \/>\n<meta property=\"article:modified_time\" content=\"2026-04-23T09:00:47+00:00\" \/>\n<meta property=\"og:image\" content=\"https:\/\/it3d.com\/wp-content\/uploads\/2015\/08\/32-FILAMENTO-PLA-NEGRO.jpg\" \/>\n\t<meta property=\"og:image:width\" content=\"423\" \/>\n\t<meta property=\"og:image:height\" content=\"463\" \/>\n\t<meta property=\"og:image:type\" content=\"image\/jpeg\" \/>\n<meta name=\"twitter:card\" content=\"summary_large_image\" \/>\n<meta name=\"twitter:label1\" content=\"Est. reading time\" \/>\n\t<meta name=\"twitter:data1\" content=\"1 minute\" \/>\n<script type=\"application\/ld+json\" class=\"yoast-schema-graph\">{\"@context\":\"https:\\\/\\\/schema.org\",\"@graph\":[{\"@type\":\"WebPage\",\"@id\":\"https:\\\/\\\/it3d.com\\\/en\\\/tienda\\\/pla-colido-175mm-1kg-negro\\\/\",\"url\":\"https:\\\/\\\/it3d.com\\\/en\\\/tienda\\\/pla-colido-175mm-1kg-negro\\\/\",\"name\":\"PLA Colido 1,75mm 1kg Negro - IT3D\",\"isPartOf\":{\"@id\":\"https:\\\/\\\/it3d.com\\\/en\\\/#website\"},\"primaryImageOfPage\":{\"@id\":\"https:\\\/\\\/it3d.com\\\/en\\\/tienda\\\/pla-colido-175mm-1kg-negro\\\/#primaryimage\"},\"image\":{\"@id\":\"https:\\\/\\\/it3d.com\\\/en\\\/tienda\\\/pla-colido-175mm-1kg-negro\\\/#primaryimage\"},\"thumbnailUrl\":\"https:\\\/\\\/it3d.com\\\/wp-content\\\/uploads\\\/2015\\\/08\\\/32-FILAMENTO-PLA-NEGRO.jpg\",\"datePublished\":\"2015-08-31T09:39:00+00:00\",\"dateModified\":\"2026-04-23T09:00:47+00:00\",\"breadcrumb\":{\"@id\":\"https:\\\/\\\/it3d.com\\\/en\\\/tienda\\\/pla-colido-175mm-1kg-negro\\\/#breadcrumb\"},\"inLanguage\":\"en-US\",\"potentialAction\":[{\"@type\":\"ReadAction\",\"target\":[\"https:\\\/\\\/it3d.com\\\/en\\\/tienda\\\/pla-colido-175mm-1kg-negro\\\/\"]}]},{\"@type\":\"ImageObject\",\"inLanguage\":\"en-US\",\"@id\":\"https:\\\/\\\/it3d.com\\\/en\\\/tienda\\\/pla-colido-175mm-1kg-negro\\\/#primaryimage\",\"url\":\"https:\\\/\\\/it3d.com\\\/wp-content\\\/uploads\\\/2015\\\/08\\\/32-FILAMENTO-PLA-NEGRO.jpg\",\"contentUrl\":\"https:\\\/\\\/it3d.com\\\/wp-content\\\/uploads\\\/2015\\\/08\\\/32-FILAMENTO-PLA-NEGRO.jpg\",\"width\":423,\"height\":463,\"caption\":\"Pla colido 1,75mm 1kg negro\"},{\"@type\":\"BreadcrumbList\",\"@id\":\"https:\\\/\\\/it3d.com\\\/en\\\/tienda\\\/pla-colido-175mm-1kg-negro\\\/#breadcrumb\",\"itemListElement\":[{\"@type\":\"ListItem\",\"position\":1,\"name\":\"Portada\",\"item\":\"https:\\\/\\\/it3d.com\\\/en\\\/front-page-2\\\/\"},{\"@type\":\"ListItem\",\"position\":2,\"name\":\"Tienda\",\"item\":\"https:\\\/\\\/it3d.com\\\/tienda\\\/\"},{\"@type\":\"ListItem\",\"position\":3,\"name\":\"PLA Colido 1,75mm 1kg Negro\"}]},{\"@type\":\"WebSite\",\"@id\":\"https:\\\/\\\/it3d.com\\\/en\\\/#website\",\"url\":\"https:\\\/\\\/it3d.com\\\/en\\\/\",\"name\":\"IT3D\",\"description\":\"Aplicaciones integrales de impresi\u00f3n 3D\",\"publisher\":{\"@id\":\"https:\\\/\\\/it3d.com\\\/en\\\/#organization\"},\"alternateName\":\"IT3D\",\"potentialAction\":[{\"@type\":\"SearchAction\",\"target\":{\"@type\":\"EntryPoint\",\"urlTemplate\":\"https:\\\/\\\/it3d.com\\\/en\\\/?s={search_term_string}\"},\"query-input\":{\"@type\":\"PropertyValueSpecification\",\"valueRequired\":true,\"valueName\":\"search_term_string\"}}],\"inLanguage\":\"en-US\"},{\"@type\":\"Organization\",\"@id\":\"https:\\\/\\\/it3d.com\\\/en\\\/#organization\",\"name\":\"IT3D Group\",\"alternateName\":\"IT3D\",\"url\":\"https:\\\/\\\/it3d.com\\\/en\\\/\",\"logo\":{\"@type\":\"ImageObject\",\"inLanguage\":\"en-US\",\"@id\":\"https:\\\/\\\/it3d.com\\\/en\\\/#\\\/schema\\\/logo\\\/image\\\/\",\"url\":\"https:\\\/\\\/it3d.com\\\/wp-content\\\/uploads\\\/2019\\\/10\\\/Logo-it3d-2019.png\",\"contentUrl\":\"https:\\\/\\\/it3d.com\\\/wp-content\\\/uploads\\\/2019\\\/10\\\/Logo-it3d-2019.png\",\"width\":1920,\"height\":1160,\"caption\":\"IT3D Group\"},\"image\":{\"@id\":\"https:\\\/\\\/it3d.com\\\/en\\\/#\\\/schema\\\/logo\\\/image\\\/\"}}]}<\/script>\n<!-- \/ Yoast SEO plugin. -->","yoast_head_json":{"title":"PLA Colido 1,75mm 1kg Negro - IT3D","robots":{"index":"index","follow":"follow","max-snippet":"max-snippet:-1","max-image-preview":"max-image-preview:large","max-video-preview":"max-video-preview:-1"},"canonical":"https:\/\/it3d.com\/en\/tienda\/pla-colido-175mm-1kg-negro\/","og_locale":"en_US","og_type":"article","og_title":"PLA Colido 1,75mm 1kg Negro - IT3D","og_description":"Este filamento PLA de calidad GOLD, est\u00e1 indicado para su uso en impresoras 3D que vayan a imprimir en colegios o en ambientes cerrados.","og_url":"https:\/\/it3d.com\/en\/tienda\/pla-colido-175mm-1kg-negro\/","og_site_name":"IT3D","article_modified_time":"2026-04-23T09:00:47+00:00","og_image":[{"width":423,"height":463,"url":"https:\/\/it3d.com\/wp-content\/uploads\/2015\/08\/32-FILAMENTO-PLA-NEGRO.jpg","type":"image\/jpeg"}],"twitter_card":"summary_large_image","twitter_misc":{"Est. reading time":"1 minute"},"schema":{"@context":"https:\/\/schema.org","@graph":[{"@type":"WebPage","@id":"https:\/\/it3d.com\/en\/tienda\/pla-colido-175mm-1kg-negro\/","url":"https:\/\/it3d.com\/en\/tienda\/pla-colido-175mm-1kg-negro\/","name":"PLA Colido 1,75mm 1kg Negro - IT3D","isPartOf":{"@id":"https:\/\/it3d.com\/en\/#website"},"primaryImageOfPage":{"@id":"https:\/\/it3d.com\/en\/tienda\/pla-colido-175mm-1kg-negro\/#primaryimage"},"image":{"@id":"https:\/\/it3d.com\/en\/tienda\/pla-colido-175mm-1kg-negro\/#primaryimage"},"thumbnailUrl":"https:\/\/it3d.com\/wp-content\/uploads\/2015\/08\/32-FILAMENTO-PLA-NEGRO.jpg","datePublished":"2015-08-31T09:39:00+00:00","dateModified":"2026-04-23T09:00:47+00:00","breadcrumb":{"@id":"https:\/\/it3d.com\/en\/tienda\/pla-colido-175mm-1kg-negro\/#breadcrumb"},"inLanguage":"en-US","potentialAction":[{"@type":"ReadAction","target":["https:\/\/it3d.com\/en\/tienda\/pla-colido-175mm-1kg-negro\/"]}]},{"@type":"ImageObject","inLanguage":"en-US","@id":"https:\/\/it3d.com\/en\/tienda\/pla-colido-175mm-1kg-negro\/#primaryimage","url":"https:\/\/it3d.com\/wp-content\/uploads\/2015\/08\/32-FILAMENTO-PLA-NEGRO.jpg","contentUrl":"https:\/\/it3d.com\/wp-content\/uploads\/2015\/08\/32-FILAMENTO-PLA-NEGRO.jpg","width":423,"height":463,"caption":"Pla colido 1,75mm 1kg negro"},{"@type":"BreadcrumbList","@id":"https:\/\/it3d.com\/en\/tienda\/pla-colido-175mm-1kg-negro\/#breadcrumb","itemListElement":[{"@type":"ListItem","position":1,"name":"Portada","item":"https:\/\/it3d.com\/en\/front-page-2\/"},{"@type":"ListItem","position":2,"name":"Tienda","item":"https:\/\/it3d.com\/tienda\/"},{"@type":"ListItem","position":3,"name":"PLA Colido 1,75mm 1kg Negro"}]},{"@type":"WebSite","@id":"https:\/\/it3d.com\/en\/#website","url":"https:\/\/it3d.com\/en\/","name":"IT3D","description":"Aplicaciones integrales de impresi\u00f3n 3D","publisher":{"@id":"https:\/\/it3d.com\/en\/#organization"},"alternateName":"IT3D","potentialAction":[{"@type":"SearchAction","target":{"@type":"EntryPoint","urlTemplate":"https:\/\/it3d.com\/en\/?s={search_term_string}"},"query-input":{"@type":"PropertyValueSpecification","valueRequired":true,"valueName":"search_term_string"}}],"inLanguage":"en-US"},{"@type":"Organization","@id":"https:\/\/it3d.com\/en\/#organization","name":"IT3D Group","alternateName":"IT3D","url":"https:\/\/it3d.com\/en\/","logo":{"@type":"ImageObject","inLanguage":"en-US","@id":"https:\/\/it3d.com\/en\/#\/schema\/logo\/image\/","url":"https:\/\/it3d.com\/wp-content\/uploads\/2019\/10\/Logo-it3d-2019.png","contentUrl":"https:\/\/it3d.com\/wp-content\/uploads\/2019\/10\/Logo-it3d-2019.png","width":1920,"height":1160,"caption":"IT3D Group"},"image":{"@id":"https:\/\/it3d.com\/en\/#\/schema\/logo\/image\/"}}]}},"_links":{"self":[{"href":"https:\/\/it3d.com\/en\/wp-json\/wp\/v2\/product\/62976","targetHints":{"allow":["GET"]}}],"collection":[{"href":"https:\/\/it3d.com\/en\/wp-json\/wp\/v2\/product"}],"about":[{"href":"https:\/\/it3d.com\/en\/wp-json\/wp\/v2\/types\/product"}],"replies":[{"embeddable":true,"href":"https:\/\/it3d.com\/en\/wp-json\/wp\/v2\/comments?post=62976"}],"wp:featuredmedia":[{"embeddable":true,"href":"https:\/\/it3d.com\/en\/wp-json\/wp\/v2\/media\/61461"}],"wp:attachment":[{"href":"https:\/\/it3d.com\/en\/wp-json\/wp\/v2\/media?parent=62976"}],"wp:term":[{"taxonomy":"product_brand","embeddable":true,"href":"https:\/\/it3d.com\/en\/wp-json\/wp\/v2\/product_brand?post=62976"},{"taxonomy":"product_cat","embeddable":true,"href":"https:\/\/it3d.com\/en\/wp-json\/wp\/v2\/product_cat?post=62976"},{"taxonomy":"product_tag","embeddable":true,"href":"https:\/\/it3d.com\/en\/wp-json\/wp\/v2\/product_tag?post=62976"}],"curies":[{"name":"wp","href":"https:\/\/api.w.org\/{rel}","templated":true}]}}