{"id":62972,"date":"2015-08-31T11:28:39","date_gmt":"2015-08-31T09:28:39","guid":{"rendered":"https:\/\/it3d.com\/producto\/filamento-madera\/"},"modified":"2025-11-19T23:33:40","modified_gmt":"2025-11-19T22:33:40","slug":"wood-pla-colido-1-75mm-1kg-madera","status":"publish","type":"product","link":"https:\/\/it3d.com\/en\/tienda\/wood-pla-colido-1-75mm-1kg-madera\/","title":{"rendered":"Wood-PLA Colido 1.75mm 1kg Madera"},"content":{"rendered":"<p>Sin duda estamos ante una de las maravillas de los filamentos originales <strong>CoLiDo<\/strong>. En su proceso de fabricaci\u00f3n se a\u00f1aden peque\u00f1os filamentos de madera y un pol\u00edmero especial que recrean el acabado y textura de una superficie de madera.<br \/>\nEste proceso, adem\u00e1s, sigue contando con los exhaustivos procesos de calidad de toda la gama de filamentos originales <strong>CoLiDo<\/strong>. Por lo tanto, obtenemos un filamento que asegura un di\u00e1metro constante a lo largo de toda la bobina, un filamento con una cromaticidad estable y un filamento \u201cbubble free\u201d. Todo ello asegura un acabado de nuestras impresiones innovador, original y de alta definici\u00f3n.<br \/>\nEl filamento original <strong>CoLiDo WOOD<\/strong> es la mejor opci\u00f3n para estudios de dise\u00f1o, arquitectura y sector educativo.<\/p>\n","protected":false},"excerpt":{"rendered":"<p><strong>Fabricados con materia prima procendete de Estados Unidos<span id=\"transmark\"><\/span><\/strong><\/p>\n<p>Sin duda estamos ante una de las maravillas de los filamentos originales <strong>CoLiDo<\/strong>. En su proceso de fabricaci\u00f3n se a\u00f1aden peque\u00f1os filamentos de madera y un pol\u00edmero especial que recrean el acabado y textura de una superficie de madera.<\/p>\n","protected":false},"featured_media":61441,"comment_status":"closed","ping_status":"closed","template":"","meta":{"content-type":"","generate_page_header":"","iawp_total_views":13},"product_brand":[367],"product_cat":[269,298,285],"product_tag":[],"class_list":{"0":"post-62972","1":"product","2":"type-product","3":"status-publish","4":"has-post-thumbnail","6":"product_brand-colido","7":"product_cat-filamentos-3d","8":"product_cat-madera","9":"product_cat-pla","10":"no-featured-image-padding","11":"resize-featured-image","12":"sales-flash-overlay","13":"woocommerce-text-align-center","14":"woocommerce-image-align-center","15":"do-quantity-buttons","17":"first","18":"instock","19":"taxable","20":"shipping-taxable","21":"purchasable","22":"product-type-simple"},"exclude_global_add_ons":[],"addons":[],"yoast_head":"<!-- This site is optimized with the Yoast SEO plugin v27.4 - https:\/\/yoast.com\/product\/yoast-seo-wordpress\/ -->\n<title>Wood-PLA Colido 1.75mm 1kg Madera - IT3D<\/title>\n<meta name=\"robots\" content=\"index, follow, max-snippet:-1, max-image-preview:large, max-video-preview:-1\" \/>\n<link rel=\"canonical\" href=\"https:\/\/it3d.com\/en\/tienda\/wood-pla-colido-1-75mm-1kg-madera\/\" \/>\n<meta property=\"og:locale\" content=\"en_US\" \/>\n<meta property=\"og:type\" content=\"article\" \/>\n<meta property=\"og:title\" content=\"Wood-PLA Colido 1.75mm 1kg Madera - IT3D\" \/>\n<meta property=\"og:description\" content=\"Fabricados con materia prima procendete de Estados Unidos  Sin duda estamos ante una de las maravillas de los filamentos originales CoLiDo. En su proceso de fabricaci\u00f3n se a\u00f1aden peque\u00f1os filamentos de madera y un pol\u00edmero especial que recrean el acabado y textura de una superficie de madera.\" \/>\n<meta property=\"og:url\" content=\"https:\/\/it3d.com\/en\/tienda\/wood-pla-colido-1-75mm-1kg-madera\/\" \/>\n<meta property=\"og:site_name\" content=\"IT3D\" \/>\n<meta property=\"article:modified_time\" content=\"2025-11-19T22:33:40+00:00\" \/>\n<meta property=\"og:image\" content=\"https:\/\/it3d.com\/wp-content\/uploads\/2015\/08\/29-Filamento-Madera.jpg\" \/>\n\t<meta property=\"og:image:width\" content=\"423\" \/>\n\t<meta property=\"og:image:height\" content=\"463\" \/>\n\t<meta property=\"og:image:type\" content=\"image\/jpeg\" \/>\n<meta name=\"twitter:card\" content=\"summary_large_image\" \/>\n<meta name=\"twitter:label1\" content=\"Est. reading time\" \/>\n\t<meta name=\"twitter:data1\" content=\"1 minute\" \/>\n<script type=\"application\/ld+json\" class=\"yoast-schema-graph\">{\"@context\":\"https:\\\/\\\/schema.org\",\"@graph\":[{\"@type\":\"WebPage\",\"@id\":\"https:\\\/\\\/it3d.com\\\/en\\\/tienda\\\/wood-pla-colido-1-75mm-1kg-madera\\\/\",\"url\":\"https:\\\/\\\/it3d.com\\\/en\\\/tienda\\\/wood-pla-colido-1-75mm-1kg-madera\\\/\",\"name\":\"Wood-PLA Colido 1.75mm 1kg Madera - IT3D\",\"isPartOf\":{\"@id\":\"https:\\\/\\\/it3d.com\\\/en\\\/#website\"},\"primaryImageOfPage\":{\"@id\":\"https:\\\/\\\/it3d.com\\\/en\\\/tienda\\\/wood-pla-colido-1-75mm-1kg-madera\\\/#primaryimage\"},\"image\":{\"@id\":\"https:\\\/\\\/it3d.com\\\/en\\\/tienda\\\/wood-pla-colido-1-75mm-1kg-madera\\\/#primaryimage\"},\"thumbnailUrl\":\"https:\\\/\\\/it3d.com\\\/wp-content\\\/uploads\\\/2015\\\/08\\\/29-Filamento-Madera.jpg\",\"datePublished\":\"2015-08-31T09:28:39+00:00\",\"dateModified\":\"2025-11-19T22:33:40+00:00\",\"breadcrumb\":{\"@id\":\"https:\\\/\\\/it3d.com\\\/en\\\/tienda\\\/wood-pla-colido-1-75mm-1kg-madera\\\/#breadcrumb\"},\"inLanguage\":\"en-US\",\"potentialAction\":[{\"@type\":\"ReadAction\",\"target\":[\"https:\\\/\\\/it3d.com\\\/en\\\/tienda\\\/wood-pla-colido-1-75mm-1kg-madera\\\/\"]}]},{\"@type\":\"ImageObject\",\"inLanguage\":\"en-US\",\"@id\":\"https:\\\/\\\/it3d.com\\\/en\\\/tienda\\\/wood-pla-colido-1-75mm-1kg-madera\\\/#primaryimage\",\"url\":\"https:\\\/\\\/it3d.com\\\/wp-content\\\/uploads\\\/2015\\\/08\\\/29-Filamento-Madera.jpg\",\"contentUrl\":\"https:\\\/\\\/it3d.com\\\/wp-content\\\/uploads\\\/2015\\\/08\\\/29-Filamento-Madera.jpg\",\"width\":423,\"height\":463,\"caption\":\"Wood-pla colido 1.75mm 1kg madera\"},{\"@type\":\"BreadcrumbList\",\"@id\":\"https:\\\/\\\/it3d.com\\\/en\\\/tienda\\\/wood-pla-colido-1-75mm-1kg-madera\\\/#breadcrumb\",\"itemListElement\":[{\"@type\":\"ListItem\",\"position\":1,\"name\":\"Portada\",\"item\":\"https:\\\/\\\/it3d.com\\\/en\\\/front-page-2\\\/\"},{\"@type\":\"ListItem\",\"position\":2,\"name\":\"Tienda\",\"item\":\"https:\\\/\\\/it3d.com\\\/tienda\\\/\"},{\"@type\":\"ListItem\",\"position\":3,\"name\":\"Wood-PLA Colido 1.75mm 1kg Madera\"}]},{\"@type\":\"WebSite\",\"@id\":\"https:\\\/\\\/it3d.com\\\/en\\\/#website\",\"url\":\"https:\\\/\\\/it3d.com\\\/en\\\/\",\"name\":\"IT3D\",\"description\":\"Aplicaciones integrales de impresi\u00f3n 3D\",\"publisher\":{\"@id\":\"https:\\\/\\\/it3d.com\\\/en\\\/#organization\"},\"alternateName\":\"IT3D\",\"potentialAction\":[{\"@type\":\"SearchAction\",\"target\":{\"@type\":\"EntryPoint\",\"urlTemplate\":\"https:\\\/\\\/it3d.com\\\/en\\\/?s={search_term_string}\"},\"query-input\":{\"@type\":\"PropertyValueSpecification\",\"valueRequired\":true,\"valueName\":\"search_term_string\"}}],\"inLanguage\":\"en-US\"},{\"@type\":\"Organization\",\"@id\":\"https:\\\/\\\/it3d.com\\\/en\\\/#organization\",\"name\":\"IT3D Group\",\"alternateName\":\"IT3D\",\"url\":\"https:\\\/\\\/it3d.com\\\/en\\\/\",\"logo\":{\"@type\":\"ImageObject\",\"inLanguage\":\"en-US\",\"@id\":\"https:\\\/\\\/it3d.com\\\/en\\\/#\\\/schema\\\/logo\\\/image\\\/\",\"url\":\"https:\\\/\\\/it3d.com\\\/wp-content\\\/uploads\\\/2019\\\/10\\\/Logo-it3d-2019.png\",\"contentUrl\":\"https:\\\/\\\/it3d.com\\\/wp-content\\\/uploads\\\/2019\\\/10\\\/Logo-it3d-2019.png\",\"width\":1920,\"height\":1160,\"caption\":\"IT3D Group\"},\"image\":{\"@id\":\"https:\\\/\\\/it3d.com\\\/en\\\/#\\\/schema\\\/logo\\\/image\\\/\"}}]}<\/script>\n<!-- \/ Yoast SEO plugin. -->","yoast_head_json":{"title":"Wood-PLA Colido 1.75mm 1kg Madera - IT3D","robots":{"index":"index","follow":"follow","max-snippet":"max-snippet:-1","max-image-preview":"max-image-preview:large","max-video-preview":"max-video-preview:-1"},"canonical":"https:\/\/it3d.com\/en\/tienda\/wood-pla-colido-1-75mm-1kg-madera\/","og_locale":"en_US","og_type":"article","og_title":"Wood-PLA Colido 1.75mm 1kg Madera - IT3D","og_description":"Fabricados con materia prima procendete de Estados Unidos  Sin duda estamos ante una de las maravillas de los filamentos originales CoLiDo. En su proceso de fabricaci\u00f3n se a\u00f1aden peque\u00f1os filamentos de madera y un pol\u00edmero especial que recrean el acabado y textura de una superficie de madera.","og_url":"https:\/\/it3d.com\/en\/tienda\/wood-pla-colido-1-75mm-1kg-madera\/","og_site_name":"IT3D","article_modified_time":"2025-11-19T22:33:40+00:00","og_image":[{"width":423,"height":463,"url":"https:\/\/it3d.com\/wp-content\/uploads\/2015\/08\/29-Filamento-Madera.jpg","type":"image\/jpeg"}],"twitter_card":"summary_large_image","twitter_misc":{"Est. reading time":"1 minute"},"schema":{"@context":"https:\/\/schema.org","@graph":[{"@type":"WebPage","@id":"https:\/\/it3d.com\/en\/tienda\/wood-pla-colido-1-75mm-1kg-madera\/","url":"https:\/\/it3d.com\/en\/tienda\/wood-pla-colido-1-75mm-1kg-madera\/","name":"Wood-PLA Colido 1.75mm 1kg Madera - IT3D","isPartOf":{"@id":"https:\/\/it3d.com\/en\/#website"},"primaryImageOfPage":{"@id":"https:\/\/it3d.com\/en\/tienda\/wood-pla-colido-1-75mm-1kg-madera\/#primaryimage"},"image":{"@id":"https:\/\/it3d.com\/en\/tienda\/wood-pla-colido-1-75mm-1kg-madera\/#primaryimage"},"thumbnailUrl":"https:\/\/it3d.com\/wp-content\/uploads\/2015\/08\/29-Filamento-Madera.jpg","datePublished":"2015-08-31T09:28:39+00:00","dateModified":"2025-11-19T22:33:40+00:00","breadcrumb":{"@id":"https:\/\/it3d.com\/en\/tienda\/wood-pla-colido-1-75mm-1kg-madera\/#breadcrumb"},"inLanguage":"en-US","potentialAction":[{"@type":"ReadAction","target":["https:\/\/it3d.com\/en\/tienda\/wood-pla-colido-1-75mm-1kg-madera\/"]}]},{"@type":"ImageObject","inLanguage":"en-US","@id":"https:\/\/it3d.com\/en\/tienda\/wood-pla-colido-1-75mm-1kg-madera\/#primaryimage","url":"https:\/\/it3d.com\/wp-content\/uploads\/2015\/08\/29-Filamento-Madera.jpg","contentUrl":"https:\/\/it3d.com\/wp-content\/uploads\/2015\/08\/29-Filamento-Madera.jpg","width":423,"height":463,"caption":"Wood-pla colido 1.75mm 1kg madera"},{"@type":"BreadcrumbList","@id":"https:\/\/it3d.com\/en\/tienda\/wood-pla-colido-1-75mm-1kg-madera\/#breadcrumb","itemListElement":[{"@type":"ListItem","position":1,"name":"Portada","item":"https:\/\/it3d.com\/en\/front-page-2\/"},{"@type":"ListItem","position":2,"name":"Tienda","item":"https:\/\/it3d.com\/tienda\/"},{"@type":"ListItem","position":3,"name":"Wood-PLA Colido 1.75mm 1kg Madera"}]},{"@type":"WebSite","@id":"https:\/\/it3d.com\/en\/#website","url":"https:\/\/it3d.com\/en\/","name":"IT3D","description":"Aplicaciones integrales de impresi\u00f3n 3D","publisher":{"@id":"https:\/\/it3d.com\/en\/#organization"},"alternateName":"IT3D","potentialAction":[{"@type":"SearchAction","target":{"@type":"EntryPoint","urlTemplate":"https:\/\/it3d.com\/en\/?s={search_term_string}"},"query-input":{"@type":"PropertyValueSpecification","valueRequired":true,"valueName":"search_term_string"}}],"inLanguage":"en-US"},{"@type":"Organization","@id":"https:\/\/it3d.com\/en\/#organization","name":"IT3D Group","alternateName":"IT3D","url":"https:\/\/it3d.com\/en\/","logo":{"@type":"ImageObject","inLanguage":"en-US","@id":"https:\/\/it3d.com\/en\/#\/schema\/logo\/image\/","url":"https:\/\/it3d.com\/wp-content\/uploads\/2019\/10\/Logo-it3d-2019.png","contentUrl":"https:\/\/it3d.com\/wp-content\/uploads\/2019\/10\/Logo-it3d-2019.png","width":1920,"height":1160,"caption":"IT3D Group"},"image":{"@id":"https:\/\/it3d.com\/en\/#\/schema\/logo\/image\/"}}]}},"_links":{"self":[{"href":"https:\/\/it3d.com\/en\/wp-json\/wp\/v2\/product\/62972","targetHints":{"allow":["GET"]}}],"collection":[{"href":"https:\/\/it3d.com\/en\/wp-json\/wp\/v2\/product"}],"about":[{"href":"https:\/\/it3d.com\/en\/wp-json\/wp\/v2\/types\/product"}],"replies":[{"embeddable":true,"href":"https:\/\/it3d.com\/en\/wp-json\/wp\/v2\/comments?post=62972"}],"wp:featuredmedia":[{"embeddable":true,"href":"https:\/\/it3d.com\/en\/wp-json\/wp\/v2\/media\/61441"}],"wp:attachment":[{"href":"https:\/\/it3d.com\/en\/wp-json\/wp\/v2\/media?parent=62972"}],"wp:term":[{"taxonomy":"product_brand","embeddable":true,"href":"https:\/\/it3d.com\/en\/wp-json\/wp\/v2\/product_brand?post=62972"},{"taxonomy":"product_cat","embeddable":true,"href":"https:\/\/it3d.com\/en\/wp-json\/wp\/v2\/product_cat?post=62972"},{"taxonomy":"product_tag","embeddable":true,"href":"https:\/\/it3d.com\/en\/wp-json\/wp\/v2\/product_tag?post=62972"}],"curies":[{"name":"wp","href":"https:\/\/api.w.org\/{rel}","templated":true}]}}