{"id":1496,"date":"2019-09-27T10:49:53","date_gmt":"2019-09-27T10:49:53","guid":{"rendered":"https:\/\/it3d.com\/?page_id=1496"},"modified":"2019-09-27T10:51:59","modified_gmt":"2019-09-27T10:51:59","slug":"events","status":"publish","type":"page","link":"https:\/\/it3d.com\/en\/events\/","title":{"rendered":"Events"},"content":{"rendered":"\t\t<div data-elementor-type=\"wp-page\" data-elementor-id=\"1496\" class=\"elementor elementor-1496 elementor-1443\" data-elementor-post-type=\"page\">\n\t\t\t\t\t\t<section class=\"elementor-section elementor-top-section elementor-element elementor-element-29caeba2 elementor-section-boxed elementor-section-height-default elementor-section-height-default\" data-id=\"29caeba2\" data-element_type=\"section\" data-e-type=\"section\">\n\t\t\t\t\t\t<div class=\"elementor-container elementor-column-gap-default\">\n\t\t\t\t\t<div class=\"elementor-column elementor-col-100 elementor-top-column elementor-element elementor-element-32b65a2f\" data-id=\"32b65a2f\" data-element_type=\"column\" data-e-type=\"column\">\n\t\t\t<div class=\"elementor-widget-wrap elementor-element-populated\">\n\t\t\t\t\t\t<div class=\"elementor-element elementor-element-2315aa8a elementor-widget elementor-widget-heading\" data-id=\"2315aa8a\" data-element_type=\"widget\" data-e-type=\"widget\" data-widget_type=\"heading.default\">\n\t\t\t\t<div class=\"elementor-widget-container\">\n\t\t\t\t\t<h1 class=\"elementor-heading-title elementor-size-default\">Events<\/h1>\t\t\t\t<\/div>\n\t\t\t\t<\/div>\n\t\t\t\t<div class=\"elementor-element elementor-element-5e1e6842 elementor-widget elementor-widget-heading\" data-id=\"5e1e6842\" data-element_type=\"widget\" data-e-type=\"widget\" data-widget_type=\"heading.default\">\n\t\t\t\t<div class=\"elementor-widget-container\">\n\t\t\t\t\t<span class=\"elementor-heading-title elementor-size-medium\">We would love to chat with you at upcoming events!<\/span>\t\t\t\t<\/div>\n\t\t\t\t<\/div>\n\t\t\t\t\t<\/div>\n\t\t<\/div>\n\t\t\t\t\t<\/div>\n\t\t<\/section>\n\t\t\t\t<section class=\"elementor-section elementor-top-section elementor-element elementor-element-53af39a3 elementor-section-boxed elementor-section-height-default elementor-section-height-default\" data-id=\"53af39a3\" data-element_type=\"section\" data-e-type=\"section\">\n\t\t\t\t\t\t<div class=\"elementor-container elementor-column-gap-default\">\n\t\t\t\t\t<div class=\"elementor-column elementor-col-100 elementor-top-column elementor-element elementor-element-7fdcc0db\" data-id=\"7fdcc0db\" data-element_type=\"column\" data-e-type=\"column\" data-settings=\"{&quot;background_background&quot;:&quot;classic&quot;}\">\n\t\t\t<div class=\"elementor-widget-wrap elementor-element-populated\">\n\t\t\t\t\t\t<div class=\"elementor-element elementor-element-6bae490 elementor-widget elementor-widget-heading\" data-id=\"6bae490\" data-element_type=\"widget\" data-e-type=\"widget\" data-widget_type=\"heading.default\">\n\t\t\t\t<div class=\"elementor-widget-container\">\n\t\t\t\t\t<h2 class=\"elementor-heading-title elementor-size-medium\">Request your ticket<\/h2>\t\t\t\t<\/div>\n\t\t\t\t<\/div>\n\t\t\t\t<div class=\"elementor-element elementor-element-7ddf5ae3 elementor-widget elementor-widget-heading\" data-id=\"7ddf5ae3\" data-element_type=\"widget\" data-e-type=\"widget\" data-widget_type=\"heading.default\">\n\t\t\t\t<div class=\"elementor-widget-container\">\n\t\t\t\t\t<p class=\"elementor-heading-title elementor-size-default\">Fill out the form below and we will contact you shortly.<\/p>\t\t\t\t<\/div>\n\t\t\t\t<\/div>\n\t\t\t\t<div class=\"elementor-element elementor-element-14883fc6 elementor-widget elementor-widget-html\" data-id=\"14883fc6\" data-element_type=\"widget\" data-e-type=\"widget\" data-widget_type=\"html.default\">\n\t\t\t\t<div class=\"elementor-widget-container\">\n\t\t\t\t\t\t\t\t\t<\/div>\n\t\t\t\t<\/div>\n\t\t\t\t<div class=\"elementor-element elementor-element-32dee6fb elementor-widget elementor-widget-text-editor\" data-id=\"32dee6fb\" data-element_type=\"widget\" data-e-type=\"widget\" data-widget_type=\"text-editor.default\">\n\t\t\t\t<div class=\"elementor-widget-container\">\n\t\t\t\t\t\t\t\t\t<h5 style=\"margin-bottom: 4px; margin-top: 4px; color: # 2e2e2e; font-size: 11px;\">Basic Data Protection Information:<\/h5>\n<div style=\"font-size: 11px;\">\n<p style=\"margin-bottom: 5px;\"><strong> Responsible: <\/strong> INTERNATIONAL TECHNOLOGY 3D PRINTERS SL (IT3DP)<\/p>\n<p style=\"margin-bottom: 5px;\"><strong> Main purpose: <\/strong> Attend and answer the communications or requests received.<\/p>\n<p style=\"margin-bottom: 5px;\"><strong> Main Legitimation: <\/strong> Legitimate interest of INTERNATIONAL TECHNOLOGY 3D PRINTERS SL in answering your questions.<\/p>\n<p style=\"margin-bottom: 5px;\"><strong> Additional Purposes: <\/strong> Manage the sending of the INTERNATIONAL TECHNOLOGY 3D PRINTERS SL newsletter or newsletter. You have the right to withdraw consent at any time. INTERNATIONAL TECHNOLOGY 3D PRINTERS SL.<\/p>\n<p style=\"margin-bottom: 5px;\"><strong> Additional Legitimations: <\/strong> The treatment is based on the consent requested in the web form for that purpose.<\/p>\n<p style=\"margin-bottom: 5px;\"><strong> Recipients: <\/strong> Hosting services and Computer consulting services.<\/p>\n<p style=\"margin-bottom: 5px;\"><strong> International Transfers: <\/strong> No international data transfers are made outside the EU.<\/p>\n<p style=\"margin-bottom: 5px;\"><strong> Rights: <\/strong> Access, rectify and delete data, as well as other rights, as explained in the additional information.<\/p>\n<p style=\"margin-bottom: 5px;\"><strong> Additional information: <\/strong> You can access detailed treatment information on our website: <a href=\"https:\/\/it3d.com\/en\/privacy-policy\/\">https:\/\/it3d.com\/en\/privacy-policy\/<\/a><\/p>\n\n<\/div>\t\t\t\t\t\t\t\t<\/div>\n\t\t\t\t<\/div>\n\t\t\t\t\t<\/div>\n\t\t<\/div>\n\t\t\t\t\t<\/div>\n\t\t<\/section>\n\t\t\t\t<section class=\"elementor-section elementor-top-section elementor-element elementor-element-50ca5616 elementor-hidden-desktop elementor-hidden-tablet elementor-hidden-phone elementor-section-boxed elementor-section-height-default elementor-section-height-default\" data-id=\"50ca5616\" data-element_type=\"section\" data-e-type=\"section\">\n\t\t\t\t\t\t<div class=\"elementor-container elementor-column-gap-default\">\n\t\t\t\t\t<div class=\"elementor-column elementor-col-50 elementor-top-column elementor-element elementor-element-162db202\" data-id=\"162db202\" data-element_type=\"column\" data-e-type=\"column\" data-settings=\"{&quot;background_background&quot;:&quot;classic&quot;}\">\n\t\t\t<div class=\"elementor-widget-wrap elementor-element-populated\">\n\t\t\t\t\t<div class=\"elementor-background-overlay\"><\/div>\n\t\t\t\t\t\t<div class=\"elementor-element elementor-element-555cc00a elementor-widget elementor-widget-heading\" data-id=\"555cc00a\" data-element_type=\"widget\" data-e-type=\"widget\" data-widget_type=\"heading.default\">\n\t\t\t\t<div class=\"elementor-widget-container\">\n\t\t\t\t\t<h2 class=\"elementor-heading-title elementor-size-medium\">Pr\u00f3ximos eventos<\/h2>\t\t\t\t<\/div>\n\t\t\t\t<\/div>\n\t\t\t\t<section class=\"elementor-section elementor-inner-section elementor-element elementor-element-2d9e547f elementor-section-boxed elementor-section-height-default elementor-section-height-default\" data-id=\"2d9e547f\" data-element_type=\"section\" data-e-type=\"section\" data-settings=\"{&quot;background_background&quot;:&quot;classic&quot;}\">\n\t\t\t\t\t\t<div class=\"elementor-container elementor-column-gap-wide\">\n\t\t\t\t\t<div class=\"elementor-column elementor-col-100 elementor-inner-column elementor-element elementor-element-84bc507\" data-id=\"84bc507\" data-element_type=\"column\" data-e-type=\"column\" data-settings=\"{&quot;background_background&quot;:&quot;classic&quot;}\">\n\t\t\t<div class=\"elementor-widget-wrap\">\n\t\t\t\t\t<div class=\"elementor-background-overlay\"><\/div>\n\t\t\t\t\t\t\t<\/div>\n\t\t<\/div>\n\t\t\t\t\t<\/div>\n\t\t<\/section>\n\t\t\t\t<section class=\"elementor-section elementor-inner-section elementor-element elementor-element-7492e2e elementor-section-boxed elementor-section-height-default elementor-section-height-default\" data-id=\"7492e2e\" data-element_type=\"section\" data-e-type=\"section\" data-settings=\"{&quot;background_background&quot;:&quot;classic&quot;}\">\n\t\t\t\t\t\t<div class=\"elementor-container elementor-column-gap-no\">\n\t\t\t\t\t<div class=\"elementor-column elementor-col-100 elementor-inner-column elementor-element elementor-element-57d4a3c2\" data-id=\"57d4a3c2\" data-element_type=\"column\" data-e-type=\"column\" data-settings=\"{&quot;background_background&quot;:&quot;classic&quot;}\">\n\t\t\t<div class=\"elementor-widget-wrap elementor-element-populated\">\n\t\t\t\t\t\t<div class=\"elementor-element elementor-element-21613c8c elementor-widget elementor-widget-heading\" data-id=\"21613c8c\" data-element_type=\"widget\" data-e-type=\"widget\" data-widget_type=\"heading.default\">\n\t\t\t\t<div class=\"elementor-widget-container\">\n\t\t\t\t\t<h2 class=\"elementor-heading-title elementor-size-default\">SIMO<\/h2>\t\t\t\t<\/div>\n\t\t\t\t<\/div>\n\t\t\t\t\t<\/div>\n\t\t<\/div>\n\t\t\t\t\t<\/div>\n\t\t<\/section>\n\t\t\t\t\t<\/div>\n\t\t<\/div>\n\t\t\t\t<div class=\"elementor-column elementor-col-50 elementor-top-column elementor-element elementor-element-1a6565b5\" data-id=\"1a6565b5\" data-element_type=\"column\" data-e-type=\"column\" data-settings=\"{&quot;background_background&quot;:&quot;classic&quot;}\">\n\t\t\t<div class=\"elementor-widget-wrap elementor-element-populated\">\n\t\t\t\t\t\t<div class=\"elementor-element elementor-element-60cf3776 elementor-widget elementor-widget-heading\" data-id=\"60cf3776\" data-element_type=\"widget\" data-e-type=\"widget\" data-widget_type=\"heading.default\">\n\t\t\t\t<div class=\"elementor-widget-container\">\n\t\t\t\t\t<h2 class=\"elementor-heading-title elementor-size-medium\">Solicita tu entrada<\/h2>\t\t\t\t<\/div>\n\t\t\t\t<\/div>\n\t\t\t\t<div class=\"elementor-element elementor-element-677dfe0b elementor-widget elementor-widget-heading\" data-id=\"677dfe0b\" data-element_type=\"widget\" data-e-type=\"widget\" data-widget_type=\"heading.default\">\n\t\t\t\t<div class=\"elementor-widget-container\">\n\t\t\t\t\t<p class=\"elementor-heading-title elementor-size-default\">Rellena el siguiente  formulario y en breve nos pondremos en contacto contigo.<\/p>\t\t\t\t<\/div>\n\t\t\t\t<\/div>\n\t\t\t\t<div class=\"elementor-element elementor-element-1ec9507 elementor-widget elementor-widget-html\" data-id=\"1ec9507\" data-element_type=\"widget\" data-e-type=\"widget\" data-widget_type=\"html.default\">\n\t\t\t\t<div class=\"elementor-widget-container\">\n\t\t\t\t\t\t\t\t\t<\/div>\n\t\t\t\t<\/div>\n\t\t\t\t<div class=\"elementor-element elementor-element-e71694e elementor-widget elementor-widget-text-editor\" data-id=\"e71694e\" data-element_type=\"widget\" data-e-type=\"widget\" data-widget_type=\"text-editor.default\">\n\t\t\t\t<div class=\"elementor-widget-container\">\n\t\t\t\t\t\t\t\t\t<h5 style=\"margin-bottom: 4px; margin-top: 4px; color: #2e2e2e; font-size: 11px;\">Informaci\u00f3n b\u00e1sica sobre Protecci\u00f3n de Datos:<\/h5><div style=\"font-size: 11px;\"><p style=\"margin-bottom: 5px;\"><strong>Responsable: <\/strong>INTERNATIONAL TECHNOLOGY 3D PRINTERS SL (IT3DP)<\/p><p style=\"margin-bottom: 5px;\"><strong>Finalidad principal: <\/strong>Atender y contestar las comunicaciones o solicitudes recibidas.<\/p><p style=\"margin-bottom: 5px;\"><strong>Legitimaci\u00f3n Principal: <\/strong>Inter\u00e9s leg\u00edtimo de INTERNATIONAL TECHNOLOGY 3D PRINTERS SL en atender tus consultas.<\/p><p style=\"margin-bottom: 5px;\"><strong>Finalidades Adicionales: <\/strong>Gestionar el envio de la newsletter o bolet\u00edn de noticias de INTERNATIONAL TECHNOLOGY 3D PRINTERS SL. Tienes derecho a retirar el consentimiento en cualquier momento. INTERNATIONAL TECHNOLOGY 3D PRINTERS SL.<\/p><p style=\"margin-bottom: 5px;\"><strong>Legitimaciones Adicionales: <\/strong>El tratamiento est\u00e1 basada en el consentimiento que se le solicita en el formulario web al efecto.<\/p><p style=\"margin-bottom: 5px;\"><strong>Destinatarios: <\/strong>Servicios de alojamiento hosting y Servicios de consultor\u00eda inform\u00e1tica.<\/p><p style=\"margin-bottom: 5px;\"><strong>Transferencias Internacionales: <\/strong>No se realizan trasferencias internacionales de datos fuera de la UE.<\/p><p style=\"margin-bottom: 5px;\"><strong>Derechos: <\/strong>Acceder, rectificar y suprimir los datos, as\u00ed como otros derechos, como se explica en la informaci\u00f3n adicional.<\/p><p style=\"margin-bottom: 5px;\"><strong>Informaci\u00f3n adicional: <\/strong>Puede acceder a la informaci\u00f3n detallada del tratamiento en nuestra p\u00e1gina web: <a href=\"https:\/\/it3d.com\/politica-privacidad\">https:\/\/it3d.com\/politica-privacidad<\/a><\/p><\/div>\t\t\t\t\t\t\t\t<\/div>\n\t\t\t\t<\/div>\n\t\t\t\t\t<\/div>\n\t\t<\/div>\n\t\t\t\t\t<\/div>\n\t\t<\/section>\n\t\t\t\t<\/div>\n\t\t","protected":false},"excerpt":{"rendered":"<p>Events We would love to chat with you at upcoming events! Request your ticket Fill out the form below and we will contact you shortly. &#8230; <a title=\"Events\" class=\"read-more\" href=\"https:\/\/it3d.com\/en\/events\/\" aria-label=\"Read more about Events\">Read more&#8230;<\/a><\/p>\n","protected":false},"author":3321,"featured_media":0,"parent":0,"menu_order":0,"comment_status":"closed","ping_status":"closed","template":"","meta":{"content-type":"","generate_page_header":"","iawp_total_views":0,"footnotes":""},"class_list":{"0":"post-1496","1":"page","2":"type-page","3":"status-publish","5":"no-featured-image-padding"},"yoast_head":"<!-- This site is optimized with the Yoast SEO plugin v27.4 - https:\/\/yoast.com\/product\/yoast-seo-wordpress\/ -->\n<title>Events | IT3D<\/title>\n<meta name=\"description\" content=\"Events We would love to chat with you at upcoming events! Request your ticket Fill out the form below and we will contact you shortly. Basic Data\" \/>\n<meta name=\"robots\" content=\"index, follow, max-snippet:-1, max-image-preview:large, max-video-preview:-1\" \/>\n<link rel=\"canonical\" href=\"https:\/\/it3d.com\/en\/events\/\" \/>\n<meta property=\"og:locale\" content=\"en_US\" \/>\n<meta property=\"og:type\" content=\"article\" \/>\n<meta property=\"og:title\" content=\"Events | IT3D\" \/>\n<meta property=\"og:description\" content=\"Events We would love to chat with you at upcoming events! Request your ticket Fill out the form below and we will contact you shortly. Basic Data\" \/>\n<meta property=\"og:url\" content=\"https:\/\/it3d.com\/en\/events\/\" \/>\n<meta property=\"og:site_name\" content=\"IT3D\" \/>\n<meta property=\"article:modified_time\" content=\"2019-09-27T10:51:59+00:00\" \/>\n<meta name=\"twitter:card\" content=\"summary_large_image\" \/>\n<meta name=\"twitter:label1\" content=\"Est. reading time\" \/>\n\t<meta name=\"twitter:data1\" content=\"2 minutes\" \/>\n<script type=\"application\/ld+json\" class=\"yoast-schema-graph\">{\"@context\":\"https:\\\/\\\/schema.org\",\"@graph\":[{\"@type\":\"WebPage\",\"@id\":\"https:\\\/\\\/it3d.com\\\/en\\\/events\\\/\",\"url\":\"https:\\\/\\\/it3d.com\\\/en\\\/events\\\/\",\"name\":\"Events | IT3D\",\"isPartOf\":{\"@id\":\"https:\\\/\\\/it3d.com\\\/en\\\/#website\"},\"datePublished\":\"2019-09-27T10:49:53+00:00\",\"dateModified\":\"2019-09-27T10:51:59+00:00\",\"description\":\"Events We would love to chat with you at upcoming events! Request your ticket Fill out the form below and we will contact you shortly. Basic Data\",\"breadcrumb\":{\"@id\":\"https:\\\/\\\/it3d.com\\\/en\\\/events\\\/#breadcrumb\"},\"inLanguage\":\"en-US\",\"potentialAction\":[{\"@type\":\"ReadAction\",\"target\":[\"https:\\\/\\\/it3d.com\\\/en\\\/events\\\/\"]}]},{\"@type\":\"BreadcrumbList\",\"@id\":\"https:\\\/\\\/it3d.com\\\/en\\\/events\\\/#breadcrumb\",\"itemListElement\":[{\"@type\":\"ListItem\",\"position\":1,\"name\":\"Portada\",\"item\":\"https:\\\/\\\/it3d.com\\\/en\\\/front-page-2\\\/\"},{\"@type\":\"ListItem\",\"position\":2,\"name\":\"Events\"}]},{\"@type\":\"WebSite\",\"@id\":\"https:\\\/\\\/it3d.com\\\/en\\\/#website\",\"url\":\"https:\\\/\\\/it3d.com\\\/en\\\/\",\"name\":\"IT3D\",\"description\":\"Aplicaciones integrales de impresi\u00f3n 3D\",\"publisher\":{\"@id\":\"https:\\\/\\\/it3d.com\\\/en\\\/#organization\"},\"alternateName\":\"IT3D\",\"potentialAction\":[{\"@type\":\"SearchAction\",\"target\":{\"@type\":\"EntryPoint\",\"urlTemplate\":\"https:\\\/\\\/it3d.com\\\/en\\\/?s={search_term_string}\"},\"query-input\":{\"@type\":\"PropertyValueSpecification\",\"valueRequired\":true,\"valueName\":\"search_term_string\"}}],\"inLanguage\":\"en-US\"},{\"@type\":\"Organization\",\"@id\":\"https:\\\/\\\/it3d.com\\\/en\\\/#organization\",\"name\":\"IT3D Group\",\"alternateName\":\"IT3D\",\"url\":\"https:\\\/\\\/it3d.com\\\/en\\\/\",\"logo\":{\"@type\":\"ImageObject\",\"inLanguage\":\"en-US\",\"@id\":\"https:\\\/\\\/it3d.com\\\/en\\\/#\\\/schema\\\/logo\\\/image\\\/\",\"url\":\"https:\\\/\\\/it3d.com\\\/wp-content\\\/uploads\\\/2019\\\/10\\\/Logo-it3d-2019.png\",\"contentUrl\":\"https:\\\/\\\/it3d.com\\\/wp-content\\\/uploads\\\/2019\\\/10\\\/Logo-it3d-2019.png\",\"width\":1920,\"height\":1160,\"caption\":\"IT3D Group\"},\"image\":{\"@id\":\"https:\\\/\\\/it3d.com\\\/en\\\/#\\\/schema\\\/logo\\\/image\\\/\"}}]}<\/script>\n<!-- \/ Yoast SEO plugin. -->","yoast_head_json":{"title":"Events | IT3D","description":"Events We would love to chat with you at upcoming events! Request your ticket Fill out the form below and we will contact you shortly. Basic Data","robots":{"index":"index","follow":"follow","max-snippet":"max-snippet:-1","max-image-preview":"max-image-preview:large","max-video-preview":"max-video-preview:-1"},"canonical":"https:\/\/it3d.com\/en\/events\/","og_locale":"en_US","og_type":"article","og_title":"Events | IT3D","og_description":"Events We would love to chat with you at upcoming events! Request your ticket Fill out the form below and we will contact you shortly. Basic Data","og_url":"https:\/\/it3d.com\/en\/events\/","og_site_name":"IT3D","article_modified_time":"2019-09-27T10:51:59+00:00","twitter_card":"summary_large_image","twitter_misc":{"Est. reading time":"2 minutes"},"schema":{"@context":"https:\/\/schema.org","@graph":[{"@type":"WebPage","@id":"https:\/\/it3d.com\/en\/events\/","url":"https:\/\/it3d.com\/en\/events\/","name":"Events | IT3D","isPartOf":{"@id":"https:\/\/it3d.com\/en\/#website"},"datePublished":"2019-09-27T10:49:53+00:00","dateModified":"2019-09-27T10:51:59+00:00","description":"Events We would love to chat with you at upcoming events! Request your ticket Fill out the form below and we will contact you shortly. Basic Data","breadcrumb":{"@id":"https:\/\/it3d.com\/en\/events\/#breadcrumb"},"inLanguage":"en-US","potentialAction":[{"@type":"ReadAction","target":["https:\/\/it3d.com\/en\/events\/"]}]},{"@type":"BreadcrumbList","@id":"https:\/\/it3d.com\/en\/events\/#breadcrumb","itemListElement":[{"@type":"ListItem","position":1,"name":"Portada","item":"https:\/\/it3d.com\/en\/front-page-2\/"},{"@type":"ListItem","position":2,"name":"Events"}]},{"@type":"WebSite","@id":"https:\/\/it3d.com\/en\/#website","url":"https:\/\/it3d.com\/en\/","name":"IT3D","description":"Aplicaciones integrales de impresi\u00f3n 3D","publisher":{"@id":"https:\/\/it3d.com\/en\/#organization"},"alternateName":"IT3D","potentialAction":[{"@type":"SearchAction","target":{"@type":"EntryPoint","urlTemplate":"https:\/\/it3d.com\/en\/?s={search_term_string}"},"query-input":{"@type":"PropertyValueSpecification","valueRequired":true,"valueName":"search_term_string"}}],"inLanguage":"en-US"},{"@type":"Organization","@id":"https:\/\/it3d.com\/en\/#organization","name":"IT3D Group","alternateName":"IT3D","url":"https:\/\/it3d.com\/en\/","logo":{"@type":"ImageObject","inLanguage":"en-US","@id":"https:\/\/it3d.com\/en\/#\/schema\/logo\/image\/","url":"https:\/\/it3d.com\/wp-content\/uploads\/2019\/10\/Logo-it3d-2019.png","contentUrl":"https:\/\/it3d.com\/wp-content\/uploads\/2019\/10\/Logo-it3d-2019.png","width":1920,"height":1160,"caption":"IT3D Group"},"image":{"@id":"https:\/\/it3d.com\/en\/#\/schema\/logo\/image\/"}}]}},"_links":{"self":[{"href":"https:\/\/it3d.com\/en\/wp-json\/wp\/v2\/pages\/1496","targetHints":{"allow":["GET"]}}],"collection":[{"href":"https:\/\/it3d.com\/en\/wp-json\/wp\/v2\/pages"}],"about":[{"href":"https:\/\/it3d.com\/en\/wp-json\/wp\/v2\/types\/page"}],"author":[{"embeddable":true,"href":"https:\/\/it3d.com\/en\/wp-json\/wp\/v2\/users\/3321"}],"replies":[{"embeddable":true,"href":"https:\/\/it3d.com\/en\/wp-json\/wp\/v2\/comments?post=1496"}],"version-history":[{"count":0,"href":"https:\/\/it3d.com\/en\/wp-json\/wp\/v2\/pages\/1496\/revisions"}],"wp:attachment":[{"href":"https:\/\/it3d.com\/en\/wp-json\/wp\/v2\/media?parent=1496"}],"curies":[{"name":"wp","href":"https:\/\/api.w.org\/{rel}","templated":true}]}}